{"id":38567,"date":"2021-02-16T12:23:25","date_gmt":"2021-02-16T11:23:25","guid":{"rendered":"https:\/\/dev.yuveo.eu\/dr-daphnie-schumann-averkiou\/"},"modified":"2025-08-12T12:23:39","modified_gmt":"2025-08-12T10:23:39","slug":"dr-daphnie-schumann-averkiou","status":"publish","type":"page","link":"https:\/\/www.yuveo.de\/nl\/dr-daphnie-schumann-averkiou\/","title":{"rendered":"Dr. Daphnie Schumann-Averkiou"},"content":{"rendered":"\t\t<div data-elementor-type=\"wp-page\" data-elementor-id=\"38567\" class=\"elementor elementor-38567 elementor-13515\" data-elementor-post-type=\"page\">\n\t\t\t\t\t\t<section class=\"elementor-section elementor-top-section elementor-element elementor-element-1068a6de elementor-reverse-tablet elementor-reverse-mobile elementor-section-boxed elementor-section-height-default elementor-section-height-default\" data-id=\"1068a6de\" data-element_type=\"section\" data-e-type=\"section\">\n\t\t\t\t\t\t<div class=\"elementor-container elementor-column-gap-default\">\n\t\t\t\t\t<div class=\"elementor-column elementor-col-50 elementor-top-column elementor-element elementor-element-9ff0ba0\" data-id=\"9ff0ba0\" data-element_type=\"column\" data-e-type=\"column\">\n\t\t\t<div class=\"elementor-widget-wrap elementor-element-populated\">\n\t\t\t\t\t\t<div class=\"elementor-element elementor-element-327924fc elementor-widget elementor-widget-text-editor\" data-id=\"327924fc\" data-element_type=\"widget\" data-e-type=\"widget\" data-widget_type=\"text-editor.default\">\n\t\t\t\t<div class=\"elementor-widget-container\">\n\t\t\t\t\t\t\t\t\t<p>Dr. Schumann-Averkiou is een chirurg met hart en ziel. Als medeoprichter van de YUVEO KLINIK D\u00fcsseldorf is de individuele en gespecialiseerde zorg voor haar pati\u00ebnten bijzonder belangrijk voor haar. Haar persoonlijke doel is om haar pati\u00ebnten de best mogelijke behandeling te bieden en hen zo een stukje van hun levenskwaliteit terug te geven.  <\/p>\t\t\t\t\t\t\t\t<\/div>\n\t\t\t\t<\/div>\n\t\t\t\t<div class=\"elementor-element elementor-element-7695f34c elementor-widget elementor-widget-heading\" data-id=\"7695f34c\" data-element_type=\"widget\" data-e-type=\"widget\" data-widget_type=\"heading.default\">\n\t\t\t\t<div class=\"elementor-widget-container\">\n\t\t\t\t\t<h2 class=\"elementor-heading-title elementor-size-default\">Onderwijs<\/h2>\t\t\t\t<\/div>\n\t\t\t\t<\/div>\n\t\t\t\t<div class=\"elementor-element elementor-element-608e3df9 elementor-widget elementor-widget-text-editor\" data-id=\"608e3df9\" data-element_type=\"widget\" data-e-type=\"widget\" data-widget_type=\"text-editor.default\">\n\t\t\t\t<div class=\"elementor-widget-container\">\n\t\t\t\t\t\t\t\t\t<p>Dr. Daphnie Schumann-Averkiou studeerde <strong>geneeskunde<\/strong> aan de Heinrich Heine Universiteit in D\u00fcsseldorf en aan de Universiteit van Zuid-Californi\u00eb in Los Angeles, VS. Na haar studie kwalificeerde ze zich als <strong>specialist algemene chirurgie<\/strong> in D\u00fcsseldorf. <\/p><p>Dr. Schumann-Averkiou voltooide eerst haar opleiding tot <strong>specialist in hand-, plastische en esthetische chirurgie<\/strong> met een door de staat erkend examen op de afdeling <a href=\"https:\/\/www.yuveo.de\/nl\/handchirurgie-duesseldorf\/\">hand-<\/a>, <a href=\"https:\/\/www.yuveo.de\/nl\/lexikon\/plastische-chirurgie\/\">plastische<\/a> en esthetische chirurgie onder leiding van Dr. Reimer Hoffman in Oldenburg en Dr. Kurt Steffens in Essen-Kupferdreh &#8211; de laatste jaren in het academisch ziekenhuis Witten\/Herdecke, de kliniek voor plastische en esthetische chirurgie van het ziekenhuis Keulen-Merheim, Handchirurgie &#8211; Centrum voor ernstig brandwondenletsel.<\/p><p>In de jaren daarna volgde ze ook een opleiding tot door de staat erkend <strong>handchirurg<\/strong>.<\/p><p>Dr. Daphnie Schumann-Averkiou heeft een uitstekende theoretische en chirurgische ervaring opgedaan in verschillende gerenommeerde klinieken in Duitsland en bestrijkt een zeer breed spectrum op het gebied van hand-, plastische en esthetische chirurgie.<\/p><p>Ze neemt regelmatig deel aan congressen, trainingen en bijeenkomsten van deskundigen in Duitsland en daarbuiten.<\/p>\t\t\t\t\t\t\t\t<\/div>\n\t\t\t\t<\/div>\n\t\t\t\t\t<\/div>\n\t\t<\/div>\n\t\t\t\t<div class=\"elementor-column elementor-col-50 elementor-top-column elementor-element elementor-element-543e4f6b\" data-id=\"543e4f6b\" data-element_type=\"column\" data-e-type=\"column\">\n\t\t\t<div class=\"elementor-widget-wrap elementor-element-populated\">\n\t\t\t\t\t\t<div class=\"elementor-element elementor-element-f0025bc elementor-widget elementor-widget-image\" data-id=\"f0025bc\" data-element_type=\"widget\" data-e-type=\"widget\" data-widget_type=\"image.default\">\n\t\t\t\t<div class=\"elementor-widget-container\">\n\t\t\t\t\t\t\t\t\t\t\t\t\t\t\t<img fetchpriority=\"high\" decoding=\"async\" width=\"568\" height=\"700\" src=\"https:\/\/www.yuveo.de\/wp-content\/uploads\/2021\/02\/dr-averkiou-daphnie-plastische-chirurgie-10371w.jpg\" class=\"attachment-large size-large wp-image-37264\" alt=\"Dr. Daphnie Schumann-Averkiou, Plastische Chirurgin\" srcset=\"https:\/\/www.yuveo.de\/wp-content\/uploads\/2021\/02\/dr-averkiou-daphnie-plastische-chirurgie-10371w.jpg 568w, https:\/\/www.yuveo.de\/wp-content\/uploads\/2021\/02\/dr-averkiou-daphnie-plastische-chirurgie-10371w-243x300.jpg 243w\" sizes=\"(max-width: 568px) 100vw, 568px\" \/>\t\t\t\t\t\t\t\t\t\t\t\t\t\t\t<\/div>\n\t\t\t\t<\/div>\n\t\t\t\t\t<\/div>\n\t\t<\/div>\n\t\t\t\t\t<\/div>\n\t\t<\/section>\n\t\t\t\t<\/div>\n\t\t","protected":false},"excerpt":{"rendered":"<p>Dr. Schumann-Averkiou is een chirurg met hart en ziel. Als medeoprichter van de YUVEO KLINIK D\u00fcsseldorf is de individuele en gespecialiseerde zorg voor haar pati\u00ebnten bijzonder belangrijk voor haar. Haar persoonlijke doel is om haar pati\u00ebnten de best mogelijke behandeling te bieden en hen zo een stukje van hun levenskwaliteit terug te geven. Onderwijs Dr. [&hellip;]<\/p>\n","protected":false},"author":1,"featured_media":0,"parent":0,"menu_order":0,"comment_status":"closed","ping_status":"closed","template":"","meta":{"_acf_changed":false,"footnotes":""},"class_list":["post-38567","page","type-page","status-publish","hentry"],"acf":[],"_links":{"self":[{"href":"https:\/\/www.yuveo.de\/nl\/wp-json\/wp\/v2\/pages\/38567","targetHints":{"allow":["GET"]}}],"collection":[{"href":"https:\/\/www.yuveo.de\/nl\/wp-json\/wp\/v2\/pages"}],"about":[{"href":"https:\/\/www.yuveo.de\/nl\/wp-json\/wp\/v2\/types\/page"}],"author":[{"embeddable":true,"href":"https:\/\/www.yuveo.de\/nl\/wp-json\/wp\/v2\/users\/1"}],"replies":[{"embeddable":true,"href":"https:\/\/www.yuveo.de\/nl\/wp-json\/wp\/v2\/comments?post=38567"}],"version-history":[{"count":2,"href":"https:\/\/www.yuveo.de\/nl\/wp-json\/wp\/v2\/pages\/38567\/revisions"}],"predecessor-version":[{"id":40988,"href":"https:\/\/www.yuveo.de\/nl\/wp-json\/wp\/v2\/pages\/38567\/revisions\/40988"}],"wp:attachment":[{"href":"https:\/\/www.yuveo.de\/nl\/wp-json\/wp\/v2\/media?parent=38567"}],"curies":[{"name":"wp","href":"https:\/\/api.w.org\/{rel}","templated":true}]}}