{"id":38174,"date":"2021-02-16T09:16:34","date_gmt":"2021-02-16T08:16:34","guid":{"rendered":"https:\/\/dev.yuveo.eu\/op\/lichaam\/"},"modified":"2025-07-17T08:16:50","modified_gmt":"2025-07-17T06:16:50","slug":"lichaam","status":"publish","type":"page","link":"https:\/\/www.yuveo.de\/nl\/op\/lichaam\/","title":{"rendered":"Lichaam"},"content":{"rendered":"\t\t<div data-elementor-type=\"wp-page\" data-elementor-id=\"38174\" class=\"elementor elementor-38174 elementor-13299\" data-elementor-post-type=\"page\">\n\t\t\t\t<div class=\"elementor-element elementor-element-6e1d9d7 e-flex e-con-boxed e-con e-parent\" data-id=\"6e1d9d7\" data-element_type=\"container\" data-e-type=\"container\">\n\t\t\t\t\t<div class=\"e-con-inner\">\n\t\t\t\t<div class=\"elementor-element elementor-element-93d84f2 elementor-posts--thumbnail-none elementor-grid-3 elementor-grid-tablet-2 elementor-grid-mobile-1 elementor-widget elementor-widget-posts\" data-id=\"93d84f2\" data-element_type=\"widget\" data-e-type=\"widget\" data-settings=\"{&quot;classic_row_gap&quot;:{&quot;unit&quot;:&quot;px&quot;,&quot;size&quot;:50,&quot;sizes&quot;:[]},&quot;classic_columns&quot;:&quot;3&quot;,&quot;classic_columns_tablet&quot;:&quot;2&quot;,&quot;classic_columns_mobile&quot;:&quot;1&quot;,&quot;classic_row_gap_tablet&quot;:{&quot;unit&quot;:&quot;px&quot;,&quot;size&quot;:&quot;&quot;,&quot;sizes&quot;:[]},&quot;classic_row_gap_mobile&quot;:{&quot;unit&quot;:&quot;px&quot;,&quot;size&quot;:&quot;&quot;,&quot;sizes&quot;:[]}}\" data-widget_type=\"posts.classic\">\n\t\t\t\t<div class=\"elementor-widget-container\">\n\t\t\t\t\t\t\t<div class=\"elementor-posts-container elementor-posts elementor-posts--skin-classic elementor-grid\" role=\"list\">\n\t\t\t\t<article class=\"elementor-post elementor-grid-item post-38452 page type-page status-publish hentry\" role=\"listitem\">\n\t\t\t\t<div class=\"elementor-post__text\">\n\t\t\t\t<h3 class=\"elementor-post__title\">\n\t\t\t<a href=\"https:\/\/www.yuveo.de\/nl\/op\/lichaam\/kuitverkleining\/\">\n\t\t\t\tKuitverkleining\t\t\t<\/a>\n\t\t<\/h3>\n\t\t\t\t<div class=\"elementor-post__excerpt\">\n\t\t\t<p>In vergelijking met borstvergroting, borstverkleining, buikwandcorrectie enz. speelt een kuitverkleining een ondergeschikte rol in de plastische chirurgie. Toch zijn er veel mensen (meestal vrouwen) die<\/p>\n\t\t<\/div>\n\t\t\n\t\t<a class=\"elementor-post__read-more\" href=\"https:\/\/www.yuveo.de\/nl\/op\/lichaam\/kuitverkleining\/\" aria-label=\"Lees meer over Kuitverkleining\" tabindex=\"-1\">\n\t\t\tLees meer \"\t\t<\/a>\n\n\t\t\t\t<\/div>\n\t\t\t\t<\/article>\n\t\t\t\t<article class=\"elementor-post elementor-grid-item post-38444 page type-page status-publish hentry\" role=\"listitem\">\n\t\t\t\t<div class=\"elementor-post__text\">\n\t\t\t\t<h3 class=\"elementor-post__title\">\n\t\t\t<a href=\"https:\/\/www.yuveo.de\/nl\/op\/lichaam\/kuitvergroting\/\">\n\t\t\t\tKuitvergroting\t\t\t<\/a>\n\t\t<\/h3>\n\t\t\t\t<div class=\"elementor-post__excerpt\">\n\t\t\t<p>Op deze pagina vindt u informatie over chirurgische en niet-chirurgische kuitvergrotingsprocedures. We informeren je over welke vormen mogelijk zijn en leggen de procedure graag aan<\/p>\n\t\t<\/div>\n\t\t\n\t\t<a class=\"elementor-post__read-more\" href=\"https:\/\/www.yuveo.de\/nl\/op\/lichaam\/kuitvergroting\/\" aria-label=\"Lees meer over Kuitvergroting\" tabindex=\"-1\">\n\t\t\tLees meer \"\t\t<\/a>\n\n\t\t\t\t<\/div>\n\t\t\t\t<\/article>\n\t\t\t\t<article class=\"elementor-post elementor-grid-item post-38435 page type-page status-publish hentry\" role=\"listitem\">\n\t\t\t\t<div class=\"elementor-post__text\">\n\t\t\t\t<h3 class=\"elementor-post__title\">\n\t\t\t<a href=\"https:\/\/www.yuveo.de\/nl\/op\/lichaam\/kuitcorrectie\/\">\n\t\t\t\tKuitcorrectie\t\t\t<\/a>\n\t\t<\/h3>\n\t\t\t\t<div class=\"elementor-post__excerpt\">\n\t\t\t<p>In dit artikel vindt u informatie over chirurgische en niet-chirurgische kuitcorrectie(kuitvergroting of -verkleining, kuitchirurgie) in de Yuveo-kliniek in D\u00fcsseldorf. Hier beantwoorden we je vragen over<\/p>\n\t\t<\/div>\n\t\t\n\t\t<a class=\"elementor-post__read-more\" href=\"https:\/\/www.yuveo.de\/nl\/op\/lichaam\/kuitcorrectie\/\" aria-label=\"Lees meer over Kuitcorrectie\" tabindex=\"-1\">\n\t\t\tLees meer \"\t\t<\/a>\n\n\t\t\t\t<\/div>\n\t\t\t\t<\/article>\n\t\t\t\t<article class=\"elementor-post elementor-grid-item post-38418 page type-page status-publish hentry\" role=\"listitem\">\n\t\t\t\t<div class=\"elementor-post__text\">\n\t\t\t\t<h3 class=\"elementor-post__title\">\n\t\t\t<a href=\"https:\/\/www.yuveo.de\/nl\/op\/lichaam\/zweetklierafzuiging\/\">\n\t\t\t\tZweetklierafzuiging\t\t\t<\/a>\n\t\t<\/h3>\n\t\t\t\t<div class=\"elementor-post__excerpt\">\n\t\t\t<p>Zweetklierafzuiging is een onderdeel van zweetklierverwijdering in de Yuveo Kliniek D\u00fcsseldorf. Ons team van ervaren plastisch chirurgen raadt aan om de zweetklieren af te zuigen<\/p>\n\t\t<\/div>\n\t\t\n\t\t<a class=\"elementor-post__read-more\" href=\"https:\/\/www.yuveo.de\/nl\/op\/lichaam\/zweetklierafzuiging\/\" aria-label=\"Lees meer over Zweetklierafzuiging\" tabindex=\"-1\">\n\t\t\tLees meer \"\t\t<\/a>\n\n\t\t\t\t<\/div>\n\t\t\t\t<\/article>\n\t\t\t\t<article class=\"elementor-post elementor-grid-item post-38428 page type-page status-publish hentry\" role=\"listitem\">\n\t\t\t\t<div class=\"elementor-post__text\">\n\t\t\t\t<h3 class=\"elementor-post__title\">\n\t\t\t<a href=\"https:\/\/www.yuveo.de\/nl\/op\/lichaam\/zweetklier-verwijderen\/\">\n\t\t\t\tZweetklier verwijderen\t\t\t<\/a>\n\t\t<\/h3>\n\t\t\t\t<div class=\"elementor-post__excerpt\">\n\t\t\t<p>Veel mensen hebben last van overmatig zweten. De oorzaken zijn complex. In sommige gevallen zijn ziekten op endocrinologisch (hormonaal) gebied verantwoordelijk. Vaak is er echter<\/p>\n\t\t<\/div>\n\t\t\n\t\t<a class=\"elementor-post__read-more\" href=\"https:\/\/www.yuveo.de\/nl\/op\/lichaam\/zweetklier-verwijderen\/\" aria-label=\"Lees meer over Zweetklier verwijderen\" tabindex=\"-1\">\n\t\t\tLees meer \"\t\t<\/a>\n\n\t\t\t\t<\/div>\n\t\t\t\t<\/article>\n\t\t\t\t<article class=\"elementor-post elementor-grid-item post-38417 page type-page status-publish hentry\" role=\"listitem\">\n\t\t\t\t<div class=\"elementor-post__text\">\n\t\t\t\t<h3 class=\"elementor-post__title\">\n\t\t\t<a href=\"https:\/\/www.yuveo.de\/nl\/op\/lichaam\/dijbeenlift\/\">\n\t\t\t\tDijbeenlift\t\t\t<\/a>\n\t\t<\/h3>\n\t\t\t\t<div class=\"elementor-post__excerpt\">\n\t\t\t<p>Een dijlift is een procedure die meestal wordt uitgevoerd bij pati\u00ebnten in onze Yuveo Kliniek in D\u00fcsseldorf die aanzienlijk zijn afgevallen. Het verbeterde fysieke welzijn<\/p>\n\t\t<\/div>\n\t\t\n\t\t<a class=\"elementor-post__read-more\" href=\"https:\/\/www.yuveo.de\/nl\/op\/lichaam\/dijbeenlift\/\" aria-label=\"Lees meer over Dijbeenlift\" tabindex=\"-1\">\n\t\t\tLees meer \"\t\t<\/a>\n\n\t\t\t\t<\/div>\n\t\t\t\t<\/article>\n\t\t\t\t<article class=\"elementor-post elementor-grid-item post-38395 page type-page status-publish hentry\" role=\"listitem\">\n\t\t\t\t<div class=\"elementor-post__text\">\n\t\t\t\t<h3 class=\"elementor-post__title\">\n\t\t\t<a href=\"https:\/\/www.yuveo.de\/nl\/op\/lichaam\/bovenarmlift-bovenarmlift\/\">\n\t\t\t\tBovenarmlift \/ bovenarmlift\t\t\t<\/a>\n\t\t<\/h3>\n\t\t\t\t<div class=\"elementor-post__excerpt\">\n\t\t\t<p>Pati\u00ebnten van de Yuveo Kliniek D\u00fcsseldorf die aanzienlijk zijn afgevallen, zijn meestal ge\u00efnteresseerd in een bovenarmlift. Het verbeterde fysieke welzijn wordt dan vaak overschaduwd door<\/p>\n\t\t<\/div>\n\t\t\n\t\t<a class=\"elementor-post__read-more\" href=\"https:\/\/www.yuveo.de\/nl\/op\/lichaam\/bovenarmlift-bovenarmlift\/\" aria-label=\"Lees meer over Bovenarmlift \/ bovenarmlift\" tabindex=\"-1\">\n\t\t\tLees meer \"\t\t<\/a>\n\n\t\t\t\t<\/div>\n\t\t\t\t<\/article>\n\t\t\t\t<article class=\"elementor-post elementor-grid-item post-38966 page type-page status-publish hentry\" role=\"listitem\">\n\t\t\t\t<div class=\"elementor-post__text\">\n\t\t\t\t<h3 class=\"elementor-post__title\">\n\t\t\t<a href=\"https:\/\/www.yuveo.de\/nl\/op\/lichaam\/bodylift\/\">\n\t\t\t\tBodylift\t\t\t<\/a>\n\t\t<\/h3>\n\t\t\t\t<div class=\"elementor-post__excerpt\">\n\t\t\t<p>De bodylift wordt ook wel het optillen van het lichaam genoemd. Het werd voor het eerst beschreven door Lockwood in 1993 en is daarom naar<\/p>\n\t\t<\/div>\n\t\t\n\t\t<a class=\"elementor-post__read-more\" href=\"https:\/\/www.yuveo.de\/nl\/op\/lichaam\/bodylift\/\" aria-label=\"Lees meer over Bodylift\" tabindex=\"-1\">\n\t\t\tLees meer \"\t\t<\/a>\n\n\t\t\t\t<\/div>\n\t\t\t\t<\/article>\n\t\t\t\t<article class=\"elementor-post elementor-grid-item post-38957 page type-page status-publish hentry\" role=\"listitem\">\n\t\t\t\t<div class=\"elementor-post__text\">\n\t\t\t\t<h3 class=\"elementor-post__title\">\n\t\t\t<a href=\"https:\/\/www.yuveo.de\/nl\/op\/lichaam\/huidverstrakking\/\">\n\t\t\t\tHuidverstrakking\t\t\t<\/a>\n\t\t<\/h3>\n\t\t\t\t<div class=\"elementor-post__excerpt\">\n\t\t\t<p>De wens voor een huidverstrakking kan om verschillende redenen bestaan. Het is vaak het meest intens bij mensen die enorm veel zijn afgevallen door overgewicht.<\/p>\n\t\t<\/div>\n\t\t\n\t\t<a class=\"elementor-post__read-more\" href=\"https:\/\/www.yuveo.de\/nl\/op\/lichaam\/huidverstrakking\/\" aria-label=\"Lees meer over Huidverstrakking\" tabindex=\"-1\">\n\t\t\tLees meer \"\t\t<\/a>\n\n\t\t\t\t<\/div>\n\t\t\t\t<\/article>\n\t\t\t\t<article class=\"elementor-post elementor-grid-item post-38945 page type-page status-publish hentry\" role=\"listitem\">\n\t\t\t\t<div class=\"elementor-post__text\">\n\t\t\t\t<h3 class=\"elementor-post__title\">\n\t\t\t<a href=\"https:\/\/www.yuveo.de\/nl\/op\/lichaam\/liposuctie-duesseldorf\/\">\n\t\t\t\tLiposuctie D\u00fcsseldorf\t\t\t<\/a>\n\t\t<\/h3>\n\t\t\t\t<div class=\"elementor-post__excerpt\">\n\t\t\t<p>Liposuctie is een bewezen en beproefde procedure om vetweefsel te verminderen. Het is tegenwoordig een van de meest uitgevoerde operaties in de plastische chirurgie. Veel<\/p>\n\t\t<\/div>\n\t\t\n\t\t<a class=\"elementor-post__read-more\" href=\"https:\/\/www.yuveo.de\/nl\/op\/lichaam\/liposuctie-duesseldorf\/\" aria-label=\"Lees meer over Liposuctie D\u00fcsseldorf\" tabindex=\"-1\">\n\t\t\tLees meer \"\t\t<\/a>\n\n\t\t\t\t<\/div>\n\t\t\t\t<\/article>\n\t\t\t\t<article class=\"elementor-post elementor-grid-item post-38927 page type-page status-publish hentry\" role=\"listitem\">\n\t\t\t\t<div class=\"elementor-post__text\">\n\t\t\t\t<h3 class=\"elementor-post__title\">\n\t\t\t<a href=\"https:\/\/www.yuveo.de\/nl\/op\/lichaam\/buikcorrectie\/\">\n\t\t\t\tBuikcorrectie\t\t\t<\/a>\n\t\t<\/h3>\n\t\t\t\t<div class=\"elementor-post__excerpt\">\n\t\t\t<p>Veel pati\u00ebnten willen een buikwandcorrectie of buikwandcorrectie na een zwangerschap (vaak meerdere zwangerschappen) of na een enorm gewichtsverlies als gevolg van eerder ernstig overgewicht (obesitas).<\/p>\n\t\t<\/div>\n\t\t\n\t\t<a class=\"elementor-post__read-more\" href=\"https:\/\/www.yuveo.de\/nl\/op\/lichaam\/buikcorrectie\/\" aria-label=\"Lees meer over Buikcorrectie\" tabindex=\"-1\">\n\t\t\tLees meer \"\t\t<\/a>\n\n\t\t\t\t<\/div>\n\t\t\t\t<\/article>\n\t\t\t\t<article class=\"elementor-post elementor-grid-item post-38257 page type-page status-publish hentry\" role=\"listitem\">\n\t\t\t\t<div class=\"elementor-post__text\">\n\t\t\t\t<h3 class=\"elementor-post__title\">\n\t\t\t<a href=\"https:\/\/www.yuveo.de\/nl\/op\/lichaam\/lipoedeem-duesseldorf\/\">\n\t\t\t\tLipoedeem D\u00fcsseldorf\t\t\t<\/a>\n\t\t<\/h3>\n\t\t\t\t<div class=\"elementor-post__excerpt\">\n\t\t\t<p>Op deze pagina kun je meer te weten komen over lipoedeem liposuctie in de Yuveo Kliniek in D\u00fcsseldorf. Het is de enige methode waarmee een<\/p>\n\t\t<\/div>\n\t\t\n\t\t<a class=\"elementor-post__read-more\" href=\"https:\/\/www.yuveo.de\/nl\/op\/lichaam\/lipoedeem-duesseldorf\/\" aria-label=\"Lees meer over Lipoedeem D\u00fcsseldorf\" tabindex=\"-1\">\n\t\t\tLees meer \"\t\t<\/a>\n\n\t\t\t\t<\/div>\n\t\t\t\t<\/article>\n\t\t\t\t<\/div>\n\t\t\n\t\t\t\t\t\t<\/div>\n\t\t\t\t<\/div>\n\t\t\t\t\t<\/div>\n\t\t\t\t<\/div>\n\t\t\t\t<\/div>\n\t\t","protected":false},"excerpt":{"rendered":"","protected":false},"author":1,"featured_media":0,"parent":38167,"menu_order":0,"comment_status":"closed","ping_status":"closed","template":"","meta":{"_acf_changed":false,"footnotes":""},"class_list":["post-38174","page","type-page","status-publish","hentry"],"acf":[],"_links":{"self":[{"href":"https:\/\/www.yuveo.de\/nl\/wp-json\/wp\/v2\/pages\/38174","targetHints":{"allow":["GET"]}}],"collection":[{"href":"https:\/\/www.yuveo.de\/nl\/wp-json\/wp\/v2\/pages"}],"about":[{"href":"https:\/\/www.yuveo.de\/nl\/wp-json\/wp\/v2\/types\/page"}],"author":[{"embeddable":true,"href":"https:\/\/www.yuveo.de\/nl\/wp-json\/wp\/v2\/users\/1"}],"replies":[{"embeddable":true,"href":"https:\/\/www.yuveo.de\/nl\/wp-json\/wp\/v2\/comments?post=38174"}],"version-history":[{"count":1,"href":"https:\/\/www.yuveo.de\/nl\/wp-json\/wp\/v2\/pages\/38174\/revisions"}],"predecessor-version":[{"id":38175,"href":"https:\/\/www.yuveo.de\/nl\/wp-json\/wp\/v2\/pages\/38174\/revisions\/38175"}],"up":[{"embeddable":true,"href":"https:\/\/www.yuveo.de\/nl\/wp-json\/wp\/v2\/pages\/38167"}],"wp:attachment":[{"href":"https:\/\/www.yuveo.de\/nl\/wp-json\/wp\/v2\/media?parent=38174"}],"curies":[{"name":"wp","href":"https:\/\/api.w.org\/{rel}","templated":true}]}}