{"id":38978,"date":"2021-02-16T13:44:51","date_gmt":"2021-02-16T12:44:51","guid":{"rendered":"https:\/\/dev.yuveo.eu\/impronta\/"},"modified":"2025-08-12T14:26:47","modified_gmt":"2025-08-12T12:26:47","slug":"impronta","status":"publish","type":"page","link":"https:\/\/www.yuveo.de\/it\/impronta\/","title":{"rendered":"Impronta"},"content":{"rendered":"\t\t<div data-elementor-type=\"wp-page\" data-elementor-id=\"38978\" class=\"elementor elementor-38978 elementor-13570\" data-elementor-post-type=\"page\">\n\t\t\t\t<div class=\"elementor-element elementor-element-697ddf71 e-flex e-con-boxed e-con e-parent\" data-id=\"697ddf71\" data-element_type=\"container\" data-e-type=\"container\">\n\t\t\t\t\t<div class=\"e-con-inner\">\n\t\t\t\t<div class=\"elementor-element elementor-element-50e099f2 elementor-widget elementor-widget-text-editor\" data-id=\"50e099f2\" data-element_type=\"widget\" data-e-type=\"widget\" data-widget_type=\"text-editor.default\">\n\t\t\t\t<div class=\"elementor-widget-container\">\n\t\t\t\t\t\t\t\t\t<p>YUVEO KLINIK<br>Dr Rene Schumann<br>Kaiserswerther Str. 119<br>40474 D\u00fcsseldorf<br>+49 211 24790940<br>Email: info@yuveo.de<br>DE815448427<\/p><p>Dr Schumann, Rene<br>Specialista in chirurgia plastica ed estetica<\/p><p>Dr Schumann-Averkiou, Daphnie<br>Specialista in chirurgia plastica ed estetica<br>Chirurgia della mano<br>Specialista in chirurgia<\/p><p>I titoli di specializzazione sono stati acquisiti in Germania.<br>Il Dr. Schumann e il Dr. Schumann-Averkiou sono membri dell&#8217;Associazione Medica della Renania Settentrionale e sono quindi soggetti ai relativi regolamenti professionali (Codice Professionale dei Medici della Renania Settentrionale).<\/p><p>yuveo.de \u00e8 un sito web informativo della YUVEO KLINIK di D\u00fcsseldorf.<\/p><p>Responsabile per il contenuto secondo il \u00a7 18 Abs. 2 MStV: Dr Rene Schumann <\/p><p>Disclaimer: nonostante l&#8217;attento controllo dei contenuti, non ci assumiamo alcuna responsabilit\u00e0 per i contenuti dei link esterni. Gli operatori delle pagine collegate sono gli unici responsabili del loro contenuto. <\/p><p>DGPR\u00c4C<br>L&#8217;autore, il Dott. Rene Schumann, \u00e8 membro dell&#8217;associazione professionale della societ\u00e0 scientifica DGPR\u00c4C (Societ\u00e0 tedesca dei chirurghi plastici, ricostruttivi ed estetici), ex VDPC.<\/p><p>Medisuch<br>Certificato di motore di ricerca medico per informazioni sanitarie di alta qualit\u00e0 sul web. Clicca sul logo per verificarlo. <\/p><p>Webdesign: <a href=\"https:\/\/www.second-universe.de\" target=\"_blank\" rel=\"noopener\">Second Universe<\/a> &#8211; <a href=\"https:\/\/www.second-universe.de\/webdesign-seo\/website-fuer-aerzte\/\" target=\"_blank\" rel=\"noopener\">Sito web per medici<\/a><\/p>\t\t\t\t\t\t\t\t<\/div>\n\t\t\t\t<\/div>\n\t\t\t\t\t<\/div>\n\t\t\t\t<\/div>\n\t\t\t\t<\/div>\n\t\t","protected":false},"excerpt":{"rendered":"<p>YUVEO KLINIKDr Rene SchumannKaiserswerther Str. 11940474 D\u00fcsseldorf+49 211 24790940Email: info@yuveo.deDE815448427 Dr Schumann, ReneSpecialista in chirurgia plastica ed estetica Dr Schumann-Averkiou, DaphnieSpecialista in chirurgia plastica ed esteticaChirurgia della manoSpecialista in chirurgia I titoli di specializzazione sono stati acquisiti in Germania.Il Dr. Schumann e il Dr. Schumann-Averkiou sono membri dell&#8217;Associazione Medica della Renania Settentrionale e sono quindi [&hellip;]<\/p>\n","protected":false},"author":1,"featured_media":0,"parent":0,"menu_order":0,"comment_status":"closed","ping_status":"closed","template":"","meta":{"_acf_changed":false,"footnotes":""},"class_list":["post-38978","page","type-page","status-publish","hentry"],"acf":[],"_links":{"self":[{"href":"https:\/\/www.yuveo.de\/it\/wp-json\/wp\/v2\/pages\/38978","targetHints":{"allow":["GET"]}}],"collection":[{"href":"https:\/\/www.yuveo.de\/it\/wp-json\/wp\/v2\/pages"}],"about":[{"href":"https:\/\/www.yuveo.de\/it\/wp-json\/wp\/v2\/types\/page"}],"author":[{"embeddable":true,"href":"https:\/\/www.yuveo.de\/it\/wp-json\/wp\/v2\/users\/1"}],"replies":[{"embeddable":true,"href":"https:\/\/www.yuveo.de\/it\/wp-json\/wp\/v2\/comments?post=38978"}],"version-history":[{"count":2,"href":"https:\/\/www.yuveo.de\/it\/wp-json\/wp\/v2\/pages\/38978\/revisions"}],"predecessor-version":[{"id":41194,"href":"https:\/\/www.yuveo.de\/it\/wp-json\/wp\/v2\/pages\/38978\/revisions\/41194"}],"wp:attachment":[{"href":"https:\/\/www.yuveo.de\/it\/wp-json\/wp\/v2\/media?parent=38978"}],"curies":[{"name":"wp","href":"https:\/\/api.w.org\/{rel}","templated":true}]}}