{"id":38608,"date":"2021-02-16T13:46:04","date_gmt":"2021-02-16T12:46:04","guid":{"rendered":"https:\/\/dev.yuveo.eu\/esclusione-di-responsabilita\/"},"modified":"2025-07-17T08:18:31","modified_gmt":"2025-07-17T06:18:31","slug":"esclusione-di-responsabilita","status":"publish","type":"page","link":"https:\/\/www.yuveo.de\/it\/esclusione-di-responsabilita\/","title":{"rendered":"Esclusione di responsabilit\u00e0"},"content":{"rendered":"<p>Utilizzando yuveo.de, accetti i seguenti termini e condizioni:<\/p>\n<p>1. non pu\u00f2 sostituire una visita medica!<br \/>\nyuveo.de \u00e8 da intendersi come un&#8217;integrazione e un consolidamento prima e dopo un consulto medico. yuveo.de non pu\u00f2 in alcun modo sostituire un esame e un consulto con un medico. Ti sconsigliamo vivamente di fare diagnosi non autorizzate basandoti su una mezza conoscenza che hai raccolto da solo.  <\/p>\n<p>2. danni, garanzia<br \/>\nDa quanto sopra esposto deriva che yuveo.de non pu\u00f2 essere ritenuta responsabile per eventuali danni diretti o indiretti che possono essere associati all&#8217;utilizzo di questo sito. Inoltre, non possiamo fornire alcuna garanzia sull&#8217;accuratezza dei contenuti. <\/p>\n<p>Inoltre, errori involontari, imprecisioni e malintesi possono verificarsi nel contesto delle traduzioni di contributi non in lingua tedesca del nostro sito web. Non ci assumiamo alcuna responsabilit\u00e0 e\/o garanzia per eventuali danni in relazione a ci\u00f2. <\/p>\n<p>3. link esterni<br \/>\nNon \u00e8 possibile per noi sottoporre i contenuti dei gestori di altri siti web a una revisione adeguata e tempestiva, n\u00e9 tantomeno esercitare alcuna influenza su di essi. L&#8217;operatore del sito web collegato \u00e8 l&#8217;unico responsabile del contenuto dei link esterni &#8211; in nessun modo yuveo.de. <\/p>\n<p>Copyright &#8211; Diritti sui contenuti del sito web (testi, immagini,&#8230;)<br \/>\nSiamo lieti di ricevere riferimenti a yuveo.de, comprese le sue sottopagine, tramite link. Tali riferimenti non necessitano di autorizzazione, con le seguenti eccezioni: <\/p>\n<p>Sono vietati i link diffamatori, illegali, offensivi o immorali. \u00c8 vietato anche il collegamento a fonti con i seguenti argomenti! <\/p>\n<p>Non siamo contenti delle copie dei nostri testi su Internet, in quanto il &#8220;doppio contenuto&#8221; svaluta la nostra homepage su Google e altri motori di ricerca. Grazie a strumenti comuni come Copyscape per il rilevamento dei testi, oggi \u00e8 pi\u00f9 facile individuare i testi copiati su Internet. <\/p>\n<p>I diritti d&#8217;autore sui contenuti dei nostri siti web sono riservati esclusivamente a yuveo.de. La pubblicazione di testi e immagini o di parti di essi su altri siti web o altri media, ad esempio, sar\u00e0 perseguita penalmente. Questi contenuti possono essere riprodotti o copiati solo con il consenso scritto di yuveo.de. Anche in presenza di un&#8217;autorizzazione scritta, \u00e8 severamente vietata qualsiasi modifica o falsificazione dei contenuti.   <\/p>\n<p>Foto<\/p>\n<p>SCULPTRA: le due foto sono state gentilmente fornite da Galderma.<\/p>\n<p>Profhilo: Donna, volto incorniciato dalle mani: Copyright: puhhha, shutterstock.com<br \/>\nAlcune immagini sono state acquistate da terzi (fotolia.com).<br \/>\nClicca <a href=\"https:\/\/www.yuveo.de\/it\/immagini-titolare-del-copyright-e-del-diritto-dautore\/\">qui<\/a> per maggiori informazioni.<\/p>\n<p>Tutte le altre immagini, compresi i risultati clinici, i risultati chirurgici e i grafici, sono copyright del Dr. Rene Schumann. Questi contenuti possono essere riprodotti solo con il consenso scritto del Dr. Schumann. <\/p>\n","protected":false},"excerpt":{"rendered":"<p>Utilizzando yuveo.de, accetti i seguenti termini e condizioni: 1. non pu\u00f2 sostituire una visita medica! yuveo.de \u00e8 da intendersi come un&#8217;integrazione e un consolidamento prima e dopo un consulto medico. yuveo.de non pu\u00f2 in alcun modo sostituire un esame e un consulto con un medico. Ti sconsigliamo vivamente di fare diagnosi non autorizzate basandoti su [&hellip;]<\/p>\n","protected":false},"author":1,"featured_media":0,"parent":0,"menu_order":0,"comment_status":"closed","ping_status":"closed","template":"","meta":{"_acf_changed":false,"footnotes":""},"class_list":["post-38608","page","type-page","status-publish","hentry"],"acf":[],"_links":{"self":[{"href":"https:\/\/www.yuveo.de\/it\/wp-json\/wp\/v2\/pages\/38608","targetHints":{"allow":["GET"]}}],"collection":[{"href":"https:\/\/www.yuveo.de\/it\/wp-json\/wp\/v2\/pages"}],"about":[{"href":"https:\/\/www.yuveo.de\/it\/wp-json\/wp\/v2\/types\/page"}],"author":[{"embeddable":true,"href":"https:\/\/www.yuveo.de\/it\/wp-json\/wp\/v2\/users\/1"}],"replies":[{"embeddable":true,"href":"https:\/\/www.yuveo.de\/it\/wp-json\/wp\/v2\/comments?post=38608"}],"version-history":[{"count":1,"href":"https:\/\/www.yuveo.de\/it\/wp-json\/wp\/v2\/pages\/38608\/revisions"}],"predecessor-version":[{"id":39133,"href":"https:\/\/www.yuveo.de\/it\/wp-json\/wp\/v2\/pages\/38608\/revisions\/39133"}],"wp:attachment":[{"href":"https:\/\/www.yuveo.de\/it\/wp-json\/wp\/v2\/media?parent=38608"}],"curies":[{"name":"wp","href":"https:\/\/api.w.org\/{rel}","templated":true}]}}