{"id":38561,"date":"2021-02-16T12:28:19","date_gmt":"2021-02-16T11:28:19","guid":{"rendered":"https:\/\/dev.yuveo.eu\/dr-rene-schumann\/"},"modified":"2025-08-12T12:25:19","modified_gmt":"2025-08-12T10:25:19","slug":"dr-rene-schumann","status":"publish","type":"page","link":"https:\/\/www.yuveo.de\/it\/dr-rene-schumann\/","title":{"rendered":"Dr. Rene Schumann"},"content":{"rendered":"\t\t<div data-elementor-type=\"wp-page\" data-elementor-id=\"38561\" class=\"elementor elementor-38561 elementor-13522\" data-elementor-post-type=\"page\">\n\t\t\t\t\t\t<section class=\"elementor-section elementor-top-section elementor-element elementor-element-7f803e5b elementor-reverse-tablet elementor-reverse-mobile elementor-section-boxed elementor-section-height-default elementor-section-height-default\" data-id=\"7f803e5b\" data-element_type=\"section\" data-e-type=\"section\">\n\t\t\t\t\t\t<div class=\"elementor-container elementor-column-gap-default\">\n\t\t\t\t\t<div class=\"elementor-column elementor-col-50 elementor-top-column elementor-element elementor-element-2eaeb3b0\" data-id=\"2eaeb3b0\" data-element_type=\"column\" data-e-type=\"column\">\n\t\t\t<div class=\"elementor-widget-wrap elementor-element-populated\">\n\t\t\t\t\t\t<div class=\"elementor-element elementor-element-44840b35 elementor-widget elementor-widget-text-editor\" data-id=\"44840b35\" data-element_type=\"widget\" data-e-type=\"widget\" data-widget_type=\"text-editor.default\">\n\t\t\t\t<div class=\"elementor-widget-container\">\n\t\t\t\t\t\t\t\t\t<p>Come parte della sua formazione, il dottor Schumann (*1971) \u00e8 passato attraverso vari reparti di <a href=\"https:\/\/www.yuveo.de\/it\/chirurgia-della-mano-duesseldorf\/\">chirurgia della mano<\/a>, chirurgia generale e traumatologica e chirurgia cardiotoracica e vascolare, oltre ai reparti specializzati in <a href=\"https:\/\/www.yuveo.de\/it\/lexikon\/chirurgia-plastica\/\">chirurgia plastica<\/a>.<\/p><p>Questo bagaglio di esperienze continua ad arricchire il suo lavoro di chirurgia plastica e di chirurgia della mano fino ad oggi.<\/p><p>Il Dr. Schumann lavora come chirurgo plastico e chirurgo della mano in studi privati e cliniche private dalla fine del<strong> 2006<\/strong>.<\/p><p>Il momento clou del <strong>2013<\/strong> \u00e8 stata la <strong>costruzione della YUVEO KLINIK<\/strong>, dove \u00e8 stato possibile realizzare i nostri concetti. Puoi trovare maggiori informazioni sulla clinica sul sito www.plastischechirurgieduesseldorf.eu. <\/p><p>Il Dr. Schumann \u00e8 membro della Societ\u00e0 Tedesca di Chirurgia Plastica, Ricostruttiva ed Estetica (DGPR\u00c4C, precedentemente Associazione dei Chirurghi Plastici Tedeschi: VDPC).<\/p><p>Il titolo di specialista \u00e8 stato acquisito in Germania.<br>Il Dr. Schumann \u00e8 membro dell&#8217;Associazione Medica della Renania Settentrionale ed \u00e8 quindi soggetto ai relativi regolamenti professionali.<\/p><p>Ha completato gli studi presso l&#8217;Universit\u00e0 Heinrich Heine di D\u00fcsseldorf all&#8217;inizio del<strong> 1999<\/strong> e ha poi iniziato la sua formazione come chirurgo plastico presso la Clinica di Chirurgia Plastica dell&#8217;Ospedale Florence Nightingale, Diakonie D\u00fcsseldorf\/Kaiserswerth sotto la guida del primario Prof. Dr. R. R. Olbisch (chirurgo plastico). Durante questo periodo, il Dr. Schumann ha anche completato la tesi di laurea che aveva iniziato durante i suoi studi sul tema: &#8220;Indagine immunoistochimica comparativa dell&#8217;infiltrazione di cellule T e macrofagi nelle stenosi sintomatiche e asintomatiche dell&#8217;arteria carotidea interna&#8221;.<br>(Clinica Neurologica dell&#8217;Universit\u00e0 Heinrich Heine di D\u00fcsseldorf, Direttore: Prof. Dr. H.J. Freund; Supervisore del dottorato: Prof. Dr. G. Stoll; Supervisore: Dr. S. Jander)  <\/p><p>Nel periodo successivo<strong>(dalla met\u00e0 del 2001)<\/strong>, ha lavorato presso la Clinica di Chirurgia Cardiaca, Toracica e Vascolare del Prof. Dr. M.-J. Polonius (Cliniche Comunali di Dortmund).<\/p><p>Il periodo trascorso dall&#8217;inizio del <strong>2002<\/strong> presso la Clinica di Chirurgia, la Chirurgia Traumatologica e il Centro di Chirurgia Mininvasiva (primario Prof. Dr. M.K. Walz (Evang. Huyssens-Stiftung, Kliniken-Essen-Mitte) ha significato la formazione di una solida base chirurgica.<\/p><p>Dal <strong>2003<\/strong>, il dottor Schumann ha seguito ancora una volta il richiamo della chirurgia plastica &#8211; ad Hagen. Sotto la guida del primario PD Dr. G. Erbs (Clinica di Chirurgia Plastica e Chirurgia della Mano, St. Josefs Hospital Hagen), ha seguito una solida formazione in chirurgia plastica e chirurgia della mano per diventare uno specialista. Il trasferimento nel reparto di chirurgia traumatologica del Dr. Thiem gli ha permesso di apprendere, tra le altre cose, le tecniche di osteosintesi in chirurgia traumatologica.  <\/p><p>A <strong>met\u00e0 del 2006<\/strong>, mentre lavorava nel reparto del PD Dr Erbs, il Dr Schumann si \u00e8 qualificato come specialista in chirurgia plastica ed estetica.<\/p>\t\t\t\t\t\t\t\t<\/div>\n\t\t\t\t<\/div>\n\t\t\t\t\t<\/div>\n\t\t<\/div>\n\t\t\t\t<div class=\"elementor-column elementor-col-50 elementor-top-column elementor-element elementor-element-73c463d6\" data-id=\"73c463d6\" data-element_type=\"column\" data-e-type=\"column\">\n\t\t\t<div class=\"elementor-widget-wrap elementor-element-populated\">\n\t\t\t\t\t\t<div class=\"elementor-element elementor-element-c18cca9 elementor-widget elementor-widget-image\" data-id=\"c18cca9\" data-element_type=\"widget\" data-e-type=\"widget\" data-widget_type=\"image.default\">\n\t\t\t\t<div class=\"elementor-widget-container\">\n\t\t\t\t\t\t\t\t\t\t\t\t\t\t\t<img fetchpriority=\"high\" decoding=\"async\" width=\"439\" height=\"500\" src=\"https:\/\/www.yuveo.de\/wp-content\/uploads\/2021\/02\/dr-schumann01-02-500px-w.jpg\" class=\"attachment-large size-large wp-image-37269\" alt=\"Dr. Rene Schumann, Plastischer Chirurg\" srcset=\"https:\/\/www.yuveo.de\/wp-content\/uploads\/2021\/02\/dr-schumann01-02-500px-w.jpg 439w, https:\/\/www.yuveo.de\/wp-content\/uploads\/2021\/02\/dr-schumann01-02-500px-w-263x300.jpg 263w\" sizes=\"(max-width: 439px) 100vw, 439px\" \/>\t\t\t\t\t\t\t\t\t\t\t\t\t\t\t<\/div>\n\t\t\t\t<\/div>\n\t\t\t\t\t<\/div>\n\t\t<\/div>\n\t\t\t\t\t<\/div>\n\t\t<\/section>\n\t\t\t\t<\/div>\n\t\t","protected":false},"excerpt":{"rendered":"<p>Come parte della sua formazione, il dottor Schumann (*1971) \u00e8 passato attraverso vari reparti di chirurgia della mano, chirurgia generale e traumatologica e chirurgia cardiotoracica e vascolare, oltre ai reparti specializzati in chirurgia plastica. Questo bagaglio di esperienze continua ad arricchire il suo lavoro di chirurgia plastica e di chirurgia della mano fino ad oggi. [&hellip;]<\/p>\n","protected":false},"author":1,"featured_media":0,"parent":0,"menu_order":0,"comment_status":"closed","ping_status":"closed","template":"","meta":{"_acf_changed":false,"footnotes":""},"class_list":["post-38561","page","type-page","status-publish","hentry"],"acf":[],"_links":{"self":[{"href":"https:\/\/www.yuveo.de\/it\/wp-json\/wp\/v2\/pages\/38561","targetHints":{"allow":["GET"]}}],"collection":[{"href":"https:\/\/www.yuveo.de\/it\/wp-json\/wp\/v2\/pages"}],"about":[{"href":"https:\/\/www.yuveo.de\/it\/wp-json\/wp\/v2\/types\/page"}],"author":[{"embeddable":true,"href":"https:\/\/www.yuveo.de\/it\/wp-json\/wp\/v2\/users\/1"}],"replies":[{"embeddable":true,"href":"https:\/\/www.yuveo.de\/it\/wp-json\/wp\/v2\/comments?post=38561"}],"version-history":[{"count":2,"href":"https:\/\/www.yuveo.de\/it\/wp-json\/wp\/v2\/pages\/38561\/revisions"}],"predecessor-version":[{"id":40995,"href":"https:\/\/www.yuveo.de\/it\/wp-json\/wp\/v2\/pages\/38561\/revisions\/40995"}],"wp:attachment":[{"href":"https:\/\/www.yuveo.de\/it\/wp-json\/wp\/v2\/media?parent=38561"}],"curies":[{"name":"wp","href":"https:\/\/api.w.org\/{rel}","templated":true}]}}