{"id":38195,"date":"2021-02-16T12:23:25","date_gmt":"2021-02-16T11:23:25","guid":{"rendered":"https:\/\/dev.yuveo.eu\/dott-ssa-daphnie-schumann-averkiou\/"},"modified":"2025-08-12T12:21:36","modified_gmt":"2025-08-12T10:21:36","slug":"dott-ssa-daphnie-schumann-averkiou","status":"publish","type":"page","link":"https:\/\/www.yuveo.de\/it\/dott-ssa-daphnie-schumann-averkiou\/","title":{"rendered":"Dott.ssa Daphnie Schumann-Averkiou"},"content":{"rendered":"\t\t<div data-elementor-type=\"wp-page\" data-elementor-id=\"38195\" class=\"elementor elementor-38195 elementor-13515\" data-elementor-post-type=\"page\">\n\t\t\t\t\t\t<section class=\"elementor-section elementor-top-section elementor-element elementor-element-1068a6de elementor-reverse-tablet elementor-reverse-mobile elementor-section-boxed elementor-section-height-default elementor-section-height-default\" data-id=\"1068a6de\" data-element_type=\"section\" data-e-type=\"section\">\n\t\t\t\t\t\t<div class=\"elementor-container elementor-column-gap-default\">\n\t\t\t\t\t<div class=\"elementor-column elementor-col-50 elementor-top-column elementor-element elementor-element-9ff0ba0\" data-id=\"9ff0ba0\" data-element_type=\"column\" data-e-type=\"column\">\n\t\t\t<div class=\"elementor-widget-wrap elementor-element-populated\">\n\t\t\t\t\t\t<div class=\"elementor-element elementor-element-327924fc elementor-widget elementor-widget-text-editor\" data-id=\"327924fc\" data-element_type=\"widget\" data-e-type=\"widget\" data-widget_type=\"text-editor.default\">\n\t\t\t\t<div class=\"elementor-widget-container\">\n\t\t\t\t\t\t\t\t\t<p>La Dott.ssa Schumann-Averkiou \u00e8 un chirurgo con cuore e anima. In quanto cofondatrice dello YUVEO KLINIK di D\u00fcsseldorf, la cura individuale e specializzata dei suoi pazienti \u00e8 particolarmente importante per lei. Il suo obiettivo personale \u00e8 quello di offrire ai suoi pazienti il miglior trattamento possibile, restituendo loro un pezzo della loro qualit\u00e0 di vita.  <\/p>\t\t\t\t\t\t\t\t<\/div>\n\t\t\t\t<\/div>\n\t\t\t\t<div class=\"elementor-element elementor-element-7695f34c elementor-widget elementor-widget-heading\" data-id=\"7695f34c\" data-element_type=\"widget\" data-e-type=\"widget\" data-widget_type=\"heading.default\">\n\t\t\t\t<div class=\"elementor-widget-container\">\n\t\t\t\t\t<h2 class=\"elementor-heading-title elementor-size-default\">Istruzione<\/h2>\t\t\t\t<\/div>\n\t\t\t\t<\/div>\n\t\t\t\t<div class=\"elementor-element elementor-element-608e3df9 elementor-widget elementor-widget-text-editor\" data-id=\"608e3df9\" data-element_type=\"widget\" data-e-type=\"widget\" data-widget_type=\"text-editor.default\">\n\t\t\t\t<div class=\"elementor-widget-container\">\n\t\t\t\t\t\t\t\t\t<p>La dottoressa Daphnie Schumann-Averkiou ha studiato <strong>medicina umana<\/strong> sia presso l&#8217;Universit\u00e0 Heinrich Heine di D\u00fcsseldorf che presso la University of Southern California di Los Angeles, negli Stati Uniti. Dopo gli studi, si \u00e8 qualificata come <strong>specialista in chirurgia generale<\/strong> a D\u00fcsseldorf. <\/p><p>La Dott.ssa Schumann-Averkiou ha completato la sua formazione come <strong>specialista in chirurgia della mano, plastica ed estetica<\/strong> con un esame riconosciuto dallo Stato nel Dipartimento di Chirurgia <a href=\"https:\/\/www.yuveo.de\/it\/chirurgia-della-mano-duesseldorf\/\">della Mano<\/a>, <a href=\"https:\/\/www.yuveo.de\/it\/lexikon\/chirurgia-plastica\/\">Plastica<\/a> ed Estetica sotto la guida del Dott. Reimer Hoffman a Oldenburg e del Dott. Kurt Steffens a Essen-Kupferdreh &#8211; gli ultimi anni presso l&#8217;Ospedale Universitario di Witten\/Herdecke, la Clinica Ospedaliera di Colonia-Merheim per la Chirurgia Plastica ed Estetica, la Chirurgia della Mano &#8211; Centro per le Gravi Ustioni.<\/p><p>Negli anni successivi si \u00e8 anche formata come <strong>chirurgo della mano<\/strong> riconosciuto dallo Stato.<\/p><p>La Dott.ssa Daphnie Schumann-Averkiou vanta un&#8217;esperienza teorica e chirurgica eccezionale grazie al suo lavoro presso diverse cliniche rinomate in tutta la Germania e copre uno spettro molto ampio nel campo della chirurgia della mano, plastica ed estetica.<\/p><p>Partecipa regolarmente a congressi, corsi di formazione e riunioni di esperti in Germania e all&#8217;estero.<\/p>\t\t\t\t\t\t\t\t<\/div>\n\t\t\t\t<\/div>\n\t\t\t\t\t<\/div>\n\t\t<\/div>\n\t\t\t\t<div class=\"elementor-column elementor-col-50 elementor-top-column elementor-element elementor-element-543e4f6b\" data-id=\"543e4f6b\" data-element_type=\"column\" data-e-type=\"column\">\n\t\t\t<div class=\"elementor-widget-wrap elementor-element-populated\">\n\t\t\t\t\t\t<div class=\"elementor-element elementor-element-f0025bc elementor-widget elementor-widget-image\" data-id=\"f0025bc\" data-element_type=\"widget\" data-e-type=\"widget\" data-widget_type=\"image.default\">\n\t\t\t\t<div class=\"elementor-widget-container\">\n\t\t\t\t\t\t\t\t\t\t\t\t\t\t\t<img fetchpriority=\"high\" decoding=\"async\" width=\"568\" height=\"700\" src=\"https:\/\/www.yuveo.de\/wp-content\/uploads\/2021\/02\/dr-averkiou-daphnie-plastische-chirurgie-10371w.jpg\" class=\"attachment-large size-large wp-image-37266\" alt=\"Dr. Daphnie Schumann-Averkiou, Plastische Chirurgin\" srcset=\"https:\/\/www.yuveo.de\/wp-content\/uploads\/2021\/02\/dr-averkiou-daphnie-plastische-chirurgie-10371w.jpg 568w, https:\/\/www.yuveo.de\/wp-content\/uploads\/2021\/02\/dr-averkiou-daphnie-plastische-chirurgie-10371w-243x300.jpg 243w\" sizes=\"(max-width: 568px) 100vw, 568px\" \/>\t\t\t\t\t\t\t\t\t\t\t\t\t\t\t<\/div>\n\t\t\t\t<\/div>\n\t\t\t\t\t<\/div>\n\t\t<\/div>\n\t\t\t\t\t<\/div>\n\t\t<\/section>\n\t\t\t\t<\/div>\n\t\t","protected":false},"excerpt":{"rendered":"<p>La Dott.ssa Schumann-Averkiou \u00e8 un chirurgo con cuore e anima. In quanto cofondatrice dello YUVEO KLINIK di D\u00fcsseldorf, la cura individuale e specializzata dei suoi pazienti \u00e8 particolarmente importante per lei. Il suo obiettivo personale \u00e8 quello di offrire ai suoi pazienti il miglior trattamento possibile, restituendo loro un pezzo della loro qualit\u00e0 di vita. [&hellip;]<\/p>\n","protected":false},"author":1,"featured_media":0,"parent":0,"menu_order":0,"comment_status":"closed","ping_status":"closed","template":"","meta":{"_acf_changed":false,"footnotes":""},"class_list":["post-38195","page","type-page","status-publish","hentry"],"acf":[],"_links":{"self":[{"href":"https:\/\/www.yuveo.de\/it\/wp-json\/wp\/v2\/pages\/38195","targetHints":{"allow":["GET"]}}],"collection":[{"href":"https:\/\/www.yuveo.de\/it\/wp-json\/wp\/v2\/pages"}],"about":[{"href":"https:\/\/www.yuveo.de\/it\/wp-json\/wp\/v2\/types\/page"}],"author":[{"embeddable":true,"href":"https:\/\/www.yuveo.de\/it\/wp-json\/wp\/v2\/users\/1"}],"replies":[{"embeddable":true,"href":"https:\/\/www.yuveo.de\/it\/wp-json\/wp\/v2\/comments?post=38195"}],"version-history":[{"count":3,"href":"https:\/\/www.yuveo.de\/it\/wp-json\/wp\/v2\/pages\/38195\/revisions"}],"predecessor-version":[{"id":40984,"href":"https:\/\/www.yuveo.de\/it\/wp-json\/wp\/v2\/pages\/38195\/revisions\/40984"}],"wp:attachment":[{"href":"https:\/\/www.yuveo.de\/it\/wp-json\/wp\/v2\/media?parent=38195"}],"curies":[{"name":"wp","href":"https:\/\/api.w.org\/{rel}","templated":true}]}}