{"id":38176,"date":"2021-02-16T09:16:34","date_gmt":"2021-02-16T08:16:34","guid":{"rendered":"https:\/\/dev.yuveo.eu\/op\/corpo\/"},"modified":"2025-07-17T08:16:50","modified_gmt":"2025-07-17T06:16:50","slug":"corpo","status":"publish","type":"page","link":"https:\/\/www.yuveo.de\/it\/op\/corpo\/","title":{"rendered":"Corpo"},"content":{"rendered":"\t\t<div data-elementor-type=\"wp-page\" data-elementor-id=\"38176\" class=\"elementor elementor-38176 elementor-13299\" data-elementor-post-type=\"page\">\n\t\t\t\t<div class=\"elementor-element elementor-element-6e1d9d7 e-flex e-con-boxed e-con e-parent\" data-id=\"6e1d9d7\" data-element_type=\"container\" data-e-type=\"container\">\n\t\t\t\t\t<div class=\"e-con-inner\">\n\t\t\t\t<div class=\"elementor-element elementor-element-93d84f2 elementor-posts--thumbnail-none elementor-grid-3 elementor-grid-tablet-2 elementor-grid-mobile-1 elementor-widget elementor-widget-posts\" data-id=\"93d84f2\" data-element_type=\"widget\" data-e-type=\"widget\" data-settings=\"{&quot;classic_row_gap&quot;:{&quot;unit&quot;:&quot;px&quot;,&quot;size&quot;:50,&quot;sizes&quot;:[]},&quot;classic_columns&quot;:&quot;3&quot;,&quot;classic_columns_tablet&quot;:&quot;2&quot;,&quot;classic_columns_mobile&quot;:&quot;1&quot;,&quot;classic_row_gap_tablet&quot;:{&quot;unit&quot;:&quot;px&quot;,&quot;size&quot;:&quot;&quot;,&quot;sizes&quot;:[]},&quot;classic_row_gap_mobile&quot;:{&quot;unit&quot;:&quot;px&quot;,&quot;size&quot;:&quot;&quot;,&quot;sizes&quot;:[]}}\" data-widget_type=\"posts.classic\">\n\t\t\t\t<div class=\"elementor-widget-container\">\n\t\t\t\t\t\t\t<div class=\"elementor-posts-container elementor-posts elementor-posts--skin-classic elementor-grid\" role=\"list\">\n\t\t\t\t<article class=\"elementor-post elementor-grid-item post-38454 page type-page status-publish hentry\" role=\"listitem\">\n\t\t\t\t<div class=\"elementor-post__text\">\n\t\t\t\t<h3 class=\"elementor-post__title\">\n\t\t\t<a href=\"https:\/\/www.yuveo.de\/it\/op\/corpo\/riduzione-del-polpaccio\/\">\n\t\t\t\tRiduzione del polpaccio\t\t\t<\/a>\n\t\t<\/h3>\n\t\t\t\t<div class=\"elementor-post__excerpt\">\n\t\t\t<p>Rispetto all&#8217;aumento del seno, alla riduzione del seno, all&#8217;addominoplastica e cos\u00ec via, la riduzione dei polpacci ha un ruolo piuttosto secondario nella chirurgia plastica. Tuttavia,<\/p>\n\t\t<\/div>\n\t\t\n\t\t<a class=\"elementor-post__read-more\" href=\"https:\/\/www.yuveo.de\/it\/op\/corpo\/riduzione-del-polpaccio\/\" aria-label=\"Leggi tutto Riduzione del polpaccio\" tabindex=\"-1\">\n\t\t\tLeggi di pi\u00f9 \"\t\t<\/a>\n\n\t\t\t\t<\/div>\n\t\t\t\t<\/article>\n\t\t\t\t<article class=\"elementor-post elementor-grid-item post-38448 page type-page status-publish hentry\" role=\"listitem\">\n\t\t\t\t<div class=\"elementor-post__text\">\n\t\t\t\t<h3 class=\"elementor-post__title\">\n\t\t\t<a href=\"https:\/\/www.yuveo.de\/it\/op\/corpo\/aumento-del-polpaccio\/\">\n\t\t\t\tAumento del polpaccio\t\t\t<\/a>\n\t\t<\/h3>\n\t\t\t\t<div class=\"elementor-post__excerpt\">\n\t\t\t<p>In questa pagina troverai informazioni sulle procedure di aumento del polpaccio chirurgiche e non chirurgiche. Ti informeremo sulle forme possibili e saremo lieti di spiegarti<\/p>\n\t\t<\/div>\n\t\t\n\t\t<a class=\"elementor-post__read-more\" href=\"https:\/\/www.yuveo.de\/it\/op\/corpo\/aumento-del-polpaccio\/\" aria-label=\"Leggi tutto Aumento del polpaccio\" tabindex=\"-1\">\n\t\t\tLeggi di pi\u00f9 \"\t\t<\/a>\n\n\t\t\t\t<\/div>\n\t\t\t\t<\/article>\n\t\t\t\t<article class=\"elementor-post elementor-grid-item post-38438 page type-page status-publish hentry\" role=\"listitem\">\n\t\t\t\t<div class=\"elementor-post__text\">\n\t\t\t\t<h3 class=\"elementor-post__title\">\n\t\t\t<a href=\"https:\/\/www.yuveo.de\/it\/op\/corpo\/correzione-del-polpaccio\/\">\n\t\t\t\tCorrezione del polpaccio\t\t\t<\/a>\n\t\t<\/h3>\n\t\t\t\t<div class=\"elementor-post__excerpt\">\n\t\t\t<p>In questo articolo troverai informazioni sulla correzione chirurgica e non chirurgica dei polpacci(aumento o riduzionedei polpacci, chirurgia dei polpacci) presso la Clinica Yuveo di D\u00fcsseldorf.<\/p>\n\t\t<\/div>\n\t\t\n\t\t<a class=\"elementor-post__read-more\" href=\"https:\/\/www.yuveo.de\/it\/op\/corpo\/correzione-del-polpaccio\/\" aria-label=\"Leggi tutto Correzione del polpaccio\" tabindex=\"-1\">\n\t\t\tLeggi di pi\u00f9 \"\t\t<\/a>\n\n\t\t\t\t<\/div>\n\t\t\t\t<\/article>\n\t\t\t\t<article class=\"elementor-post elementor-grid-item post-38422 page type-page status-publish hentry\" role=\"listitem\">\n\t\t\t\t<div class=\"elementor-post__text\">\n\t\t\t\t<h3 class=\"elementor-post__title\">\n\t\t\t<a href=\"https:\/\/www.yuveo.de\/it\/op\/corpo\/aspirazione-della-ghiandola-sudorifera\/\">\n\t\t\t\tAspirazione della ghiandola sudorifera\t\t\t<\/a>\n\t\t<\/h3>\n\t\t\t\t<div class=\"elementor-post__excerpt\">\n\t\t\t<p>L&#8217;aspirazione delle ghiandole sudoripare \u00e8 una componente della rimozione delle ghiandole sudoripare presso la Clinica Yuveo di D\u00fcsseldorf. Il nostro team di chirurghi plastici esperti<\/p>\n\t\t<\/div>\n\t\t\n\t\t<a class=\"elementor-post__read-more\" href=\"https:\/\/www.yuveo.de\/it\/op\/corpo\/aspirazione-della-ghiandola-sudorifera\/\" aria-label=\"Leggi tutto Aspirazione della ghiandola sudorifera\" tabindex=\"-1\">\n\t\t\tLeggi di pi\u00f9 \"\t\t<\/a>\n\n\t\t\t\t<\/div>\n\t\t\t\t<\/article>\n\t\t\t\t<article class=\"elementor-post elementor-grid-item post-38793 page type-page status-publish hentry\" role=\"listitem\">\n\t\t\t\t<div class=\"elementor-post__text\">\n\t\t\t\t<h3 class=\"elementor-post__title\">\n\t\t\t<a href=\"https:\/\/www.yuveo.de\/it\/op\/corpo\/rimozione-della-ghiandola-sudorifera\/\">\n\t\t\t\tRimozione della ghiandola sudorifera\t\t\t<\/a>\n\t\t<\/h3>\n\t\t\t\t<div class=\"elementor-post__excerpt\">\n\t\t\t<p>Molte persone soffrono di sudorazione abbondante. Le cause sono complesse. In alcuni casi, le malattie dell&#8217;area endocrinologica interna (ormonale) sono responsabili. Tuttavia, spesso non si<\/p>\n\t\t<\/div>\n\t\t\n\t\t<a class=\"elementor-post__read-more\" href=\"https:\/\/www.yuveo.de\/it\/op\/corpo\/rimozione-della-ghiandola-sudorifera\/\" aria-label=\"Leggi tutto Rimozione della ghiandola sudorifera\" tabindex=\"-1\">\n\t\t\tLeggi di pi\u00f9 \"\t\t<\/a>\n\n\t\t\t\t<\/div>\n\t\t\t\t<\/article>\n\t\t\t\t<article class=\"elementor-post elementor-grid-item post-38421 page type-page status-publish hentry\" role=\"listitem\">\n\t\t\t\t<div class=\"elementor-post__text\">\n\t\t\t\t<h3 class=\"elementor-post__title\">\n\t\t\t<a href=\"https:\/\/www.yuveo.de\/it\/op\/corpo\/sollevamento-della-coscia\/\">\n\t\t\t\tSollevamento della coscia\t\t\t<\/a>\n\t\t<\/h3>\n\t\t\t\t<div class=\"elementor-post__excerpt\">\n\t\t\t<p>Il lifting delle cosce \u00e8 un intervento che viene solitamente eseguito dai pazienti della nostra Clinica Yuveo di D\u00fcsseldorf che hanno ottenuto una perdita di<\/p>\n\t\t<\/div>\n\t\t\n\t\t<a class=\"elementor-post__read-more\" href=\"https:\/\/www.yuveo.de\/it\/op\/corpo\/sollevamento-della-coscia\/\" aria-label=\"Leggi tutto Sollevamento della coscia\" tabindex=\"-1\">\n\t\t\tLeggi di pi\u00f9 \"\t\t<\/a>\n\n\t\t\t\t<\/div>\n\t\t\t\t<\/article>\n\t\t\t\t<article class=\"elementor-post elementor-grid-item post-38960 page type-page status-publish hentry\" role=\"listitem\">\n\t\t\t\t<div class=\"elementor-post__text\">\n\t\t\t\t<h3 class=\"elementor-post__title\">\n\t\t\t<a href=\"https:\/\/www.yuveo.de\/it\/op\/corpo\/lifting-del-braccio-superiore-lifting-del-braccio-superiore\/\">\n\t\t\t\tLifting del braccio superiore \/ Lifting del braccio superiore\t\t\t<\/a>\n\t\t<\/h3>\n\t\t\t\t<div class=\"elementor-post__excerpt\">\n\t\t\t<p>I pazienti della Clinica Yuveo di D\u00fcsseldorf che hanno subito una perdita di peso significativa sono solitamente interessati a un lifting della parte superiore delle<\/p>\n\t\t<\/div>\n\t\t\n\t\t<a class=\"elementor-post__read-more\" href=\"https:\/\/www.yuveo.de\/it\/op\/corpo\/lifting-del-braccio-superiore-lifting-del-braccio-superiore\/\" aria-label=\"Leggi tutto Lifting del braccio superiore \/ Lifting del braccio superiore\" tabindex=\"-1\">\n\t\t\tLeggi di pi\u00f9 \"\t\t<\/a>\n\n\t\t\t\t<\/div>\n\t\t\t\t<\/article>\n\t\t\t\t<article class=\"elementor-post elementor-grid-item post-38953 page type-page status-publish hentry\" role=\"listitem\">\n\t\t\t\t<div class=\"elementor-post__text\">\n\t\t\t\t<h3 class=\"elementor-post__title\">\n\t\t\t<a href=\"https:\/\/www.yuveo.de\/it\/op\/corpo\/bodylift\/\">\n\t\t\t\tBodylift\t\t\t<\/a>\n\t\t<\/h3>\n\t\t\t\t<div class=\"elementor-post__excerpt\">\n\t\t\t<p>Il lifting del corpo \u00e8 noto anche come body lifting. \u00c8 stato descritto per la prima volta da Lockwood nel 1993 e per questo prende<\/p>\n\t\t<\/div>\n\t\t\n\t\t<a class=\"elementor-post__read-more\" href=\"https:\/\/www.yuveo.de\/it\/op\/corpo\/bodylift\/\" aria-label=\"Leggi tutto Bodylift\" tabindex=\"-1\">\n\t\t\tLeggi di pi\u00f9 \"\t\t<\/a>\n\n\t\t\t\t<\/div>\n\t\t\t\t<\/article>\n\t\t\t\t<article class=\"elementor-post elementor-grid-item post-38937 page type-page status-publish hentry\" role=\"listitem\">\n\t\t\t\t<div class=\"elementor-post__text\">\n\t\t\t\t<h3 class=\"elementor-post__title\">\n\t\t\t<a href=\"https:\/\/www.yuveo.de\/it\/op\/corpo\/rassodamento-della-pelle\/\">\n\t\t\t\tRassodamento della pelle\t\t\t<\/a>\n\t\t<\/h3>\n\t\t\t\t<div class=\"elementor-post__excerpt\">\n\t\t\t<p>Il desiderio di un rassodamento cutaneo pu\u00f2 nascere per vari motivi. Spesso \u00e8 pi\u00f9 intenso nelle persone che hanno perso una quantit\u00e0 enorme di peso<\/p>\n\t\t<\/div>\n\t\t\n\t\t<a class=\"elementor-post__read-more\" href=\"https:\/\/www.yuveo.de\/it\/op\/corpo\/rassodamento-della-pelle\/\" aria-label=\"Leggi tutto Rassodamento della pelle\" tabindex=\"-1\">\n\t\t\tLeggi di pi\u00f9 \"\t\t<\/a>\n\n\t\t\t\t<\/div>\n\t\t\t\t<\/article>\n\t\t\t\t<article class=\"elementor-post elementor-grid-item post-38947 page type-page status-publish hentry\" role=\"listitem\">\n\t\t\t\t<div class=\"elementor-post__text\">\n\t\t\t\t<h3 class=\"elementor-post__title\">\n\t\t\t<a href=\"https:\/\/www.yuveo.de\/it\/op\/corpo\/liposuzione-duesseldorf\/\">\n\t\t\t\tLiposuzione D\u00fcsseldorf\t\t\t<\/a>\n\t\t<\/h3>\n\t\t\t\t<div class=\"elementor-post__excerpt\">\n\t\t\t<p>La liposuzione \u00e8 una procedura comprovata e consolidata per ridurre il tessuto adiposo. \u00c8 uno degli interventi pi\u00f9 frequenti nella chirurgia plastica di oggi. Molte<\/p>\n\t\t<\/div>\n\t\t\n\t\t<a class=\"elementor-post__read-more\" href=\"https:\/\/www.yuveo.de\/it\/op\/corpo\/liposuzione-duesseldorf\/\" aria-label=\"Leggi tutto Liposuzione D\u00fcsseldorf\" tabindex=\"-1\">\n\t\t\tLeggi di pi\u00f9 \"\t\t<\/a>\n\n\t\t\t\t<\/div>\n\t\t\t\t<\/article>\n\t\t\t\t<article class=\"elementor-post elementor-grid-item post-38929 page type-page status-publish hentry\" role=\"listitem\">\n\t\t\t\t<div class=\"elementor-post__text\">\n\t\t\t\t<h3 class=\"elementor-post__title\">\n\t\t\t<a href=\"https:\/\/www.yuveo.de\/it\/op\/corpo\/addominoplastica\/\">\n\t\t\t\tAddominoplastica\t\t\t<\/a>\n\t\t<\/h3>\n\t\t\t\t<div class=\"elementor-post__excerpt\">\n\t\t\t<p>Molti pazienti desiderano sottoporsi a un&#8217;addominoplastica dopo una gravidanza (spesso multipla) o dopo una massiccia perdita di peso dovuta a un precedente grave sovrappeso (obesit\u00e0).<\/p>\n\t\t<\/div>\n\t\t\n\t\t<a class=\"elementor-post__read-more\" href=\"https:\/\/www.yuveo.de\/it\/op\/corpo\/addominoplastica\/\" aria-label=\"Leggi tutto Addominoplastica\" tabindex=\"-1\">\n\t\t\tLeggi di pi\u00f9 \"\t\t<\/a>\n\n\t\t\t\t<\/div>\n\t\t\t\t<\/article>\n\t\t\t\t<article class=\"elementor-post elementor-grid-item post-38211 page type-page status-publish hentry\" role=\"listitem\">\n\t\t\t\t<div class=\"elementor-post__text\">\n\t\t\t\t<h3 class=\"elementor-post__title\">\n\t\t\t<a href=\"https:\/\/www.yuveo.de\/it\/op\/corpo\/lipoedema-duesseldorf\/\">\n\t\t\t\tLipoedema D\u00fcsseldorf\t\t\t<\/a>\n\t\t<\/h3>\n\t\t\t\t<div class=\"elementor-post__excerpt\">\n\t\t\t<p>In questa pagina puoi trovare maggiori informazioni sulla lipoedema liposuzione presso la Clinica Yuveo di D\u00fcsseldorf. Si tratta dell&#8217;unico metodo che consente di ottenere un<\/p>\n\t\t<\/div>\n\t\t\n\t\t<a class=\"elementor-post__read-more\" href=\"https:\/\/www.yuveo.de\/it\/op\/corpo\/lipoedema-duesseldorf\/\" aria-label=\"Leggi tutto Lipoedema D\u00fcsseldorf\" tabindex=\"-1\">\n\t\t\tLeggi di pi\u00f9 \"\t\t<\/a>\n\n\t\t\t\t<\/div>\n\t\t\t\t<\/article>\n\t\t\t\t<\/div>\n\t\t\n\t\t\t\t\t\t<\/div>\n\t\t\t\t<\/div>\n\t\t\t\t\t<\/div>\n\t\t\t\t<\/div>\n\t\t\t\t<\/div>\n\t\t","protected":false},"excerpt":{"rendered":"","protected":false},"author":1,"featured_media":0,"parent":38165,"menu_order":0,"comment_status":"closed","ping_status":"closed","template":"","meta":{"_acf_changed":false,"footnotes":""},"class_list":["post-38176","page","type-page","status-publish","hentry"],"acf":[],"_links":{"self":[{"href":"https:\/\/www.yuveo.de\/it\/wp-json\/wp\/v2\/pages\/38176","targetHints":{"allow":["GET"]}}],"collection":[{"href":"https:\/\/www.yuveo.de\/it\/wp-json\/wp\/v2\/pages"}],"about":[{"href":"https:\/\/www.yuveo.de\/it\/wp-json\/wp\/v2\/types\/page"}],"author":[{"embeddable":true,"href":"https:\/\/www.yuveo.de\/it\/wp-json\/wp\/v2\/users\/1"}],"replies":[{"embeddable":true,"href":"https:\/\/www.yuveo.de\/it\/wp-json\/wp\/v2\/comments?post=38176"}],"version-history":[{"count":1,"href":"https:\/\/www.yuveo.de\/it\/wp-json\/wp\/v2\/pages\/38176\/revisions"}],"predecessor-version":[{"id":38177,"href":"https:\/\/www.yuveo.de\/it\/wp-json\/wp\/v2\/pages\/38176\/revisions\/38177"}],"up":[{"embeddable":true,"href":"https:\/\/www.yuveo.de\/it\/wp-json\/wp\/v2\/pages\/38165"}],"wp:attachment":[{"href":"https:\/\/www.yuveo.de\/it\/wp-json\/wp\/v2\/media?parent=38176"}],"curies":[{"name":"wp","href":"https:\/\/api.w.org\/{rel}","templated":true}]}}