{"id":40484,"date":"2021-02-16T09:16:34","date_gmt":"2021-02-16T08:16:34","guid":{"rendered":"https:\/\/dev.yuveo.eu\/corps\/"},"modified":"2025-07-17T12:17:25","modified_gmt":"2025-07-17T10:17:25","slug":"corps","status":"publish","type":"page","link":"https:\/\/www.yuveo.de\/fr\/op\/corps\/","title":{"rendered":"Corps"},"content":{"rendered":"\t\t<div data-elementor-type=\"wp-page\" data-elementor-id=\"40484\" class=\"elementor elementor-40484 elementor-13299\" data-elementor-post-type=\"page\">\n\t\t\t\t<div class=\"elementor-element elementor-element-6e1d9d7 e-flex e-con-boxed e-con e-parent\" data-id=\"6e1d9d7\" data-element_type=\"container\" data-e-type=\"container\">\n\t\t\t\t\t<div class=\"e-con-inner\">\n\t\t\t\t<div class=\"elementor-element elementor-element-93d84f2 elementor-posts--thumbnail-none elementor-grid-3 elementor-grid-tablet-2 elementor-grid-mobile-1 elementor-widget elementor-widget-posts\" data-id=\"93d84f2\" data-element_type=\"widget\" data-e-type=\"widget\" data-settings=\"{&quot;classic_row_gap&quot;:{&quot;unit&quot;:&quot;px&quot;,&quot;size&quot;:50,&quot;sizes&quot;:[]},&quot;classic_columns&quot;:&quot;3&quot;,&quot;classic_columns_tablet&quot;:&quot;2&quot;,&quot;classic_columns_mobile&quot;:&quot;1&quot;,&quot;classic_row_gap_tablet&quot;:{&quot;unit&quot;:&quot;px&quot;,&quot;size&quot;:&quot;&quot;,&quot;sizes&quot;:[]},&quot;classic_row_gap_mobile&quot;:{&quot;unit&quot;:&quot;px&quot;,&quot;size&quot;:&quot;&quot;,&quot;sizes&quot;:[]}}\" data-widget_type=\"posts.classic\">\n\t\t\t\t<div class=\"elementor-widget-container\">\n\t\t\t\t\t\t\t<div class=\"elementor-posts-container elementor-posts elementor-posts--skin-classic elementor-grid\" role=\"list\">\n\t\t\t\t<article class=\"elementor-post elementor-grid-item post-40430 page type-page status-publish hentry\" role=\"listitem\">\n\t\t\t\t<div class=\"elementor-post__text\">\n\t\t\t\t<h3 class=\"elementor-post__title\">\n\t\t\t<a href=\"https:\/\/www.yuveo.de\/fr\/op\/corps\/reduction-du-mollet\/\">\n\t\t\t\tR\u00e9duction du mollet\t\t\t<\/a>\n\t\t<\/h3>\n\t\t\t\t<div class=\"elementor-post__excerpt\">\n\t\t\t<p>La r\u00e9duction des mollets joue un r\u00f4le plut\u00f4t secondaire dans la chirurgie plastique par rapport \u00e0 l&rsquo;augmentation mammaire, la r\u00e9duction mammaire, l&rsquo;abdominoplastie, etc. N\u00e9anmoins, il<\/p>\n\t\t<\/div>\n\t\t\n\t\t<a class=\"elementor-post__read-more\" href=\"https:\/\/www.yuveo.de\/fr\/op\/corps\/reduction-du-mollet\/\" aria-label=\"En savoir plus sur R\u00e9duction du mollet\" tabindex=\"-1\">\n\t\t\tLire la suite \"\t\t<\/a>\n\n\t\t\t\t<\/div>\n\t\t\t\t<\/article>\n\t\t\t\t<article class=\"elementor-post elementor-grid-item post-40443 page type-page status-publish hentry\" role=\"listitem\">\n\t\t\t\t<div class=\"elementor-post__text\">\n\t\t\t\t<h3 class=\"elementor-post__title\">\n\t\t\t<a href=\"https:\/\/www.yuveo.de\/fr\/op\/corps\/augmentation-du-mollet\/\">\n\t\t\t\tAugmentation du mollet\t\t\t<\/a>\n\t\t<\/h3>\n\t\t\t\t<div class=\"elementor-post__excerpt\">\n\t\t\t<p>Sur cette page, vous trouverez des informations sur les proc\u00e9dures chirurgicales et non chirurgicales d&rsquo;augmentation des mollets. Nous vous informons sur les formes possibles et<\/p>\n\t\t<\/div>\n\t\t\n\t\t<a class=\"elementor-post__read-more\" href=\"https:\/\/www.yuveo.de\/fr\/op\/corps\/augmentation-du-mollet\/\" aria-label=\"En savoir plus sur Augmentation du mollet\" tabindex=\"-1\">\n\t\t\tLire la suite \"\t\t<\/a>\n\n\t\t\t\t<\/div>\n\t\t\t\t<\/article>\n\t\t\t\t<article class=\"elementor-post elementor-grid-item post-40453 page type-page status-publish hentry\" role=\"listitem\">\n\t\t\t\t<div class=\"elementor-post__text\">\n\t\t\t\t<h3 class=\"elementor-post__title\">\n\t\t\t<a href=\"https:\/\/www.yuveo.de\/fr\/op\/corps\/correction-des-mollets\/\">\n\t\t\t\tCorrection des mollets\t\t\t<\/a>\n\t\t<\/h3>\n\t\t\t\t<div class=\"elementor-post__excerpt\">\n\t\t\t<p>Dans cet article, vous trouverez des informations sur la correction chirurgicale et non chirurgicale des mollets(augmentation ou r\u00e9ductiondes mollets, op\u00e9ration des mollets) \u00e0 la clinique<\/p>\n\t\t<\/div>\n\t\t\n\t\t<a class=\"elementor-post__read-more\" href=\"https:\/\/www.yuveo.de\/fr\/op\/corps\/correction-des-mollets\/\" aria-label=\"En savoir plus sur Correction des mollets\" tabindex=\"-1\">\n\t\t\tLire la suite \"\t\t<\/a>\n\n\t\t\t\t<\/div>\n\t\t\t\t<\/article>\n\t\t\t\t<article class=\"elementor-post elementor-grid-item post-40469 page type-page status-publish hentry\" role=\"listitem\">\n\t\t\t\t<div class=\"elementor-post__text\">\n\t\t\t\t<h3 class=\"elementor-post__title\">\n\t\t\t<a href=\"https:\/\/www.yuveo.de\/fr\/op\/corps\/aspiration-des-glandes-sudoripares\/\">\n\t\t\t\tAspiration des glandes sudoripares\t\t\t<\/a>\n\t\t<\/h3>\n\t\t\t\t<div class=\"elementor-post__excerpt\">\n\t\t\t<p>A la clinique Yuveo de D\u00fcsseldorf, l&rsquo;aspiration des glandes sud oripares fait partie int\u00e9grante de l&rsquo;\u00e9limination des glandes sudoripares. Notre \u00e9quipe de chirurgiens plasticiens exp\u00e9riment\u00e9s<\/p>\n\t\t<\/div>\n\t\t\n\t\t<a class=\"elementor-post__read-more\" href=\"https:\/\/www.yuveo.de\/fr\/op\/corps\/aspiration-des-glandes-sudoripares\/\" aria-label=\"En savoir plus sur Aspiration des glandes sudoripares\" tabindex=\"-1\">\n\t\t\tLire la suite \"\t\t<\/a>\n\n\t\t\t\t<\/div>\n\t\t\t\t<\/article>\n\t\t\t\t<article class=\"elementor-post elementor-grid-item post-40477 page type-page status-publish hentry\" role=\"listitem\">\n\t\t\t\t<div class=\"elementor-post__text\">\n\t\t\t\t<h3 class=\"elementor-post__title\">\n\t\t\t<a href=\"https:\/\/www.yuveo.de\/fr\/op\/corps\/enlevement-des-glandes-sudoripares\/\">\n\t\t\t\tEnl\u00e8vement des glandes sudoripares\t\t\t<\/a>\n\t\t<\/h3>\n\t\t\t\t<div class=\"elementor-post__excerpt\">\n\t\t\t<p>De nombreuses personnes souffrent d &lsquo;une transpiration accrue. Les causes de ce ph\u00e9nom\u00e8ne sont multiples. Certaines sont dues \u00e0 des maladies endocriniennes (hormonales). Souvent, il<\/p>\n\t\t<\/div>\n\t\t\n\t\t<a class=\"elementor-post__read-more\" href=\"https:\/\/www.yuveo.de\/fr\/op\/corps\/enlevement-des-glandes-sudoripares\/\" aria-label=\"En savoir plus sur Enl\u00e8vement des glandes sudoripares\" tabindex=\"-1\">\n\t\t\tLire la suite \"\t\t<\/a>\n\n\t\t\t\t<\/div>\n\t\t\t\t<\/article>\n\t\t\t\t<article class=\"elementor-post elementor-grid-item post-40486 page type-page status-publish hentry\" role=\"listitem\">\n\t\t\t\t<div class=\"elementor-post__text\">\n\t\t\t\t<h3 class=\"elementor-post__title\">\n\t\t\t<a href=\"https:\/\/www.yuveo.de\/fr\/op\/corps\/raffermissement-des-cuisses\/\">\n\t\t\t\tRaffermissement des cuisses\t\t\t<\/a>\n\t\t<\/h3>\n\t\t\t\t<div class=\"elementor-post__excerpt\">\n\t\t\t<p>Le lifting des cuisses est une intervention \u00e0 laquelle ont g\u00e9n\u00e9ralement recours les patients de notre clinique Yuveo \u00e0 D\u00fcsseldorf qui ont atteint une perte<\/p>\n\t\t<\/div>\n\t\t\n\t\t<a class=\"elementor-post__read-more\" href=\"https:\/\/www.yuveo.de\/fr\/op\/corps\/raffermissement-des-cuisses\/\" aria-label=\"En savoir plus sur Raffermissement des cuisses\" tabindex=\"-1\">\n\t\t\tLire la suite \"\t\t<\/a>\n\n\t\t\t\t<\/div>\n\t\t\t\t<\/article>\n\t\t\t\t<article class=\"elementor-post elementor-grid-item post-40497 page type-page status-publish hentry\" role=\"listitem\">\n\t\t\t\t<div class=\"elementor-post__text\">\n\t\t\t\t<h3 class=\"elementor-post__title\">\n\t\t\t<a href=\"https:\/\/www.yuveo.de\/fr\/op\/corps\/lifting-du-bras-bras-superieur\/\">\n\t\t\t\tLifting du bras \/ bras sup\u00e9rieur\t\t\t<\/a>\n\t\t<\/h3>\n\t\t\t\t<div class=\"elementor-post__excerpt\">\n\t\t\t<p>Les patients de la clinique Yuveo de D\u00fcsseldorf qui s&rsquo;int\u00e9ressent au lifting du bras sont g\u00e9n\u00e9ralement ceux qui ont subi une perte de poids importante.<\/p>\n\t\t<\/div>\n\t\t\n\t\t<a class=\"elementor-post__read-more\" href=\"https:\/\/www.yuveo.de\/fr\/op\/corps\/lifting-du-bras-bras-superieur\/\" aria-label=\"En savoir plus sur Lifting du bras \/ bras sup\u00e9rieur\" tabindex=\"-1\">\n\t\t\tLire la suite \"\t\t<\/a>\n\n\t\t\t\t<\/div>\n\t\t\t\t<\/article>\n\t\t\t\t<article class=\"elementor-post elementor-grid-item post-40508 page type-page status-publish hentry\" role=\"listitem\">\n\t\t\t\t<div class=\"elementor-post__text\">\n\t\t\t\t<h3 class=\"elementor-post__title\">\n\t\t\t<a href=\"https:\/\/www.yuveo.de\/fr\/op\/corps\/bodylift\/\">\n\t\t\t\tBodylift\t\t\t<\/a>\n\t\t<\/h3>\n\t\t\t\t<div class=\"elementor-post__excerpt\">\n\t\t\t<p>Le bodylift est \u00e9galement appel\u00e9 bodylifting ou, en fran\u00e7ais, raffermissement du corps. Il a \u00e9t\u00e9 d\u00e9crit pour la premi\u00e8re fois par Lockwood en 1993 et<\/p>\n\t\t<\/div>\n\t\t\n\t\t<a class=\"elementor-post__read-more\" href=\"https:\/\/www.yuveo.de\/fr\/op\/corps\/bodylift\/\" aria-label=\"En savoir plus sur Bodylift\" tabindex=\"-1\">\n\t\t\tLire la suite \"\t\t<\/a>\n\n\t\t\t\t<\/div>\n\t\t\t\t<\/article>\n\t\t\t\t<article class=\"elementor-post elementor-grid-item post-40468 page type-page status-publish hentry\" role=\"listitem\">\n\t\t\t\t<div class=\"elementor-post__text\">\n\t\t\t\t<h3 class=\"elementor-post__title\">\n\t\t\t<a href=\"https:\/\/www.yuveo.de\/fr\/op\/corps\/raffermissement-de-la-peau\/\">\n\t\t\t\tRaffermissement de la peau\t\t\t<\/a>\n\t\t<\/h3>\n\t\t\t\t<div class=\"elementor-post__excerpt\">\n\t\t\t<p>Le souhait d&rsquo;un raffermissement de la peau peut \u00eatre motiv\u00e9 par diff\u00e9rentes raisons. Il est souvent le plus intense chez les personnes qui ont perdu<\/p>\n\t\t<\/div>\n\t\t\n\t\t<a class=\"elementor-post__read-more\" href=\"https:\/\/www.yuveo.de\/fr\/op\/corps\/raffermissement-de-la-peau\/\" aria-label=\"En savoir plus sur Raffermissement de la peau\" tabindex=\"-1\">\n\t\t\tLire la suite \"\t\t<\/a>\n\n\t\t\t\t<\/div>\n\t\t\t\t<\/article>\n\t\t\t\t<article class=\"elementor-post elementor-grid-item post-40473 page type-page status-publish hentry\" role=\"listitem\">\n\t\t\t\t<div class=\"elementor-post__text\">\n\t\t\t\t<h3 class=\"elementor-post__title\">\n\t\t\t<a href=\"https:\/\/www.yuveo.de\/fr\/op\/corps\/liposuccion-duesseldorf\/\">\n\t\t\t\tLiposuccion D\u00fcsseldorf\t\t\t<\/a>\n\t\t<\/h3>\n\t\t\t\t<div class=\"elementor-post__excerpt\">\n\t\t\t<p>La liposuccion est une proc\u00e9dure \u00e9prouv\u00e9e et bien \u00e9tablie pour r\u00e9duire le tissu adipeux. Elle est aujourd&rsquo;hui l&rsquo;une des op\u00e9rations les plus courantes en chirurgie<\/p>\n\t\t<\/div>\n\t\t\n\t\t<a class=\"elementor-post__read-more\" href=\"https:\/\/www.yuveo.de\/fr\/op\/corps\/liposuccion-duesseldorf\/\" aria-label=\"En savoir plus sur Liposuccion D\u00fcsseldorf\" tabindex=\"-1\">\n\t\t\tLire la suite \"\t\t<\/a>\n\n\t\t\t\t<\/div>\n\t\t\t\t<\/article>\n\t\t\t\t<article class=\"elementor-post elementor-grid-item post-40496 page type-page status-publish hentry\" role=\"listitem\">\n\t\t\t\t<div class=\"elementor-post__text\">\n\t\t\t\t<h3 class=\"elementor-post__title\">\n\t\t\t<a href=\"https:\/\/www.yuveo.de\/fr\/op\/corps\/abdominoplastie\/\">\n\t\t\t\tAbdominoplastie\t\t\t<\/a>\n\t\t<\/h3>\n\t\t\t\t<div class=\"elementor-post__excerpt\">\n\t\t\t<p>De nombreuses patientes souhaitent une abdominoplastie ou une plastie abdominale apr\u00e8s des grossesses (souvent des grossesses multiples) ou apr\u00e8s une perte de poids massive due<\/p>\n\t\t<\/div>\n\t\t\n\t\t<a class=\"elementor-post__read-more\" href=\"https:\/\/www.yuveo.de\/fr\/op\/corps\/abdominoplastie\/\" aria-label=\"En savoir plus sur Abdominoplastie\" tabindex=\"-1\">\n\t\t\tLire la suite \"\t\t<\/a>\n\n\t\t\t\t<\/div>\n\t\t\t\t<\/article>\n\t\t\t\t<article class=\"elementor-post elementor-grid-item post-40691 page type-page status-publish hentry\" role=\"listitem\">\n\t\t\t\t<div class=\"elementor-post__text\">\n\t\t\t\t<h3 class=\"elementor-post__title\">\n\t\t\t<a href=\"https:\/\/www.yuveo.de\/fr\/op\/corps\/lipoedeme-duesseldorf\/\">\n\t\t\t\tLip\u0153d\u00e8me D\u00fcsseldorf\t\t\t<\/a>\n\t\t<\/h3>\n\t\t\t\t<div class=\"elementor-post__excerpt\">\n\t\t\t<p>Sur cette page, vous trouverez des informations d\u00e9taill\u00e9es sur la liposuccion du lipoed\u00e8me \u00e0 la clinique Yuveo de D\u00fcsseldorf. Il s&rsquo;agit de la seule m\u00e9thode<\/p>\n\t\t<\/div>\n\t\t\n\t\t<a class=\"elementor-post__read-more\" href=\"https:\/\/www.yuveo.de\/fr\/op\/corps\/lipoedeme-duesseldorf\/\" aria-label=\"En savoir plus sur Lip\u0153d\u00e8me D\u00fcsseldorf\" tabindex=\"-1\">\n\t\t\tLire la suite \"\t\t<\/a>\n\n\t\t\t\t<\/div>\n\t\t\t\t<\/article>\n\t\t\t\t<\/div>\n\t\t\n\t\t\t\t\t\t<\/div>\n\t\t\t\t<\/div>\n\t\t\t\t\t<\/div>\n\t\t\t\t<\/div>\n\t\t\t\t<\/div>\n\t\t","protected":false},"excerpt":{"rendered":"","protected":false},"author":1,"featured_media":0,"parent":40684,"menu_order":0,"comment_status":"closed","ping_status":"closed","template":"","meta":{"_acf_changed":false,"footnotes":""},"class_list":["post-40484","page","type-page","status-publish","hentry"],"acf":[],"_links":{"self":[{"href":"https:\/\/www.yuveo.de\/fr\/wp-json\/wp\/v2\/pages\/40484","targetHints":{"allow":["GET"]}}],"collection":[{"href":"https:\/\/www.yuveo.de\/fr\/wp-json\/wp\/v2\/pages"}],"about":[{"href":"https:\/\/www.yuveo.de\/fr\/wp-json\/wp\/v2\/types\/page"}],"author":[{"embeddable":true,"href":"https:\/\/www.yuveo.de\/fr\/wp-json\/wp\/v2\/users\/1"}],"replies":[{"embeddable":true,"href":"https:\/\/www.yuveo.de\/fr\/wp-json\/wp\/v2\/comments?post=40484"}],"version-history":[{"count":1,"href":"https:\/\/www.yuveo.de\/fr\/wp-json\/wp\/v2\/pages\/40484\/revisions"}],"predecessor-version":[{"id":40495,"href":"https:\/\/www.yuveo.de\/fr\/wp-json\/wp\/v2\/pages\/40484\/revisions\/40495"}],"up":[{"embeddable":true,"href":"https:\/\/www.yuveo.de\/fr\/wp-json\/wp\/v2\/pages\/40684"}],"wp:attachment":[{"href":"https:\/\/www.yuveo.de\/fr\/wp-json\/wp\/v2\/media?parent=40484"}],"curies":[{"name":"wp","href":"https:\/\/api.w.org\/{rel}","templated":true}]}}