{"id":40312,"date":"2021-02-16T12:28:19","date_gmt":"2021-02-16T11:28:19","guid":{"rendered":"https:\/\/dev.yuveo.eu\/dr-rene-schumann\/"},"modified":"2025-08-12T12:25:15","modified_gmt":"2025-08-12T10:25:15","slug":"dr-rene-schumann","status":"publish","type":"page","link":"https:\/\/www.yuveo.de\/fr\/dr-rene-schumann\/","title":{"rendered":"Dr. Rene Schumann"},"content":{"rendered":"\t\t<div data-elementor-type=\"wp-page\" data-elementor-id=\"40312\" class=\"elementor elementor-40312 elementor-13522\" data-elementor-post-type=\"page\">\n\t\t\t\t\t\t<section class=\"elementor-section elementor-top-section elementor-element elementor-element-7f803e5b elementor-reverse-tablet elementor-reverse-mobile elementor-section-boxed elementor-section-height-default elementor-section-height-default\" data-id=\"7f803e5b\" data-element_type=\"section\" data-e-type=\"section\">\n\t\t\t\t\t\t<div class=\"elementor-container elementor-column-gap-default\">\n\t\t\t\t\t<div class=\"elementor-column elementor-col-50 elementor-top-column elementor-element elementor-element-2eaeb3b0\" data-id=\"2eaeb3b0\" data-element_type=\"column\" data-e-type=\"column\">\n\t\t\t<div class=\"elementor-widget-wrap elementor-element-populated\">\n\t\t\t\t\t\t<div class=\"elementor-element elementor-element-44840b35 elementor-widget elementor-widget-text-editor\" data-id=\"44840b35\" data-element_type=\"widget\" data-e-type=\"widget\" data-widget_type=\"text-editor.default\">\n\t\t\t\t<div class=\"elementor-widget-container\">\n\t\t\t\t\t\t\t\t\t<p>Dans le cadre de sa formation, le Dr Schumann (*1971) est pass\u00e9 par diff\u00e9rents services de <a href=\"https:\/\/www.yuveo.de\/fr\/lexikon\/chirurgie-plastique\/\">chirurgie plastique<\/a>, mais aussi par la chirurgie <a href=\"https:\/\/www.yuveo.de\/fr\/chirurgie-de-la-main-duesseldorf\/\">de la main<\/a>, la chirurgie g\u00e9n\u00e9rale et traumatologique et la chirurgie cardio-thoracique et vasculaire.<\/p><p>Cette vaste exp\u00e9rience enrichit encore aujourd&rsquo;hui son activit\u00e9 de chirurgie plastique et de chirurgie de la main.<\/p><p>Depuis fin<strong> 2006<\/strong>, le Dr Schumann exerce en cabinet lib\u00e9ral et en clinique priv\u00e9e en tant que chirurgien plasticien et chirurgien de la main.<\/p><p>Le point fort de l&rsquo;ann\u00e9e <strong>2013<\/strong> a \u00e9t\u00e9 la <strong>construction de la CLINIQUE YUVEO<\/strong>, dans laquelle il a \u00e9t\u00e9 possible de r\u00e9aliser ses propres concepts. Vous trouverez plus d&rsquo;informations sur la clinique sur www.plastischechirurgieduesseldorf.eu. <\/p><p>Le Dr Schumann est membre de la Soci\u00e9t\u00e9 allemande des chirurgiens plasticiens, reconstructeurs et esth\u00e9tiques (DGPR\u00c4C, anciennement Association des chirurgiens plasticiens allemands : VDPC).<\/p><p>Le titre de m\u00e9decin sp\u00e9cialiste a \u00e9t\u00e9 obtenu en Allemagne.<br>Dr. Schumann est membre de la chambre des m\u00e9decins de Rh\u00e9nanie du Nord et est donc soumis \u00e0 la r\u00e9glementation professionnelle correspondante.<\/p><p>Il a termin\u00e9 ses \u00e9tudes \u00e0 l&rsquo;universit\u00e9 Heinrich Heine de D\u00fcsseldorf au d\u00e9but de<strong> l&rsquo;ann\u00e9e 1999<\/strong>. Il a ensuite commenc\u00e9 sa formation de chirurgien plasticien \u00e0 la clinique de chirurgie plastique de l&rsquo;h\u00f4pital Florence Nightingale, Diakonie D\u00fcsseldorf\/ Kaiserswerth, sous la direction du chef de service, le professeur R. R. Olbisch (chirurgien plasticien). C&rsquo;est \u00e9galement \u00e0 cette \u00e9poque que le Dr Schumann a termin\u00e9 sa th\u00e8se de doctorat, commenc\u00e9e pendant ses \u00e9tudes, sur le th\u00e8me : \u00ab\u00a0Etude immunohistochimique comparative de l&rsquo;infiltration par les cellules T et les macrophages des st\u00e9noses symptomatiques et asymptomatiques de l&rsquo;art\u00e8re carotide interne\u00a0\u00bb.<br>(Clinique neurologique de l&rsquo;Universit\u00e9 Heinrich Heine de D\u00fcsseldorf, directeur : Pr Dr H.J. Freund ; directeur de th\u00e8se : Pr Dr G. Stoll ; directeur de th\u00e8se : Dr S. Jander)  <\/p><p>Dans l&rsquo;intervalle suivant<strong>(\u00e0 partir de mi-2001<\/strong>), il a travaill\u00e9 \u00e0 la clinique de chirurgie cardiaque, thoracique et vasculaire sous la direction du professeur M.-J. Polonius (St\u00e4dt. Kliniken Dortmund).<\/p><p>Le temps pass\u00e9 \u00e0 partir de d\u00e9but <strong>2002<\/strong> \u00e0 la clinique de chirurgie, de traumatologie et au centre de chirurgie mini-invasive (m\u00e9decin-chef Prof. Walz (Evang. Huyssens-Stiftung, Kliniken-Essen-Mitte) ont signifi\u00e9 la formation d&rsquo;une base chirurgicale solide.<\/p><p>A partir de <strong>2003<\/strong>, le Dr Schumann a de nouveau r\u00e9pondu \u00e0 l&rsquo;appel de la chirurgie plastique &#8211; et plus pr\u00e9cis\u00e9ment \u00e0 Hagen. G. Erbs (Clinique de chirurgie plastique et de chirurgie de la main, H\u00f4pital St. Josefs de Hagen), il a b\u00e9n\u00e9fici\u00e9 d&rsquo;une solide formation en chirurgie plastique et en chirurgie de la main pour devenir m\u00e9decin sp\u00e9cialiste. Un passage dans le service de chirurgie traumatique du Dr Thiem lui a notamment permis d&rsquo;apprendre les techniques d&rsquo;ost\u00e9osynth\u00e8se en chirurgie traumatique.  <\/p><p><strong>Mi-2006<\/strong>, alors qu&rsquo;il travaillait dans le service du Dr Erbs, le Dr Schumann a obtenu sa sp\u00e9cialisation en chirurgie plastique et esth\u00e9tique.<\/p>\t\t\t\t\t\t\t\t<\/div>\n\t\t\t\t<\/div>\n\t\t\t\t\t<\/div>\n\t\t<\/div>\n\t\t\t\t<div class=\"elementor-column elementor-col-50 elementor-top-column elementor-element elementor-element-73c463d6\" data-id=\"73c463d6\" data-element_type=\"column\" data-e-type=\"column\">\n\t\t\t<div class=\"elementor-widget-wrap elementor-element-populated\">\n\t\t\t\t\t\t<div class=\"elementor-element elementor-element-c18cca9 elementor-widget elementor-widget-image\" data-id=\"c18cca9\" data-element_type=\"widget\" data-e-type=\"widget\" data-widget_type=\"image.default\">\n\t\t\t\t<div class=\"elementor-widget-container\">\n\t\t\t\t\t\t\t\t\t\t\t\t\t\t\t<img fetchpriority=\"high\" decoding=\"async\" width=\"439\" height=\"500\" src=\"https:\/\/www.yuveo.de\/wp-content\/uploads\/2021\/02\/dr-schumann01-02-500px-w.jpg\" class=\"attachment-large size-large wp-image-40314\" alt=\"Dr. Rene Schumann, Plastischer Chirurg\" srcset=\"https:\/\/www.yuveo.de\/wp-content\/uploads\/2021\/02\/dr-schumann01-02-500px-w.jpg 439w, https:\/\/www.yuveo.de\/wp-content\/uploads\/2021\/02\/dr-schumann01-02-500px-w-263x300.jpg 263w\" sizes=\"(max-width: 439px) 100vw, 439px\" \/>\t\t\t\t\t\t\t\t\t\t\t\t\t\t\t<\/div>\n\t\t\t\t<\/div>\n\t\t\t\t\t<\/div>\n\t\t<\/div>\n\t\t\t\t\t<\/div>\n\t\t<\/section>\n\t\t\t\t<\/div>\n\t\t","protected":false},"excerpt":{"rendered":"<p>Dans le cadre de sa formation, le Dr Schumann (*1971) est pass\u00e9 par diff\u00e9rents services de chirurgie plastique, mais aussi par la chirurgie de la main, la chirurgie g\u00e9n\u00e9rale et traumatologique et la chirurgie cardio-thoracique et vasculaire. Cette vaste exp\u00e9rience enrichit encore aujourd&rsquo;hui son activit\u00e9 de chirurgie plastique et de chirurgie de la main. Depuis [&hellip;]<\/p>\n","protected":false},"author":1,"featured_media":0,"parent":0,"menu_order":0,"comment_status":"closed","ping_status":"closed","template":"","meta":{"_acf_changed":false,"footnotes":""},"class_list":["post-40312","page","type-page","status-publish","hentry"],"acf":[],"_links":{"self":[{"href":"https:\/\/www.yuveo.de\/fr\/wp-json\/wp\/v2\/pages\/40312","targetHints":{"allow":["GET"]}}],"collection":[{"href":"https:\/\/www.yuveo.de\/fr\/wp-json\/wp\/v2\/pages"}],"about":[{"href":"https:\/\/www.yuveo.de\/fr\/wp-json\/wp\/v2\/types\/page"}],"author":[{"embeddable":true,"href":"https:\/\/www.yuveo.de\/fr\/wp-json\/wp\/v2\/users\/1"}],"replies":[{"embeddable":true,"href":"https:\/\/www.yuveo.de\/fr\/wp-json\/wp\/v2\/comments?post=40312"}],"version-history":[{"count":2,"href":"https:\/\/www.yuveo.de\/fr\/wp-json\/wp\/v2\/pages\/40312\/revisions"}],"predecessor-version":[{"id":40994,"href":"https:\/\/www.yuveo.de\/fr\/wp-json\/wp\/v2\/pages\/40312\/revisions\/40994"}],"wp:attachment":[{"href":"https:\/\/www.yuveo.de\/fr\/wp-json\/wp\/v2\/media?parent=40312"}],"curies":[{"name":"wp","href":"https:\/\/api.w.org\/{rel}","templated":true}]}}