{"id":40297,"date":"2021-02-16T13:44:42","date_gmt":"2021-02-16T12:44:42","guid":{"rendered":"https:\/\/dev.yuveo.eu\/offres-demploi\/"},"modified":"2025-07-17T12:16:11","modified_gmt":"2025-07-17T10:16:11","slug":"offres-demploi","status":"publish","type":"page","link":"https:\/\/www.yuveo.de\/fr\/offres-demploi\/","title":{"rendered":"Offres d&#8217;emploi"},"content":{"rendered":"\t\t<div data-elementor-type=\"wp-page\" data-elementor-id=\"40297\" class=\"elementor elementor-40297 elementor-13568\" data-elementor-post-type=\"page\">\n\t\t\t\t\t\t<section class=\"elementor-section elementor-top-section elementor-element elementor-element-39535ea7 elementor-section-boxed elementor-section-height-default elementor-section-height-default\" data-id=\"39535ea7\" data-element_type=\"section\" data-e-type=\"section\">\n\t\t\t\t\t\t<div class=\"elementor-container elementor-column-gap-default\">\n\t\t\t\t\t<div class=\"elementor-column elementor-col-100 elementor-top-column elementor-element elementor-element-5a42dfe4\" data-id=\"5a42dfe4\" data-element_type=\"column\" data-e-type=\"column\">\n\t\t\t<div class=\"elementor-widget-wrap elementor-element-populated\">\n\t\t\t\t\t\t\t<\/div>\n\t\t<\/div>\n\t\t\t\t\t<\/div>\n\t\t<\/section>\n\t\t\t\t<section class=\"elementor-section elementor-top-section elementor-element elementor-element-880042e elementor-section-boxed elementor-section-height-default elementor-section-height-default\" data-id=\"880042e\" data-element_type=\"section\" data-e-type=\"section\">\n\t\t\t\t\t\t<div class=\"elementor-container elementor-column-gap-default\">\n\t\t\t\t\t<div class=\"elementor-column elementor-col-100 elementor-top-column elementor-element elementor-element-5c105a7\" data-id=\"5c105a7\" data-element_type=\"column\" data-e-type=\"column\">\n\t\t\t<div class=\"elementor-widget-wrap elementor-element-populated\">\n\t\t\t\t\t\t<div class=\"elementor-element elementor-element-b0e467d elementor-widget elementor-widget-accordion\" data-id=\"b0e467d\" data-element_type=\"widget\" data-e-type=\"widget\" data-widget_type=\"accordion.default\">\n\t\t\t\t<div class=\"elementor-widget-container\">\n\t\t\t\t\t\t\t<div class=\"elementor-accordion\">\n\t\t\t\t\t\t\t<div class=\"elementor-accordion-item\">\n\t\t\t\t\t<h3 id=\"elementor-tab-title-1851\" class=\"elementor-tab-title\" data-tab=\"1\" role=\"button\" aria-controls=\"elementor-tab-content-1851\" aria-expanded=\"false\">\n\t\t\t\t\t\t\t\t\t\t\t\t\t<span class=\"elementor-accordion-icon elementor-accordion-icon-left\" aria-hidden=\"true\">\n\t\t\t\t\t\t\t\t\t\t\t\t\t\t\t<span class=\"elementor-accordion-icon-closed\"><i class=\"fas fa-plus\"><\/i><\/span>\n\t\t\t\t\t\t\t\t<span class=\"elementor-accordion-icon-opened\"><i class=\"fas fa-minus\"><\/i><\/span>\n\t\t\t\t\t\t\t\t\t\t\t\t\t\t<\/span>\n\t\t\t\t\t\t\t\t\t\t\t\t<a class=\"elementor-accordion-title\" tabindex=\"0\">Infirmi\u00e8re\/infirmier\/OTA\/0MFA (h\/f) recherch\u00e9(e) \u00e0 temps plein ou partiel !  <\/a>\n\t\t\t\t\t<\/h3>\n\t\t\t\t\t<div id=\"elementor-tab-content-1851\" class=\"elementor-tab-content elementor-clearfix\" data-tab=\"1\" role=\"region\" aria-labelledby=\"elementor-tab-title-1851\"><h2><strong>Nous vous recherchons pour notre secteur op\u00e9ratoire !<\/strong><\/h2>\n<p>Nous agrandissons notre \u00e9quipe dans notre clinique priv\u00e9e sp\u00e9cialis\u00e9e en chirurgie plastique et chirurgie de la main \u00e0 D\u00fcsseldorf (Golzheim) et recherchons donc d\u00e8s que possible un(e) infirmier(e) ou un(e) technicien(ne) de bloc op\u00e9ratoire \u00e0 temps plein ou \u00e0 temps partiel pour notre bloc op\u00e9ratoire.<\/p>\n<h3><strong>Vos responsabilit\u00e9s :<\/strong><\/h3>\n<ul>\n<li>En tant que membre de l&rsquo;\u00e9quipe chirurgicale, vous assurez l&rsquo;instrumentation et l&rsquo;assistance ainsi que des activit\u00e9s de relais lors d&rsquo;interventions chirurgicales.<\/li>\n<li>Prise en charge professionnelle du patient avant, pendant et apr\u00e8s une intervention chirurgicale<\/li>\n<li>Respect et contr\u00f4le de l&rsquo;hygi\u00e8ne<\/li>\n<li>Pr\u00e9paration et suivi des op\u00e9rations<\/li>\n<li>Documentation professionnelle<\/li>\n<\/ul>\n<h3><strong>Quelles sont les conditions \u00e0 remplir ?<\/strong><\/h3>\n<ul>\n<li>Formation d&rsquo;infirmier\/infirmi\u00e8re dipl\u00f4m\u00e9(e) ou d&rsquo;assistant(e) en soins et sant\u00e9 communautaire (OTA)<\/li>\n<\/ul>\n<ul>\n<li>Autonome, consciencieux, fiable, structur\u00e9 et ayant un sens aigu des responsabilit\u00e9s.<\/li>\n<li>Flexibilit\u00e9 et fiabilit\u00e9<\/li>\n<li>Vous devez \u00eatre aimable et avoir un bon contact avec les coll\u00e8gues et les patients.<\/li>\n<li>Une exp\u00e9rience dans le domaine op\u00e9ratoire de la chirurgie esth\u00e9tique et plastique est bienvenue, mais pas indispensable.<\/li>\n<li>La connaissance de l&rsquo;anglais est un atout majeur.<\/li>\n<\/ul>\n<h3><strong>Voici ce que vous pouvez attendre de nous :<\/strong><\/h3>\n<ul>\n<li>Emploi fixe \u00e0 temps plein, ou \u00e0 temps partiel sur demande<\/li>\n<li>Pas de travail le week-end ou les jours f\u00e9ri\u00e9s<\/li>\n<li>Travail dans une clinique de chirurgie plastique et de chirurgie de la main r\u00e9put\u00e9e et connue<\/li>\n<\/ul>\n<ul>\n<li>Une approche valorisante et personnalis\u00e9e<\/li>\n<li>Vous ferez partie d&rsquo;une \u00e9quipe motiv\u00e9e avec une ambiance de travail conviviale.<\/li>\n<li>une r\u00e9mun\u00e9ration attractive<\/li>\n<li>Bonne accessibilit\u00e9<\/li>\n<\/ul>\n<p><strong><br \/>Vous souhaitez faire partie de notre \u00e9quipe ?  <\/strong><strong>Nous attendons avec impatience votre candidature pertinente !<\/strong><\/p>\n<p>Votre contact en mati\u00e8re de candidature est Mme Dr. Schumann-Averkiou, Yuveo Klinik Dr.<\/p>\n<\/div>\n\t\t\t\t<\/div>\n\t\t\t\t\t\t\t<div class=\"elementor-accordion-item\">\n\t\t\t\t\t<h3 id=\"elementor-tab-title-1852\" class=\"elementor-tab-title\" data-tab=\"2\" role=\"button\" aria-controls=\"elementor-tab-content-1852\" aria-expanded=\"false\">\n\t\t\t\t\t\t\t\t\t\t\t\t\t<span class=\"elementor-accordion-icon elementor-accordion-icon-left\" aria-hidden=\"true\">\n\t\t\t\t\t\t\t\t\t\t\t\t\t\t\t<span class=\"elementor-accordion-icon-closed\"><i class=\"fas fa-plus\"><\/i><\/span>\n\t\t\t\t\t\t\t\t<span class=\"elementor-accordion-icon-opened\"><i class=\"fas fa-minus\"><\/i><\/span>\n\t\t\t\t\t\t\t\t\t\t\t\t\t\t<\/span>\n\t\t\t\t\t\t\t\t\t\t\t\t<a class=\"elementor-accordion-title\" tabindex=\"0\">Infirmier(e) ou OTA, AMF (m\/f) recherch\u00e9(e) sur la base d'un mini-job !<\/a>\n\t\t\t\t\t<\/h3>\n\t\t\t\t\t<div id=\"elementor-tab-content-1852\" class=\"elementor-tab-content elementor-clearfix\" data-tab=\"2\" role=\"region\" aria-labelledby=\"elementor-tab-title-1852\"><p><strong>Nous vous recherchons pour notre service de chirurgie et de soins aux patients !<\/strong><\/p>\n<p>Nous agrandissons notre \u00e9quipe dans notre clinique priv\u00e9e sp\u00e9cialis\u00e9e dans la chirurgie plastique et la chirurgie de la main \u00e0 D\u00fcsseldorf (Golzheim) et recherchons donc d\u00e8s que possible un(e) infirmier(e) ou un(e) OTA ou un(e) AMF \u00e0 temps partiel ou \u00e0 temps plein pour notre bloc op\u00e9ratoire et les soins aux patients.<\/p>\n<p><strong>Vos responsabilit\u00e9s :<\/strong><\/p>\n<ul>\n<li>En tant que membre de l&rsquo;\u00e9quipe chirurgicale, vous assurez l&rsquo;instrumentation et l&rsquo;assistance ainsi que des activit\u00e9s de relais lors d&rsquo;interventions chirurgicales.<\/li>\n<li>Prise en charge professionnelle du patient avant, pendant et apr\u00e8s une intervention chirurgicale<\/li>\n<li>Respect et contr\u00f4le de l&rsquo;hygi\u00e8ne<\/li>\n<li>Pr\u00e9paration et suivi des op\u00e9rations<\/li>\n<li>Documentation professionnelle<\/li>\n<\/ul>\n<p><strong>Quelles sont les conditions \u00e0 remplir ?<\/strong><\/p>\n<ul>\n<li>Formation d&rsquo;infirmier(e) dipl\u00f4m\u00e9(e) ou d&rsquo;assistant(e) technique en soins hospitaliers ou d&rsquo;assistant(e) m\u00e9dical(e)<\/li>\n<li>Autonome, consciencieux, fiable, structur\u00e9 et ayant un sens aigu des responsabilit\u00e9s.<\/li>\n<li>Flexibilit\u00e9 et fiabilit\u00e9<\/li>\n<li>Vous devez \u00eatre aimable et avoir un bon contact avec les coll\u00e8gues et les patients.<\/li>\n<li>Une exp\u00e9rience dans le domaine op\u00e9ratoire de la chirurgie esth\u00e9tique et plastique est bienvenue, mais pas indispensable.<\/li>\n<li>La connaissance de l&rsquo;anglais est un atout majeur.<\/li>\n<\/ul>\n<p><strong>Voici ce que vous pouvez attendre de nous :<\/strong><\/p>\n<ul>\n<li>Pas de travail le week-end ou les jours f\u00e9ri\u00e9s<\/li>\n<li>Travail dans une clinique de chirurgie plastique et de chirurgie de la main r\u00e9put\u00e9e et connue<\/li>\n<li>Une approche valorisante et personnalis\u00e9e<\/li>\n<li>Vous ferez partie d&rsquo;une \u00e9quipe motiv\u00e9e avec une ambiance de travail conviviale.<\/li>\n<li>une r\u00e9mun\u00e9ration attractive<\/li>\n<li>Bonne accessibilit\u00e9<\/li>\n<\/ul>\n<p><strong>Vous souhaitez faire partie de notre \u00e9quipe ? Nous attendons avec impatience votre candidature pertinente ! <\/strong><\/p>\n<p>Votre contact en mati\u00e8re de candidature est Mme Dr. Schumann-Averkiou, Yuveo Klinik Dr.<\/p>\n<\/div>\n\t\t\t\t<\/div>\n\t\t\t\t\t\t\t<div class=\"elementor-accordion-item\">\n\t\t\t\t\t<h3 id=\"elementor-tab-title-1853\" class=\"elementor-tab-title\" data-tab=\"3\" role=\"button\" aria-controls=\"elementor-tab-content-1853\" aria-expanded=\"false\">\n\t\t\t\t\t\t\t\t\t\t\t\t\t<span class=\"elementor-accordion-icon elementor-accordion-icon-left\" aria-hidden=\"true\">\n\t\t\t\t\t\t\t\t\t\t\t\t\t\t\t<span class=\"elementor-accordion-icon-closed\"><i class=\"fas fa-plus\"><\/i><\/span>\n\t\t\t\t\t\t\t\t<span class=\"elementor-accordion-icon-opened\"><i class=\"fas fa-minus\"><\/i><\/span>\n\t\t\t\t\t\t\t\t\t\t\t\t\t\t<\/span>\n\t\t\t\t\t\t\t\t\t\t\t\t<a class=\"elementor-accordion-title\" tabindex=\"0\">R\u00e9ceptionniste\/Receveur (h\/f) - Chirurgie plastique - recherch\u00e9 !<\/a>\n\t\t\t\t\t<\/h3>\n\t\t\t\t\t<div id=\"elementor-tab-content-1853\" class=\"elementor-tab-content elementor-clearfix\" data-tab=\"3\" role=\"region\" aria-labelledby=\"elementor-tab-title-1853\"><p>Nous recherchons pour notre clinique priv\u00e9e Yuveo sp\u00e9cialis\u00e9e en chirurgie plastique et chirurgie de la main \u00e0 D\u00fcsseldorf (Golzheim) des r\u00e9ceptionnistes\/r\u00e9ceptionnistes (h\/f) \u00e0 temps plein\/partiel ou sur la base d&rsquo;un mini-job pour les t\u00e2ches suivantes :<\/p>\n<h3><strong><br \/>Voici vos responsabilit\u00e9s :<\/strong><\/h3>\n<ul>\n<li>Accueil comp\u00e9tent et chaleureux des patients<\/li>\n<li>Service t\u00e9l\u00e9phonique : prise de rendez-vous professionnels et renseignements g\u00e9n\u00e9raux sur les services offerts <\/li>\n<li>T\u00e2ches g\u00e9n\u00e9rales de secr\u00e9tariat<\/li>\n<li>Facturation et r\u00e8glement<\/li>\n<li>Gestion des commandes<\/li>\n<li>Gestion des rendez-vous chirurgicaux<\/li>\n<li>Cr\u00e9ation de devis<\/li>\n<li>Traitement du courrier entrant et sortant<\/li>\n<\/ul>\n<h3><strong><br \/>Quelles sont les conditions \u00e0 remplir ?<\/strong><\/h3>\n<ul>\n<li>Vous avez <strong>termin\u00e9 votre<\/strong> formation professionnelle dans le domaine de la m\u00e9decine (dentaire), en tant qu&rsquo;assistant m\u00e9dical, infirmier ou infirmi\u00e8re, dans l&rsquo;h\u00f4tellerie, en tant qu&#8217;employ\u00e9(e) de bureau ou en tant qu&#8217;employ\u00e9(e) de commerce.<\/li>\n<li>Vous pouvez justifier d&rsquo;une solide exp\u00e9rience en tant qu&#8217;employ\u00e9(e) \u00e0 la r\u00e9ception ou \u00e0 l&rsquo;accueil d&rsquo;une entreprise ou d&rsquo;un cabinet m\u00e9dical.<\/li>\n<li>Autonome, consciencieux, fiable, structur\u00e9 et ayant un sens aigu des responsabilit\u00e9s.<\/li>\n<li>Flexibilit\u00e9 et fiabilit\u00e9<\/li>\n<li>Vous devez \u00eatre socialement comp\u00e9tent(e) dans vos relations avec vos coll\u00e8gues et nos patients.<\/li>\n<li>Excellente connaissance de l&rsquo;ordinateur (MS-Office, applications Internet, Excel, etc.)<\/li>\n<li>La connaissance de l&rsquo;anglais est un atout majeur.<\/li>\n<\/ul>\n<h3><strong>Ce qui vous attend<\/strong><\/h3>\n<ul>\n<li>Possibilit\u00e9 d&#8217;emploi permanent \u00e0 temps plein<\/li>\n<li>Pas de travail le week-end ou les jours f\u00e9ri\u00e9s<\/li>\n<li>Travail dans une clinique de chirurgie plastique et de chirurgie de la main r\u00e9put\u00e9e et connue<\/li>\n<li>Une approche valorisante et personnalis\u00e9e<\/li>\n<li>Vous ferez partie d&rsquo;une \u00e9quipe motiv\u00e9e avec une ambiance de travail conviviale.<\/li>\n<li>Bonne accessibilit\u00e9<\/li>\n<\/ul>\n<p>Vous souhaitez faire partie de notre \u00e9quipe dans notre clinique de chirurgie plastique moderne \u00e0 D\u00fcsseldorf ? Nous attendons avec impatience votre candidature pertinente. <\/p>\n<p>Votre contact en mati\u00e8re de candidature est Mme Dr. Schumann-Averkiou, Yuveo Klinik Dr.<\/p>\n<p>Yuveo Klinik<br \/>Kaiserswerther Str. 119<br \/>40474 D\u00fcsseldorf<br \/>T 0211 24790940<br \/>F 0211 24790949<\/p>\n<\/div>\n\t\t\t\t<\/div>\n\t\t\t\t\t\t\t<div class=\"elementor-accordion-item\">\n\t\t\t\t\t<h3 id=\"elementor-tab-title-1854\" class=\"elementor-tab-title\" data-tab=\"4\" role=\"button\" aria-controls=\"elementor-tab-content-1854\" aria-expanded=\"false\">\n\t\t\t\t\t\t\t\t\t\t\t\t\t<span class=\"elementor-accordion-icon elementor-accordion-icon-left\" aria-hidden=\"true\">\n\t\t\t\t\t\t\t\t\t\t\t\t\t\t\t<span class=\"elementor-accordion-icon-closed\"><i class=\"fas fa-plus\"><\/i><\/span>\n\t\t\t\t\t\t\t\t<span class=\"elementor-accordion-icon-opened\"><i class=\"fas fa-minus\"><\/i><\/span>\n\t\t\t\t\t\t\t\t\t\t\t\t\t\t<\/span>\n\t\t\t\t\t\t\t\t\t\t\t\t<a class=\"elementor-accordion-title\" tabindex=\"0\">Garde de nuit\/infirmier(\u00e8re) (en semaine) recherch\u00e9(e) pour clinique priv\u00e9e !<\/a>\n\t\t\t\t\t<\/h3>\n\t\t\t\t\t<div id=\"elementor-tab-content-1854\" class=\"elementor-tab-content elementor-clearfix\" data-tab=\"4\" role=\"region\" aria-labelledby=\"elementor-tab-title-1854\"><p>Nous agrandissons notre \u00e9quipe dans notre clinique priv\u00e9e sp\u00e9cialis\u00e9e en chirurgie plastique et chirurgie de la main \u00e0 D\u00fcsseldorf (Golzheim) et recherchons donc <strong>un(e) infirmier(e) de sant\u00e9 publique pour un poste de veilleur(se) de nuit<\/strong> (en semaine) d\u00e8s que possible.<\/p>\n<h2><strong>Votre domaine d&rsquo;activit\u00e9 :<\/strong><\/h2>\n<ul>\n<li>Prise en charge de 3-4 patients maximum pendant la nuit <\/li>\n<\/ul>\n<h2><strong>Quelles sont les conditions \u00e0 remplir ?<\/strong><\/h2>\n<ul>\n<li>Formation d&rsquo;infirmier(\u00e8re) dipl\u00f4m\u00e9(e) en sant\u00e9 publique<\/li>\n<li>comp\u00e9tences professionnelles et sociales \u00e9lev\u00e9es<\/li>\n<li>un traitement respectueux, affectueux et individuel de nos patients<\/li>\n<\/ul>\n<p>Vous souhaitez faire partie de notre \u00e9quipe ? Nous attendons avec impatience votre candidature pertinente ! <\/p>\n<p>Votre contact en mati\u00e8re de candidature est Mme Dr. Schumann-Averkiou, Yuveo Klinik Dr.<\/p>\n<\/div>\n\t\t\t\t<\/div>\n\t\t\t\t\t\t\t<div class=\"elementor-accordion-item\">\n\t\t\t\t\t<h3 id=\"elementor-tab-title-1855\" class=\"elementor-tab-title\" data-tab=\"5\" role=\"button\" aria-controls=\"elementor-tab-content-1855\" aria-expanded=\"false\">\n\t\t\t\t\t\t\t\t\t\t\t\t\t<span class=\"elementor-accordion-icon elementor-accordion-icon-left\" aria-hidden=\"true\">\n\t\t\t\t\t\t\t\t\t\t\t\t\t\t\t<span class=\"elementor-accordion-icon-closed\"><i class=\"fas fa-plus\"><\/i><\/span>\n\t\t\t\t\t\t\t\t<span class=\"elementor-accordion-icon-opened\"><i class=\"fas fa-minus\"><\/i><\/span>\n\t\t\t\t\t\t\t\t\t\t\t\t\t\t<\/span>\n\t\t\t\t\t\t\t\t\t\t\t\t<a class=\"elementor-accordion-title\" tabindex=\"0\">Assistance \u00e0 la r\u00e9ception, au bloc op\u00e9ratoire et \u00e0 la prise en charge des patients<\/a>\n\t\t\t\t\t<\/h3>\n\t\t\t\t\t<div id=\"elementor-tab-content-1855\" class=\"elementor-tab-content elementor-clearfix\" data-tab=\"5\" role=\"region\" aria-labelledby=\"elementor-tab-title-1855\"><p>Nous recherchons pour notre clinique priv\u00e9e sp\u00e9cialis\u00e9e en chirurgie plastique et chirurgie de la main \u00e0 D\u00fcsseldorf (Golzheim), un(e) assistant(e) m\u00e9dical(e), un(e) infirmier(e) ou un(e) assistant(e) dentaire \u00e0 temps partiel ou sur la base d&rsquo;un mini-job pour les t\u00e2ches suivantes :<\/p>\n<ul>\n<li>Collaboration \u00e0 la r\u00e9ception<\/li>\n<li>Soutien \u00e0 l&rsquo;\u00e9quipe chirurgicale<\/li>\n<li>Prise en charge des patients, y compris des patients hospitalis\u00e9s<\/li>\n<li>Utilisation et entretien des instruments et appareils m\u00e9dicaux<\/li>\n<li>Application et respect des r\u00e8gles d&rsquo;hygi\u00e8ne<\/li>\n<\/ul>\n<h3>Quelles sont les conditions \u00e0 remplir ?<\/h3>\n<ul>\n<li>Une formation professionnelle compl\u00e8te d&rsquo;assistant(e) m\u00e9dical(e), d&rsquo;infirmier(e) ou d&rsquo;assistant(e) dentaire, avec une exp\u00e9rience en salle d&rsquo;op\u00e9ration.<\/li>\n<li>Autonome, consciencieux, fiable et structur\u00e9, avec un sens aigu des responsabilit\u00e9s.<\/li>\n<li>Flexibilit\u00e9 et fiabilit\u00e9<\/li>\n<li>Vous devez avoir une apparence soign\u00e9e et aimable et avoir des relations sociales avec vos coll\u00e8gues et nos patients.<\/li>\n<li>Une exp\u00e9rience dans le domaine op\u00e9ratoire de la chirurgie esth\u00e9tique et plastique est la bienvenue.<\/li>\n<li>La connaissance de l&rsquo;anglais est un atout majeur.<\/li>\n<\/ul>\n<h3>Voici ce que vous pouvez attendre de nous :<\/h3>\n<ul>\n<li>une formation initiale ax\u00e9e sur les objectifs<\/li>\n<li>clinique pratique tr\u00e8s moderne<\/li>\n<li>des activit\u00e9s passionnantes et vari\u00e9es<\/li>\n<li>une atmosph\u00e8re de travail agr\u00e9able avec un tr\u00e8s bon travail d&rsquo;\u00e9quipe<\/li>\n<li>des formations internes et externes<\/li>\n<\/ul>\n<h3>Nous attendons avec impatience votre candidature !<\/h3>\n<p>Dr Ren\u00e9 Schumann et Dr Daphnie-Schumann-Averkiou et son \u00e9quipe, Clinique Yuveo \u00e0 Dr Schumann<\/p>\n<\/div>\n\t\t\t\t<\/div>\n\t\t\t\t\t\t\t\t<\/div>\n\t\t\t\t\t\t<\/div>\n\t\t\t\t<\/div>\n\t\t\t\t\t<\/div>\n\t\t<\/div>\n\t\t\t\t\t<\/div>\n\t\t<\/section>\n\t\t\t\t<section class=\"elementor-section elementor-top-section elementor-element elementor-element-0d8331b elementor-section-boxed elementor-section-height-default elementor-section-height-default\" data-id=\"0d8331b\" data-element_type=\"section\" data-e-type=\"section\">\n\t\t\t\t\t\t<div class=\"elementor-container elementor-column-gap-default\">\n\t\t\t\t\t<div class=\"elementor-column elementor-col-100 elementor-top-column elementor-element elementor-element-1bac152\" data-id=\"1bac152\" data-element_type=\"column\" data-e-type=\"column\">\n\t\t\t<div class=\"elementor-widget-wrap elementor-element-populated\">\n\t\t\t\t\t\t<div class=\"elementor-element elementor-element-3a3f972 elementor-align-left elementor-tablet-align-left elementor-widget elementor-widget-button\" data-id=\"3a3f972\" data-element_type=\"widget\" data-e-type=\"widget\" data-widget_type=\"button.default\">\n\t\t\t\t<div class=\"elementor-widget-container\">\n\t\t\t\t\t\t\t\t\t<div class=\"elementor-button-wrapper\">\n\t\t\t\t\t<a class=\"elementor-button elementor-button-link elementor-size-md\" href=\"https:\/\/www.yuveo.de\/fr\/candidature\/\">\n\t\t\t\t\t\t<span class=\"elementor-button-content-wrapper\">\n\t\t\t\t\t\t<span class=\"elementor-button-icon\">\n\t\t\t\t<i aria-hidden=\"true\" class=\"fas fa-long-arrow-alt-right\"><\/i>\t\t\t<\/span>\n\t\t\t\t\t\t\t\t\t<span class=\"elementor-button-text\">Postuler maintenant<\/span>\n\t\t\t\t\t<\/span>\n\t\t\t\t\t<\/a>\n\t\t\t\t<\/div>\n\t\t\t\t\t\t\t\t<\/div>\n\t\t\t\t<\/div>\n\t\t\t\t\t<\/div>\n\t\t<\/div>\n\t\t\t\t\t<\/div>\n\t\t<\/section>\n\t\t\t\t<\/div>\n\t\t","protected":false},"excerpt":{"rendered":"<p>Infirmi\u00e8re\/infirmier\/OTA\/0MFA (h\/f) recherch\u00e9(e) \u00e0 temps plein ou partiel ! Nous vous recherchons pour notre secteur op\u00e9ratoire ! Nous agrandissons notre \u00e9quipe dans notre clinique priv\u00e9e sp\u00e9cialis\u00e9e en chirurgie plastique et chirurgie de la main \u00e0 D\u00fcsseldorf (Golzheim) et recherchons donc d\u00e8s que possible un(e) infirmier(e) ou un(e) technicien(ne) de bloc op\u00e9ratoire \u00e0 temps plein ou [&hellip;]<\/p>\n","protected":false},"author":1,"featured_media":0,"parent":0,"menu_order":0,"comment_status":"closed","ping_status":"closed","template":"","meta":{"_acf_changed":false,"footnotes":""},"class_list":["post-40297","page","type-page","status-publish","hentry"],"acf":[],"_links":{"self":[{"href":"https:\/\/www.yuveo.de\/fr\/wp-json\/wp\/v2\/pages\/40297","targetHints":{"allow":["GET"]}}],"collection":[{"href":"https:\/\/www.yuveo.de\/fr\/wp-json\/wp\/v2\/pages"}],"about":[{"href":"https:\/\/www.yuveo.de\/fr\/wp-json\/wp\/v2\/types\/page"}],"author":[{"embeddable":true,"href":"https:\/\/www.yuveo.de\/fr\/wp-json\/wp\/v2\/users\/1"}],"replies":[{"embeddable":true,"href":"https:\/\/www.yuveo.de\/fr\/wp-json\/wp\/v2\/comments?post=40297"}],"version-history":[{"count":2,"href":"https:\/\/www.yuveo.de\/fr\/wp-json\/wp\/v2\/pages\/40297\/revisions"}],"predecessor-version":[{"id":40303,"href":"https:\/\/www.yuveo.de\/fr\/wp-json\/wp\/v2\/pages\/40297\/revisions\/40303"}],"wp:attachment":[{"href":"https:\/\/www.yuveo.de\/fr\/wp-json\/wp\/v2\/media?parent=40297"}],"curies":[{"name":"wp","href":"https:\/\/api.w.org\/{rel}","templated":true}]}}