{"id":40293,"date":"2021-02-16T13:44:51","date_gmt":"2021-02-16T12:44:51","guid":{"rendered":"https:\/\/dev.yuveo.eu\/mentions-legales\/"},"modified":"2025-08-12T14:26:11","modified_gmt":"2025-08-12T12:26:11","slug":"mentions-legales","status":"publish","type":"page","link":"https:\/\/www.yuveo.de\/fr\/mentions-legales\/","title":{"rendered":"Mentions l\u00e9gales"},"content":{"rendered":"\t\t<div data-elementor-type=\"wp-page\" data-elementor-id=\"40293\" class=\"elementor elementor-40293 elementor-13570\" data-elementor-post-type=\"page\">\n\t\t\t\t<div class=\"elementor-element elementor-element-697ddf71 e-flex e-con-boxed e-con e-parent\" data-id=\"697ddf71\" data-element_type=\"container\" data-e-type=\"container\">\n\t\t\t\t\t<div class=\"e-con-inner\">\n\t\t\t\t<div class=\"elementor-element elementor-element-50e099f2 elementor-widget elementor-widget-text-editor\" data-id=\"50e099f2\" data-element_type=\"widget\" data-e-type=\"widget\" data-widget_type=\"text-editor.default\">\n\t\t\t\t<div class=\"elementor-widget-container\">\n\t\t\t\t\t\t\t\t\t<p>CLINIQUE YUVEO<br>Dr. Rene Schumann<br>Kaiserswerther Str. 119<br>40474 D\u00fcsseldorf<br>+49 211 24790940<br>Email : info@yuveo.de<br>DE815448427<\/p><p>Dr Schumann, Rene<br>Sp\u00e9cialiste en chirurgie plastique et esth\u00e9tique<\/p><p>Dr Schumann-Averkiou, Daphnie<br>Sp\u00e9cialiste en chirurgie plastique et esth\u00e9tique<br>Chirurgie de la main<br>Sp\u00e9cialiste en chirurgie<\/p><p>Les titres de sp\u00e9cialistes ont \u00e9t\u00e9 obtenus en Allemagne.<br>Dr. Schumann et Dr. Schumann-Averkiou sont membres de la chambre des m\u00e9decins de Rh\u00e9nanie du Nord et sont donc soumis \u00e0 la r\u00e9glementation professionnelle correspondante (Berufsordnung der nordrheinischen \u00c4rzte).<\/p><p>yuveo.de est un site d&rsquo;information de la CLINIQUE YUVEO \u00e0 D\u00fcsseldorf.<\/p><p>Responsable du contenu conform\u00e9ment au \u00a7 18 Abs. 2 MStV : Dr. Rene Schumann <\/p><p>Clause de responsabilit\u00e9 : malgr\u00e9 un contr\u00f4le minutieux du contenu, nous n&rsquo;assumons aucune responsabilit\u00e9 pour le contenu des liens externes. Seuls les exploitants de ces sites sont responsables de leur contenu. <\/p><p>DGPR\u00c4C<br>L&rsquo;auteur, le Dr Rene Schumann, est membre de l&rsquo;association professionnelle de la soci\u00e9t\u00e9 scientifique DGPR\u00c4C (Deutsche Gesellschaft der Plastischen, Rekonstruktiven und \u00c4sthetische Chirurgen), anciennement VDPC.<\/p><p>Medisuch<br>Certificat du moteur de recherche m\u00e9dical pour des informations de sant\u00e9 de haute qualit\u00e9 bas\u00e9es sur le web. Pour v\u00e9rifier, veuillez cliquer sur le logo. <\/p><p>Webdesign : <a href=\"https:\/\/www.second-universe.de\" target=\"_blank\" rel=\"noopener\">Second Universe<\/a> &#8211; <a href=\"https:\/\/www.second-universe.de\/webdesign-seo\/website-fuer-aerzte\/\" target=\"_blank\" rel=\"noopener\">site web pour les m\u00e9decins<\/a><\/p>\t\t\t\t\t\t\t\t<\/div>\n\t\t\t\t<\/div>\n\t\t\t\t\t<\/div>\n\t\t\t\t<\/div>\n\t\t\t\t<\/div>\n\t\t","protected":false},"excerpt":{"rendered":"<p>CLINIQUE YUVEODr. Rene SchumannKaiserswerther Str. 11940474 D\u00fcsseldorf+49 211 24790940Email : info@yuveo.deDE815448427 Dr Schumann, ReneSp\u00e9cialiste en chirurgie plastique et esth\u00e9tique Dr Schumann-Averkiou, DaphnieSp\u00e9cialiste en chirurgie plastique et esth\u00e9tiqueChirurgie de la mainSp\u00e9cialiste en chirurgie Les titres de sp\u00e9cialistes ont \u00e9t\u00e9 obtenus en Allemagne.Dr. Schumann et Dr. Schumann-Averkiou sont membres de la chambre des m\u00e9decins de Rh\u00e9nanie du [&hellip;]<\/p>\n","protected":false},"author":1,"featured_media":0,"parent":0,"menu_order":0,"comment_status":"closed","ping_status":"closed","template":"","meta":{"_acf_changed":false,"footnotes":""},"class_list":["post-40293","page","type-page","status-publish","hentry"],"acf":[],"_links":{"self":[{"href":"https:\/\/www.yuveo.de\/fr\/wp-json\/wp\/v2\/pages\/40293","targetHints":{"allow":["GET"]}}],"collection":[{"href":"https:\/\/www.yuveo.de\/fr\/wp-json\/wp\/v2\/pages"}],"about":[{"href":"https:\/\/www.yuveo.de\/fr\/wp-json\/wp\/v2\/types\/page"}],"author":[{"embeddable":true,"href":"https:\/\/www.yuveo.de\/fr\/wp-json\/wp\/v2\/users\/1"}],"replies":[{"embeddable":true,"href":"https:\/\/www.yuveo.de\/fr\/wp-json\/wp\/v2\/comments?post=40293"}],"version-history":[{"count":2,"href":"https:\/\/www.yuveo.de\/fr\/wp-json\/wp\/v2\/pages\/40293\/revisions"}],"predecessor-version":[{"id":41191,"href":"https:\/\/www.yuveo.de\/fr\/wp-json\/wp\/v2\/pages\/40293\/revisions\/41191"}],"wp:attachment":[{"href":"https:\/\/www.yuveo.de\/fr\/wp-json\/wp\/v2\/media?parent=40293"}],"curies":[{"name":"wp","href":"https:\/\/api.w.org\/{rel}","templated":true}]}}