{"id":40290,"date":"2021-02-16T12:23:25","date_gmt":"2021-02-16T11:23:25","guid":{"rendered":"https:\/\/dev.yuveo.eu\/dr-daphnie-schumann-averkiou\/"},"modified":"2025-08-12T12:23:44","modified_gmt":"2025-08-12T10:23:44","slug":"dr-daphnie-schumann-averkiou","status":"publish","type":"page","link":"https:\/\/www.yuveo.de\/fr\/dr-daphnie-schumann-averkiou\/","title":{"rendered":"Dr. Daphnie Schumann-Averkiou"},"content":{"rendered":"\t\t<div data-elementor-type=\"wp-page\" data-elementor-id=\"40290\" class=\"elementor elementor-40290 elementor-13515\" data-elementor-post-type=\"page\">\n\t\t\t\t\t\t<section class=\"elementor-section elementor-top-section elementor-element elementor-element-1068a6de elementor-reverse-tablet elementor-reverse-mobile elementor-section-boxed elementor-section-height-default elementor-section-height-default\" data-id=\"1068a6de\" data-element_type=\"section\" data-e-type=\"section\">\n\t\t\t\t\t\t<div class=\"elementor-container elementor-column-gap-default\">\n\t\t\t\t\t<div class=\"elementor-column elementor-col-50 elementor-top-column elementor-element elementor-element-9ff0ba0\" data-id=\"9ff0ba0\" data-element_type=\"column\" data-e-type=\"column\">\n\t\t\t<div class=\"elementor-widget-wrap elementor-element-populated\">\n\t\t\t\t\t\t<div class=\"elementor-element elementor-element-327924fc elementor-widget elementor-widget-text-editor\" data-id=\"327924fc\" data-element_type=\"widget\" data-e-type=\"widget\" data-widget_type=\"text-editor.default\">\n\t\t\t\t<div class=\"elementor-widget-container\">\n\t\t\t\t\t\t\t\t\t<p>Le Dr Schumann-Averkiou est une chirurgienne dans l&rsquo;\u00e2me. En tant que cofondatrice de la CLINIQUE YUVEO de D\u00fcsseldorf, elle a \u00e0 c\u0153ur d&rsquo;offrir \u00e0 ses patients des soins personnalis\u00e9s et sp\u00e9cialis\u00e9s. Son objectif personnel est d&rsquo;offrir \u00e0 ses patients le meilleur traitement possible et de leur redonner ainsi une certaine qualit\u00e9 de vie.  <\/p>\t\t\t\t\t\t\t\t<\/div>\n\t\t\t\t<\/div>\n\t\t\t\t<div class=\"elementor-element elementor-element-7695f34c elementor-widget elementor-widget-heading\" data-id=\"7695f34c\" data-element_type=\"widget\" data-e-type=\"widget\" data-widget_type=\"heading.default\">\n\t\t\t\t<div class=\"elementor-widget-container\">\n\t\t\t\t\t<h2 class=\"elementor-heading-title elementor-size-default\">Formation<\/h2>\t\t\t\t<\/div>\n\t\t\t\t<\/div>\n\t\t\t\t<div class=\"elementor-element elementor-element-608e3df9 elementor-widget elementor-widget-text-editor\" data-id=\"608e3df9\" data-element_type=\"widget\" data-e-type=\"widget\" data-widget_type=\"text-editor.default\">\n\t\t\t\t<div class=\"elementor-widget-container\">\n\t\t\t\t\t\t\t\t\t<p>Le Dr Daphnie Schumann-Averkiou a \u00e9tudi\u00e9 <strong>la m\u00e9decine humaine<\/strong> \u00e0 l&rsquo;universit\u00e9 Heinrich Heine de D\u00fcsseldorf et \u00e0 l&rsquo;universit\u00e9 de Californie du Sud \u00e0 Los Angeles, aux \u00c9tats-Unis. A l&rsquo;issue de ses \u00e9tudes, elle a obtenu le titre de <strong>sp\u00e9cialiste en chirurgie g\u00e9n\u00e9rale<\/strong> \u00e0 D\u00fcsseldorf. <\/p><p>Schumann-Averkiou a effectu\u00e9 sa formation de <strong>sp\u00e9cialiste en chirurgie plastique et<\/strong> esth\u00e9tique de la main avec un examen reconnu par l&rsquo;\u00c9tat, d&rsquo;abord dans le service de chirurgie <a href=\"https:\/\/www.yuveo.de\/fr\/lexikon\/chirurgie-plastique\/\">plastique<\/a> et esth\u00e9tique de la <a href=\"https:\/\/www.yuveo.de\/fr\/chirurgie-de-la-main-duesseldorf\/\">main<\/a> chez le Dr Reimer Hoffman \u00e0 Oldenburg et chez le Dr Kurt Steffens \u00e0 Essen-Kupferdreh &#8211; les derni\u00e8res ann\u00e9es \u00e0 l&rsquo;h\u00f4pital universitaire de Witten\/Herdecke, clinique de chirurgie plastique et esth\u00e9tique de Cologne-Merheim, chirurgie de la main &#8211; centre des grands br\u00fbl\u00e9s.<\/p><p>Dans les ann\u00e9es qui ont suivi, elle a suivi une formation suppl\u00e9mentaire pour devenir <strong>chirurgienne de la main<\/strong> agr\u00e9\u00e9e par l&rsquo;\u00c9tat.<\/p><p>Le Dr Daphnie Schumann-Averkiou dispose d&rsquo;une exp\u00e9rience th\u00e9orique et chirurgicale exceptionnelle gr\u00e2ce \u00e0 ses activit\u00e9s dans diff\u00e9rentes cliniques renomm\u00e9es dans toute l&rsquo;Allemagne et couvre un tr\u00e8s large spectre dans le domaine de la chirurgie de la main, de la chirurgie plastique et de la chirurgie esth\u00e9tique.<\/p><p>Elle assiste r\u00e9guli\u00e8rement \u00e0 des congr\u00e8s, des formations et des r\u00e9unions d&rsquo;experts en Belgique et \u00e0 l&rsquo;\u00e9tranger.<\/p>\t\t\t\t\t\t\t\t<\/div>\n\t\t\t\t<\/div>\n\t\t\t\t\t<\/div>\n\t\t<\/div>\n\t\t\t\t<div class=\"elementor-column elementor-col-50 elementor-top-column elementor-element elementor-element-543e4f6b\" data-id=\"543e4f6b\" data-element_type=\"column\" data-e-type=\"column\">\n\t\t\t<div class=\"elementor-widget-wrap elementor-element-populated\">\n\t\t\t\t\t\t<div class=\"elementor-element elementor-element-f0025bc elementor-widget elementor-widget-image\" data-id=\"f0025bc\" data-element_type=\"widget\" data-e-type=\"widget\" data-widget_type=\"image.default\">\n\t\t\t\t<div class=\"elementor-widget-container\">\n\t\t\t\t\t\t\t\t\t\t\t\t\t\t\t<img fetchpriority=\"high\" decoding=\"async\" width=\"568\" height=\"700\" src=\"https:\/\/www.yuveo.de\/wp-content\/uploads\/2021\/02\/dr-averkiou-daphnie-plastische-chirurgie-10371w.jpg\" class=\"attachment-large size-large wp-image-40291\" alt=\"Dr. Daphnie Schumann-Averkiou, Plastische Chirurgin\" srcset=\"https:\/\/www.yuveo.de\/wp-content\/uploads\/2021\/02\/dr-averkiou-daphnie-plastische-chirurgie-10371w.jpg 568w, https:\/\/www.yuveo.de\/wp-content\/uploads\/2021\/02\/dr-averkiou-daphnie-plastische-chirurgie-10371w-243x300.jpg 243w\" sizes=\"(max-width: 568px) 100vw, 568px\" \/>\t\t\t\t\t\t\t\t\t\t\t\t\t\t\t<\/div>\n\t\t\t\t<\/div>\n\t\t\t\t\t<\/div>\n\t\t<\/div>\n\t\t\t\t\t<\/div>\n\t\t<\/section>\n\t\t\t\t<\/div>\n\t\t","protected":false},"excerpt":{"rendered":"<p>Le Dr Schumann-Averkiou est une chirurgienne dans l&rsquo;\u00e2me. En tant que cofondatrice de la CLINIQUE YUVEO de D\u00fcsseldorf, elle a \u00e0 c\u0153ur d&rsquo;offrir \u00e0 ses patients des soins personnalis\u00e9s et sp\u00e9cialis\u00e9s. Son objectif personnel est d&rsquo;offrir \u00e0 ses patients le meilleur traitement possible et de leur redonner ainsi une certaine qualit\u00e9 de vie. Formation Le [&hellip;]<\/p>\n","protected":false},"author":1,"featured_media":0,"parent":0,"menu_order":0,"comment_status":"closed","ping_status":"closed","template":"","meta":{"_acf_changed":false,"footnotes":""},"class_list":["post-40290","page","type-page","status-publish","hentry"],"acf":[],"_links":{"self":[{"href":"https:\/\/www.yuveo.de\/fr\/wp-json\/wp\/v2\/pages\/40290","targetHints":{"allow":["GET"]}}],"collection":[{"href":"https:\/\/www.yuveo.de\/fr\/wp-json\/wp\/v2\/pages"}],"about":[{"href":"https:\/\/www.yuveo.de\/fr\/wp-json\/wp\/v2\/types\/page"}],"author":[{"embeddable":true,"href":"https:\/\/www.yuveo.de\/fr\/wp-json\/wp\/v2\/users\/1"}],"replies":[{"embeddable":true,"href":"https:\/\/www.yuveo.de\/fr\/wp-json\/wp\/v2\/comments?post=40290"}],"version-history":[{"count":3,"href":"https:\/\/www.yuveo.de\/fr\/wp-json\/wp\/v2\/pages\/40290\/revisions"}],"predecessor-version":[{"id":40990,"href":"https:\/\/www.yuveo.de\/fr\/wp-json\/wp\/v2\/pages\/40290\/revisions\/40990"}],"wp:attachment":[{"href":"https:\/\/www.yuveo.de\/fr\/wp-json\/wp\/v2\/media?parent=40290"}],"curies":[{"name":"wp","href":"https:\/\/api.w.org\/{rel}","templated":true}]}}