{"id":40276,"date":"2021-02-16T13:46:04","date_gmt":"2021-02-16T12:46:04","guid":{"rendered":"https:\/\/dev.yuveo.eu\/clause-de-non-responsabilite\/"},"modified":"2021-02-16T13:46:04","modified_gmt":"2021-02-16T12:46:04","slug":"clause-de-non-responsabilite","status":"publish","type":"page","link":"https:\/\/www.yuveo.de\/fr\/clause-de-non-responsabilite\/","title":{"rendered":"Clause de non-responsabilit\u00e9"},"content":{"rendered":"<p>Lors de l&rsquo;utilisation de yuveo.fr, votre accord avec les conditions suivantes est une condition pr\u00e9alable :<\/p>\n<p>1. ne remplace pas un examen m\u00e9dical !<br \/>\nyuveo.de est con\u00e7u comme un compl\u00e9ment et un approfondissement avant et apr\u00e8s une consultation m\u00e9dicale. yuveo.de ne peut en aucun cas remplacer un examen et un entretien avec un m\u00e9decin. Il est fortement d\u00e9conseill\u00e9 d&rsquo;\u00e9tablir des diagnostics de sa propre initiative, sur la base de demi-connaissances que l&rsquo;on a soi-m\u00eame acquises.  <\/p>\n<p>2. dommages, garantie<br \/>\nIl ressort de ce qui pr\u00e9c\u00e8de que yuveo.fr ne peut \u00eatre tenu responsable d&rsquo;\u00e9ventuels dommages directs ou indirects qui pourraient \u00eatre li\u00e9s \u00e0 l&rsquo;utilisation de ce site. Nous ne pouvons pas non plus donner de garantie sur l&rsquo;exactitude du contenu. <\/p>\n<p>En outre, des erreurs, des impr\u00e9cisions et des malentendus peuvent survenir involontairement dans le cadre des traductions des contributions non francophones de nos pages web. Nous n&rsquo;assumons en aucun cas la responsabilit\u00e9 et\/ou la garantie des dommages qui en d\u00e9coulent. <\/p>\n<p>3. liens externes<br \/>\nIl ne nous est pas possible de v\u00e9rifier de mani\u00e8re ad\u00e9quate et en temps voulu le contenu d&rsquo;autres op\u00e9rateurs de sites web, et encore moins d&rsquo;exercer une influence sur eux. Pour le contenu des liens externes, seul l&rsquo;op\u00e9rateur du site Web li\u00e9 est responsable &#8211; en aucun cas yuveo.fr. <\/p>\n<p>Copyright &#8211; Droits sur le contenu du site (textes, images,&#8230;)<br \/>\nLes r\u00e9f\u00e9rences \u00e0 yuveo.de, y compris les sous-sites, par des liens, sont les bienvenues. Ils ne n\u00e9cessitent pas d&rsquo;autorisation avec les exceptions suivantes : <\/p>\n<p>Les liens diffamatoires, ill\u00e9gaux, injurieux ou immoraux sont interdits. Il est \u00e9galement interdit de cr\u00e9er des liens vers des sources traitant des sujets suivants ! <\/p>\n<p>Nous n&rsquo;appr\u00e9cions pas les copies de nos textes sur Internet, car le &lsquo;double contenu&rsquo; d\u00e9valorise notre site sur Google et les autres moteurs de recherche. Gr\u00e2ce \u00e0 des outils courants tels que Copyscape pour la recherche de texte, il est aujourd&rsquo;hui un peu plus facile de traquer les textes copi\u00e9s sur Internet. <\/p>\n<p>Les droits d&rsquo;auteur sur le contenu de nos pages web sont exclusivement r\u00e9serv\u00e9s \u00e0 yuveo.fr. Publications de textes et d&rsquo;images ou de leurs parties sur, par exemple, d&rsquo;autres sites Internet ou d&rsquo;autres m\u00e9dias sont passibles de poursuites judiciaires. Ce contenu ne peut \u00eatre reproduit ou copi\u00e9 qu&rsquo;avec l&rsquo;accord \u00e9crit de yuveo.fr. M\u00eame avec l&rsquo;autorisation \u00e9crite, toute modification ou alt\u00e9ration du contenu est strictement interdite.   <\/p>\n<p>Photos<\/p>\n<p>SCULPTRA : Les deux photos ont \u00e9t\u00e9 aimablement fournies par la soci\u00e9t\u00e9 Galderma.<\/p>\n<p>Profhilo : Femme, visage encadr\u00e9 par des mains : Copyright : puhhha, shutterstock.com<br \/>\nCertaines de ces images ont \u00e9t\u00e9 achet\u00e9es \u00e0 des tiers d\u00e9tenteurs de droits d&rsquo;auteur (fotolia.com).<br \/>\nPour plus d&rsquo;informations, cliquez <a href=\"https:\/\/www.yuveo.de\/fr\/les-images-detenteurs-des-droits-dauteur-et-copyright\/\">ici<\/a>.<\/p>\n<p>Toutes les autres images, y compris les r\u00e9sultats de maladies, les r\u00e9sultats d&rsquo;op\u00e9rations, les graphiques, sont attribuables au Dr Ren\u00e9 Schumann en mati\u00e8re de droits d&rsquo;auteur. Ces contenus ne peuvent \u00eatre reproduits qu&rsquo;avec l&rsquo;accord \u00e9crit du Dr Schumann. <\/p>\n","protected":false},"excerpt":{"rendered":"<p>Lors de l&rsquo;utilisation de yuveo.fr, votre accord avec les conditions suivantes est une condition pr\u00e9alable : 1. ne remplace pas un examen m\u00e9dical ! yuveo.de est con\u00e7u comme un compl\u00e9ment et un approfondissement avant et apr\u00e8s une consultation m\u00e9dicale. yuveo.de ne peut en aucun cas remplacer un examen et un entretien avec un m\u00e9decin. Il [&hellip;]<\/p>\n","protected":false},"author":1,"featured_media":0,"parent":0,"menu_order":0,"comment_status":"closed","ping_status":"closed","template":"","meta":{"_acf_changed":false,"footnotes":""},"class_list":["post-40276","page","type-page","status-publish","hentry"],"acf":[],"_links":{"self":[{"href":"https:\/\/www.yuveo.de\/fr\/wp-json\/wp\/v2\/pages\/40276","targetHints":{"allow":["GET"]}}],"collection":[{"href":"https:\/\/www.yuveo.de\/fr\/wp-json\/wp\/v2\/pages"}],"about":[{"href":"https:\/\/www.yuveo.de\/fr\/wp-json\/wp\/v2\/types\/page"}],"author":[{"embeddable":true,"href":"https:\/\/www.yuveo.de\/fr\/wp-json\/wp\/v2\/users\/1"}],"replies":[{"embeddable":true,"href":"https:\/\/www.yuveo.de\/fr\/wp-json\/wp\/v2\/comments?post=40276"}],"version-history":[{"count":0,"href":"https:\/\/www.yuveo.de\/fr\/wp-json\/wp\/v2\/pages\/40276\/revisions"}],"wp:attachment":[{"href":"https:\/\/www.yuveo.de\/fr\/wp-json\/wp\/v2\/media?parent=40276"}],"curies":[{"name":"wp","href":"https:\/\/api.w.org\/{rel}","templated":true}]}}