{"id":40270,"date":"2021-02-16T13:46:53","date_gmt":"2021-02-16T12:46:53","guid":{"rendered":"https:\/\/dev.yuveo.eu\/a-propos-de-nous\/"},"modified":"2025-08-13T14:58:19","modified_gmt":"2025-08-13T12:58:19","slug":"a-propos-de-nous","status":"publish","type":"page","link":"https:\/\/www.yuveo.de\/fr\/a-propos-de-nous\/","title":{"rendered":"\u00c0 propos de nous"},"content":{"rendered":"\t\t<div data-elementor-type=\"wp-page\" data-elementor-id=\"40270\" class=\"elementor elementor-40270 elementor-13576\" data-elementor-post-type=\"page\">\n\t\t\t\t\t\t<section class=\"elementor-section elementor-top-section elementor-element elementor-element-31cf2d87 elementor-section-boxed elementor-section-height-default elementor-section-height-default\" data-id=\"31cf2d87\" data-element_type=\"section\" data-e-type=\"section\">\n\t\t\t\t\t\t<div class=\"elementor-container elementor-column-gap-default\">\n\t\t\t\t\t<div class=\"elementor-column elementor-col-100 elementor-top-column elementor-element elementor-element-69c8f0f1\" data-id=\"69c8f0f1\" data-element_type=\"column\" data-e-type=\"column\">\n\t\t\t<div class=\"elementor-widget-wrap elementor-element-populated\">\n\t\t\t\t\t\t<div class=\"elementor-element elementor-element-73fb71f4 elementor-widget elementor-widget-text-editor\" data-id=\"73fb71f4\" data-element_type=\"widget\" data-e-type=\"widget\" data-widget_type=\"text-editor.default\">\n\t\t\t\t<div class=\"elementor-widget-container\">\n\t\t\t\t\t\t\t\t\t<p>La CLINIQUE YUVEO de D\u00fcsseldorf est une clinique priv\u00e9e de chirurgie plastique agr\u00e9\u00e9e conform\u00e9ment \u00e0 l&rsquo;article 30 du code du commerce.<\/p><p>En effet, outre les op\u00e9rations de <strong>chirurgie esth\u00e9tique <\/strong>, elle pratique \u00e9galement la <strong> <a href=\"https:\/\/www.yuveo.de\/it\/lexikon\/chirurgia-plastica\/\">chirurgie plastique<\/a> reconstructive<\/strong> et la chirurgie esth\u00e9tique. <a href=\"https:\/\/www.yuveo.de\/fr\/chirurgie-de-la-main-duesseldorf\/\"><strong>Chirurgie de la main<\/strong><\/a>.<\/p><p>Il propose \u00e9galement <a href=\"https:\/\/www.yuveo.de\/fr\/rides\/injection-de-rides-duesseldorf\/\">des injections d&rsquo;acide hyaluronique<\/a> et le traitement des rides par <a href=\"https:\/\/www.yuveo.de\/fr\/rides\/detendeur-musculaire-btx\/\">Btx<\/a>.<\/p><p>Si vous avez des questions sur notre <strong>gamme de traitements<\/strong>, n&rsquo;h\u00e9sitez pas \u00e0 nous contacter. Nous serons heureux de vous conseiller. <\/p><p>Dr Schumann et Dr Schumann-Averkiou<\/p>\t\t\t\t\t\t\t\t<\/div>\n\t\t\t\t<\/div>\n\t\t\t\t<div class=\"elementor-element elementor-element-c82ec8d elementor-widget elementor-widget-image\" data-id=\"c82ec8d\" data-element_type=\"widget\" data-e-type=\"widget\" data-widget_type=\"image.default\">\n\t\t\t\t<div class=\"elementor-widget-container\">\n\t\t\t\t\t\t\t\t\t\t\t\t\t\t\t<img fetchpriority=\"high\" decoding=\"async\" width=\"1600\" height=\"495\" src=\"https:\/\/www.yuveo.de\/wp-content\/uploads\/2021\/02\/YUVEO-KLINIK-plastische-chirurgie-1600px-w.jpg\" class=\"attachment-full size-full wp-image-40272\" alt=\"Yuveo Klinik\" srcset=\"https:\/\/www.yuveo.de\/wp-content\/uploads\/2021\/02\/YUVEO-KLINIK-plastische-chirurgie-1600px-w.jpg 1600w, https:\/\/www.yuveo.de\/wp-content\/uploads\/2021\/02\/YUVEO-KLINIK-plastische-chirurgie-1600px-w-300x93.jpg 300w, https:\/\/www.yuveo.de\/wp-content\/uploads\/2021\/02\/YUVEO-KLINIK-plastische-chirurgie-1600px-w-1024x317.jpg 1024w, https:\/\/www.yuveo.de\/wp-content\/uploads\/2021\/02\/YUVEO-KLINIK-plastische-chirurgie-1600px-w-768x238.jpg 768w, https:\/\/www.yuveo.de\/wp-content\/uploads\/2021\/02\/YUVEO-KLINIK-plastische-chirurgie-1600px-w-1536x475.jpg 1536w\" sizes=\"(max-width: 1600px) 100vw, 1600px\" \/>\t\t\t\t\t\t\t\t\t\t\t\t\t\t\t<\/div>\n\t\t\t\t<\/div>\n\t\t\t\t\t<\/div>\n\t\t<\/div>\n\t\t\t\t\t<\/div>\n\t\t<\/section>\n\t\t\t\t<section class=\"elementor-section elementor-top-section elementor-element elementor-element-7bc125f elementor-section-boxed elementor-section-height-default elementor-section-height-default\" data-id=\"7bc125f\" data-element_type=\"section\" data-e-type=\"section\">\n\t\t\t\t\t\t<div class=\"elementor-container elementor-column-gap-default\">\n\t\t\t\t\t<div class=\"elementor-column elementor-col-100 elementor-top-column elementor-element elementor-element-b7367ca\" data-id=\"b7367ca\" data-element_type=\"column\" data-e-type=\"column\">\n\t\t\t<div class=\"elementor-widget-wrap elementor-element-populated\">\n\t\t\t\t\t\t<div class=\"elementor-element elementor-element-3d03723 elementor-widget elementor-widget-html\" data-id=\"3d03723\" data-element_type=\"widget\" data-e-type=\"widget\" data-widget_type=\"html.default\">\n\t\t\t\t<div class=\"elementor-widget-container\">\n\t\t\t\t\t<iframe class=\"businessview\" src=\"https:\/\/www.google.com\/maps\/embed?pb=!1m0!3m2!1sde!2sus!4v1487104806184!6m8!1m7!1sIVAIgDQ_DKgAAAQvwsgsdg!2m2!1d51.24477874073954!2d6.770602193046784!3f115.7274263516816!4f-7.5987595996455894!5f0.4000000000000002\" height=\"500\" frameborder=\"0\" style=\"border:0; width: 100%;\" allowfullscreen=\"\"><\/iframe>\t\t\n\t\t\t\t\t\t\t\t<\/div>\n\t\t\t\t<\/div>\n\t\t\t\t\t<\/div>\n\t\t<\/div>\n\t\t\t\t\t<\/div>\n\t\t<\/section>\n\t\t\t\t<\/div>\n\t\t","protected":false},"excerpt":{"rendered":"<p>La CLINIQUE YUVEO de D\u00fcsseldorf est une clinique priv\u00e9e de chirurgie plastique agr\u00e9\u00e9e conform\u00e9ment \u00e0 l&rsquo;article 30 du code du commerce. En effet, outre les op\u00e9rations de chirurgie esth\u00e9tique , elle pratique \u00e9galement la chirurgie plastique reconstructive et la chirurgie esth\u00e9tique. Chirurgie de la main. Il propose \u00e9galement des injections d&rsquo;acide hyaluronique et le traitement [&hellip;]<\/p>\n","protected":false},"author":1,"featured_media":0,"parent":0,"menu_order":0,"comment_status":"closed","ping_status":"closed","template":"","meta":{"_acf_changed":false,"footnotes":""},"class_list":["post-40270","page","type-page","status-publish","hentry"],"acf":[],"_links":{"self":[{"href":"https:\/\/www.yuveo.de\/fr\/wp-json\/wp\/v2\/pages\/40270","targetHints":{"allow":["GET"]}}],"collection":[{"href":"https:\/\/www.yuveo.de\/fr\/wp-json\/wp\/v2\/pages"}],"about":[{"href":"https:\/\/www.yuveo.de\/fr\/wp-json\/wp\/v2\/types\/page"}],"author":[{"embeddable":true,"href":"https:\/\/www.yuveo.de\/fr\/wp-json\/wp\/v2\/users\/1"}],"replies":[{"embeddable":true,"href":"https:\/\/www.yuveo.de\/fr\/wp-json\/wp\/v2\/comments?post=40270"}],"version-history":[{"count":2,"href":"https:\/\/www.yuveo.de\/fr\/wp-json\/wp\/v2\/pages\/40270\/revisions"}],"predecessor-version":[{"id":41842,"href":"https:\/\/www.yuveo.de\/fr\/wp-json\/wp\/v2\/pages\/40270\/revisions\/41842"}],"wp:attachment":[{"href":"https:\/\/www.yuveo.de\/fr\/wp-json\/wp\/v2\/media?parent=40270"}],"curies":[{"name":"wp","href":"https:\/\/api.w.org\/{rel}","templated":true}]}}