{"id":40245,"date":"2021-02-17T10:01:12","date_gmt":"2021-02-17T09:01:12","guid":{"rendered":"https:\/\/dev.yuveo.eu\/les-images-detenteurs-des-droits-dauteur-et-copyright\/"},"modified":"2025-08-13T14:44:21","modified_gmt":"2025-08-13T12:44:21","slug":"les-images-detenteurs-des-droits-dauteur-et-copyright","status":"publish","type":"page","link":"https:\/\/www.yuveo.de\/fr\/les-images-detenteurs-des-droits-dauteur-et-copyright\/","title":{"rendered":"les images : D\u00e9tenteurs des droits d&rsquo;auteur et copyright"},"content":{"rendered":"\t\t<div data-elementor-type=\"wp-page\" data-elementor-id=\"40245\" class=\"elementor elementor-40245 elementor-13877\" data-elementor-post-type=\"page\">\n\t\t\t\t\t\t<section class=\"elementor-section elementor-top-section elementor-element elementor-element-5224f070 elementor-section-boxed elementor-section-height-default elementor-section-height-default\" data-id=\"5224f070\" data-element_type=\"section\" data-e-type=\"section\">\n\t\t\t\t\t\t<div class=\"elementor-container elementor-column-gap-default\">\n\t\t\t\t\t<div class=\"elementor-column elementor-col-100 elementor-top-column elementor-element elementor-element-73d20a0f\" data-id=\"73d20a0f\" data-element_type=\"column\" data-e-type=\"column\">\n\t\t\t<div class=\"elementor-widget-wrap elementor-element-populated\">\n\t\t\t\t\t\t<div class=\"elementor-element elementor-element-25d470ef elementor-widget elementor-widget-text-editor\" data-id=\"25d470ef\" data-element_type=\"widget\" data-e-type=\"widget\" data-widget_type=\"text-editor.default\">\n\t\t\t\t<div class=\"elementor-widget-container\">\n\t\t\t\t\t\t\t\t\t<p><span class=\"Fett\">Vous trouverez ici la liste des images achet\u00e9es sur la page d&rsquo;accueil.<\/span><\/p><p>de fotolia.com :<\/p><p><img decoding=\"async\" class=\"miniatur-bild-5\" src=\"https:\/\/www.yuveo.de\/bilder\/urheber\/110_F_21917572_XrlQKFgqjrGXmrqPzsAap0pGHdqltdhG.jpg\" alt=\"Tweet avec Twitter\" width=\"110\" height=\"99\">  \u00a9 Leda_d<\/p><p><img decoding=\"async\" class=\"miniatur-bild-5\" src=\"https:\/\/www.yuveo.de\/bilder\/urheber\/110_F_18942466_tOopSIkyYhOjbAwJ1KrgOSxIC7po4hZn.jpg\" alt=\"Lexique\u00a9 by-studio\" width=\"73\" height=\"110\">Lexique\u00a9 by-studio<\/p><p><img decoding=\"async\" class=\"miniatur-bild-5\" src=\"https:\/\/www.yuveo.de\/bilder\/urheber\/110_F_5766113_Z0BVEwPCFVWP7gJprGQFXK1IPCEg8mWX.jpg\" alt=\"Actualit\u00e9s RSS \u00a9 Scott Maxwell\" width=\"110\" height=\"110\">  Actualit\u00e9s RSS \u00a9 Scott Maxwell<\/p><p><img loading=\"lazy\" decoding=\"async\" class=\"miniatur-bild-5\" src=\"https:\/\/www.yuveo.de\/bilder\/urheber\/110_F_286261_UwS7deJy8eJTcHSklv5blmRbGP4jku.jpg\" alt=\"eye of needle \u00a9 Mikael Damkier\" width=\"110\" height=\"73\">  eye of needle \u00a9 Mikael Damkier<\/p><p><img loading=\"lazy\" decoding=\"async\" class=\"miniatur-bild-5\" src=\"https:\/\/www.yuveo.de\/bilder\/urheber\/110_F_2634540_KGIablvasXC01fpdI67Kq0N2CUnx7l.jpg\" alt=\"here is my number.... \u00a9 Yuri Arcurs\" width=\"110\" height=\"73\">  here is my number&#8230;. \u00a9 Yuri Arcurs <\/p><p><img loading=\"lazy\" decoding=\"async\" class=\"miniatur-bild-5\" src=\"https:\/\/www.yuveo.de\/bilder\/urheber\/110_F_17939825_t90wkPn0bZxxzO030mOwRr5NQFpfPoN8.jpg\" alt=\"Anatomie musculaire \u00a9 Don Walker\" width=\"110\" height=\"66\">  Anatomie musculaire \u00a9 Don Walker<\/p><p><img loading=\"lazy\" decoding=\"async\" class=\"miniatur-bild-5\" src=\"https:\/\/www.yuveo.de\/bilder\/urheber\/110_F_4160459_JLSMAKvtCQsq6zRFX5VyOBn6xQU2WMof.jpg\" alt=\"Grandparent et fille \u00a9 Yuri Arcurs\" width=\"73\" height=\"110\">  Grandparent et fille \u00a9 Yuri Arcurs<\/p><p><img loading=\"lazy\" decoding=\"async\" class=\"miniatur-bild-5\" src=\"https:\/\/www.yuveo.de\/bilder\/urheber\/110_F_11348837_Ux8IQQHC5G1m9cjRUJkPAAz5g5Qy4N4P.jpg\" alt=\"bras muscl\u00e9 \u00a9 hakan \u00e7orbaci\" width=\"110\" height=\"84\">  bras muscl\u00e9 \u00a9 hakan \u00e7orbaci<\/p><p><img decoding=\"async\" class=\"miniatur-bild-5\" src=\"https:\/\/www.yuveo.de\/bilder\/urheber\/110_F_11138563_hPYqxDJ0ATFzhMOtJITpt6LnuORhNdHv.jpg\" alt=\"Tatouage tribal \u00a9 Z3ra7uL3x\">  Tatouage tribal \u00a9 Z3ra7uL3x<\/p><p><img decoding=\"async\" class=\"miniatur-bild-5\" src=\"https:\/\/www.yuveo.de\/bilder\/urheber\/110_F_3110356_sCwoZjTV1GnB4JKMtlVteWY5gQwg4o.jpg\" alt=\"point d'interrogation\">  point de question \u00a9 Sebastian Kaulitzki<\/p><p><img decoding=\"async\" class=\"miniatur-bild-5\" src=\"https:\/\/www.yuveo.de\/bilder\/urheber\/110_F_854540_bhn27iJXP9kyiJBYnNGUM6pQoOdMFT.jpg\" alt=\"mentions l\u00e9gales\">  mentions l\u00e9gales \u00a9 drizzd<\/p><p><img loading=\"lazy\" decoding=\"async\" class=\"miniatur-bild-5\" src=\"https:\/\/www.yuveo.de\/bilder\/urheber\/110_F_6043326_BsbkmHLMKaj6ohHouyQfJeHHLKh6UbTV.jpg\" alt=\"Bras avec poing ferm\u00e9 - femme\" width=\"92\" height=\"110\">  Bras sup\u00e9rieur avec poing ferm\u00e9 &#8211; \u00a9 unpict<\/p><p><img loading=\"lazy\" decoding=\"async\" class=\"miniatur-bild-5\" src=\"https:\/\/www.yuveo.de\/bilder\/urheber\/110_F_81707_Ji5FXUHj2hUnaOL8wbtCVwF2L9n6uC.jpg\" alt=\"our little secret 2\" width=\"110\" height=\"83\">  our little \u00a9 Christy Thompson<\/p><p><img loading=\"lazy\" decoding=\"async\" class=\"miniatur-bild-5\" src=\"https:\/\/www.yuveo.de\/bilder\/urheber\/110_F_4876691_JKBMgqVy86I56hVofsFbPniZHdwOQ38Z.jpg\" alt=\"woman face\" width=\"73\" height=\"110\">  woman face \u00a9 Kurhan<\/p><p><img loading=\"lazy\" decoding=\"async\" class=\"miniatur-bild-5\" src=\"https:\/\/www.yuveo.de\/bilder\/urheber\/110_F_2564521_tBirNBzeI5lQDP92uZsXpzI6T8I56G.jpg\" alt=\"fitness\" width=\"110\" height=\"73\">  fitness \u00a9 memo<\/p><p><img loading=\"lazy\" decoding=\"async\" class=\"miniatur-bild-5\" src=\"https:\/\/www.yuveo.de\/bilder\/urheber\/110_F_1133315_ZeNXLdnxcH456GZMfKzmw7cmREthi1.jpg\" alt=\"investissement s\u00fbr\" width=\"73\" height=\"110\">  investissement s\u00fbr \u00a9 Kaarsten<\/p><p><img loading=\"lazy\" decoding=\"async\" class=\"miniatur-bild-5\" src=\"https:\/\/www.yuveo.de\/bilder\/urheber\/110_F_2491925_70kyrsFGmeX3IIKqiayLMNOuHogY4o.jpg\" alt=\"euro money\" width=\"110\" height=\"73\" data-wp-editing=\"1\">  euro \u00a9 Kati Molin<\/p><p><img loading=\"lazy\" decoding=\"async\" class=\"miniatur-bild-5\" src=\"https:\/\/www.yuveo.de\/bilder\/urheber\/110_F_28842985_sPsetEKYiqhEXR3kJDQjxPn9VaWVXI2F.jpg\" alt=\"Bouton T\u00e9l\u00e9phone &lt;encoded_tag_open \/&gt;em&lt;encoded_tag_closed \/&gt;\u00a9 so47\u2033 \/&lt;encoded_tag_closed \/&gt;Bouton T\u00e9l\u00e9phone &lt;encoded_tag_open \/&gt;em&lt;encoded_tag_closed \/&gt;\u00a9 so47&lt;encoded_tag_open \/&gt;\/em&lt;encoded_tag_closed \/&gt;&lt;encoded_tag_open \/&gt;\/p&lt;encoded_tag_closed \/&gt; &lt;encoded_tag_open \/&gt;p&lt;encoded_tag_closed \/&gt; &lt;encoded_tag_open \/&gt;img class=\" width=\"110\" height=\"110\"><em>\u00a9 unpict  <\/em><\/p><p><img loading=\"lazy\" decoding=\"async\" class=\"miniatur-bild-5\" src=\"https:\/\/www.yuveo.de\/bilder\/urheber\/110_F_18397158_bR4jhI17zRO5ySpRrQ4Qnza9FF22Llhn.jpg\" alt=\"Anetta\" width=\"75\" height=\"110\"><em>Anetta<\/em><\/p><p><img loading=\"lazy\" decoding=\"async\" class=\"miniatur-bild-5\" src=\"https:\/\/www.yuveo.de\/bilder\/urheber\/110_F_21259097_AMvTr0cktddH5rMIB20l0KS5fUAEHmjH.jpg\" alt=\"Anetta\" width=\"73\" height=\"110\"><em>Anetta<\/em><\/p><p><img loading=\"lazy\" decoding=\"async\" class=\"miniatur-bild-5\" src=\"https:\/\/www.yuveo.de\/bilder\/urheber\/110_F_543691_tEOBdwEfymZ1gTmD1o7QDgLma1gdQr.jpg\" alt=\"Gabi Moisa\" width=\"86\" height=\"110\"><em>Gabi Moisa<\/em><\/p><p><img loading=\"lazy\" decoding=\"async\" class=\"miniatur-bild-5\" src=\"https:\/\/www.yuveo.de\/bilder\/urheber\/110_F_543734_EdVSOp8IkBTQrJFgUvjXymiWxlZVRt.jpg\" alt=\"Gabi Moisa\" width=\"75\" height=\"110\"><em>Gabi Moisa<\/em><\/p><p><img loading=\"lazy\" decoding=\"async\" class=\"miniatur-bild-5\" src=\"https:\/\/www.yuveo.de\/bilder\/urheber\/110_F_6748287_40tEAGiMLqDgSKzB3uhBjMnn9vbrMiGH.jpg\" alt=\"\u00a9 unpict\" width=\"110\" height=\"88\"><em>\u00a9 unpict  <\/em><\/p><p><img loading=\"lazy\" decoding=\"async\" class=\"miniatur-bild-5\" src=\"https:\/\/www.yuveo.de\/bilder\/urheber\/110_F_8418900_T5FSoO3vVUVQFABw0akOdTDaZPNyVCXp.jpg\" alt=\"Surpoids\" width=\"110\" height=\"73\">  Ob\u00e9sit\u00e9 \u00a9 PeJo<\/p><p><img decoding=\"async\" class=\"miniatur-bild-5\" src=\"https:\/\/www.yuveo.de\/bilder\/urheber\/110_F_14071170_tFbTAsp1FazZeNg7LgCWhAeBzkLzru2a.jpg\" alt=\"Anatomie de la peau \u00a9 Andrea Danti\" width=\"32\">  Anatomie de la peau \u00a9 Andrea Danti<\/p><p><img decoding=\"async\" class=\"miniatur-bild-5\" src=\"https:\/\/www.yuveo.de\/bilder\/urheber\/110_F_8942804_HBLx5R68HRYyG37hL2INGw8xWKjy1JU8.jpg\" alt=\"pregnancy \u00a9 Andriy Bezuglov\" width=\"5%\">  pregnancy \u00a9 Andriy Bezuglov<\/p><p><img decoding=\"async\" class=\"miniatur-bild-5\" src=\"https:\/\/www.yuveo.de\/bilder\/urheber\/110_F_4583315_xwRxN7a7dzETLkLUoM8zKTvk9Hwdwmnj.jpg\" alt=\"Femmes beaut\u00e9 l\u00e8vres close-up\">  Femmes l\u00e8vres de beaut\u00e9 close-up \u00a9 Valua<\/p><p><img decoding=\"async\" class=\"miniatur-bild-5\" src=\"https:\/\/www.yuveo.de\/bilder\/urheber\/110_F_11864956_I0cQwL4n8LIXvLCX3mI9dtb433cqvXT4.jpg\" alt=\"portrait de jeune adulte s\u00e9duisant\">  portrait of attractive young adult \u00a9 Anton Zabielskyi<\/p><p><img loading=\"lazy\" decoding=\"async\" class=\"miniatur-bild-5\" src=\"https:\/\/www.yuveo.de\/bilder\/urheber\/110_F_11983657_wKijtUDvt9XjJm09EyFUO3NXcWGDHLH4.jpg\" alt=\"femme sur blanc\" width=\"109\" height=\"73\">  femme sur blanc \u00a9 Anton Zabielskyi<\/p><p><img loading=\"lazy\" decoding=\"async\" class=\"miniatur-bild-5\" src=\"https:\/\/www.yuveo.de\/bilder\/urheber\/110_F_11865699_CgfYgN1NoLUmvfyfWw2oHttsm0GgrUbu.jpg\" alt=\"gros plan sur le visage d'une femme\" width=\"73\" height=\"109\">  gros plan sur le visage d&rsquo;une femme \u00a9 Anton Zabielskyi<\/p><p><img loading=\"lazy\" decoding=\"async\" class=\"miniatur-bild-5\" src=\"https:\/\/www.yuveo.de\/bilder\/urheber\/110_F_6458979_pID0yg5jQcMf5VxOMSDQ8G2p7wIUzgoe.jpg\" alt=\"Business, id\u00e9e, cr\u00e9ativit\u00e9\" width=\"110\" height=\"78\">  Business, id\u00e9e, cr\u00e9ativit\u00e9 \u00a9 sk_design<\/p><p><img loading=\"lazy\" decoding=\"async\" class=\"miniatur-bild-5\" src=\"https:\/\/www.yuveo.de\/bilder\/urheber\/110_F_12462950_rXIHzEgZeCAaTkR2SjEtpfErVo0CsULZ.jpg\" alt=\"Bursa Olecrani \u00a9 Cygnea\" width=\"110\" height=\"101\">  Bursa Olecrani \u00a9 Cygnea<\/p><p><img decoding=\"async\" class=\"miniatur-bild-5\" src=\"https:\/\/www.yuveo.de\/bilder\/urheber\/110_F_6755298_O8IKNLW53ketBh3HMqaA2TTQMO9yUtei.jpg\" alt=\"Black Ants dans diff\u00e9rentes positions\">  Black Ants dans diff\u00e9rentes positions \u00a9 Aania<\/p><p><img decoding=\"async\" class=\"miniatur-bild-5\" src=\"https:\/\/www.yuveo.de\/bilder\/urheber\/110_F_9428051_htHNYUst28hbH4uhsa0jEG4KuVbxPE2x.jpg\" alt=\"Profil de visage f\u00e9minin avec yeux ferm\u00e9s et maquillage\">  Profil de visage f\u00e9minin avec yeux ferm\u00e9s et maquillage \u00a9 chagin<\/p><p><img decoding=\"async\" class=\"miniatur-bild-5\" src=\"https:\/\/www.yuveo.de\/bilder\/urheber\/110_F_717132_tq5yVNGRS8N2QEtHxyrOYikuRTiS7V.jpg\" alt=\"teddy goes to bed\">  teddy goes to bed \u00a9 Eric Gevaert<\/p><p><img decoding=\"async\" class=\"miniatur-bild-5\" src=\"https:\/\/www.yuveo.de\/bilder\/urheber\/110_F_5455422_iGNbF3HbHtuxPzlMPnYeb6ne67fQ5l8d.jpg\" alt=\"Homme nu marche d'avant en arri\u00e8re sur blanc isol\u00e9\">  Homme nu marche d&rsquo;avant en arri\u00e8re sur du blanc \u00a9 unpict<\/p><p><img loading=\"lazy\" decoding=\"async\" class=\"miniatur-bild-5\" src=\"https:\/\/www.yuveo.de\/bilder\/urheber\/110_F_8120001_kQsKxljdCpgq46DhCy9o62VXAQxHUE95.jpg\" alt=\"poitrine\" width=\"110\" height=\"73\">  breast \u00a9 olly<\/p><p><img loading=\"lazy\" decoding=\"async\" class=\"miniatur-bild-5\" src=\"https:\/\/www.yuveo.de\/bilder\/urheber\/110_F_5951462_1O0yTaNsJjYtY77wKwFR3FQLmlSqU5mM.jpg\" alt=\"image classique de longues jambes dans des culottes de bikini blanches\" width=\"76\" height=\"110\">  Lev Dolgatshjov<\/p><p><img loading=\"lazy\" decoding=\"async\" class=\"miniatur-bild-5\" src=\"https:\/\/www.yuveo.de\/bilder\/urheber\/110_F_854539_r6YnscDaB30bLhoXPeNcLExBQ16hnW.jpg\" alt=\"plan du site\" width=\"110\" height=\"73\">  plan du site \u00a9 drizzd<\/p><p><img loading=\"lazy\" decoding=\"async\" class=\"miniatur-bild-5\" src=\"https:\/\/www.yuveo.de\/bilder\/urheber\/110_F_2305727_UDjFYqeJ6G4E1CzI5F3hsAyGZMfKdQ.jpg\" alt=\"empreinte digitale\" width=\"110\" height=\"73\">  empreinte digitale \u00a9 Michael Kempf<\/p><p><img loading=\"lazy\" decoding=\"async\" class=\"miniatur-bild-5\" src=\"https:\/\/www.yuveo.de\/bilder\/urheber\/110_F_55685817_JpWJoDk2zoxpGxJ8tECSPvLnDYVkV0Te.jpg\" alt=\"empreinte digitale\" width=\"93\" height=\"110\">  Valua Vitaly<\/p><p><img loading=\"lazy\" decoding=\"async\" class=\"miniatur-bild-5\" src=\"https:\/\/www.yuveo.de\/bilder\/urheber\/110_F_8218560_WydE3howj3uj6KRzcAG9KlbfSGOI9k0V.jpg\" alt=\"Couple \u00e0 la plage s'embrassant et souriant\" width=\"109\" height=\"73\">  Couple \u00e0 la plage s&#8217;embrassant et souriant \u00a9 Monkey Business<\/p><p><img loading=\"lazy\" decoding=\"async\" class=\"miniatur-bild-5\" src=\"https:\/\/www.yuveo.de\/bilder\/urheber\/110_F_2516546_8moxcHZsXqVnx7H55kuZs2BUd6PisX.jpg\" alt=\"vaccination\" width=\"110\" height=\"86\">  vaccination \u00a9 James Steidl<\/p><p><img loading=\"lazy\" decoding=\"async\" class=\"miniatur-bild-5\" src=\"https:\/\/www.yuveo.de\/bilder\/urheber\/110_F_55813783_0QMUTABDg3TRPjnAZ2agOmS2YiBURzOH.jpg\" alt=\"vaccination\" width=\"110\" height=\"110\">  \u00a9 Syda Productions<\/p><p><img loading=\"lazy\" decoding=\"async\" class=\"miniatur-bild-5\" src=\"https:\/\/www.yuveo.de\/bilder\/urheber\/110_F_8444955_4Phu86kTqMADHWVuVmRcGj99g2zS1SJw.jpg\" alt=\"Belle femme\" width=\"110\" height=\"73\">  Belle femme \u00a9 gajatz<\/p><p><img decoding=\"async\" class=\"miniatur-bild-5\" src=\"https:\/\/www.yuveo.de\/bilder\/urheber\/110_F_4783666_VDTIc2x5eX1Uht6EhIMN5JeiITiMGnOc.jpg\" alt=\"Boo, hiss to flab !\">  Boo, hiss to flab ! Kenneth Sponsler<\/p><p><img loading=\"lazy\" decoding=\"async\" class=\"miniatur-bild-5\" src=\"https:\/\/www.yuveo.de\/bilder\/urheber\/110_F_8247411_gYR6hb6LL4eeWH4L7qBEsJU6lTXiMa2s.jpg\" alt=\"plump lips\" width=\"110\" height=\"109\">  plump lips \u00a9 Bilyk Olena<\/p><p><img loading=\"lazy\" decoding=\"async\" class=\"miniatur-bild-5\" src=\"https:\/\/www.yuveo.de\/bilder\/urheber\/110_F_5467313_asnb5Jo7XV5d3tb9ESIc3TF6JSrf1aaR.jpg\" alt=\"Regard voluptueux d'une femme magnifique.\" width=\"73\" height=\"110\">  Regard voluptueux d&rsquo;une femme magnifique. \u00a9 starush<\/p><p><img loading=\"lazy\" decoding=\"async\" class=\"miniatur-bild-5\" src=\"https:\/\/www.yuveo.de\/bilder\/urheber\/110_F_2915618_nxBha6ph5STUVWXZ5SyqEkczrtGHIo.jpg\" alt=\"cover girl # 17b\" width=\"73\" height=\"110\">  cover girl \u00a9 Giorgio Gruizza<\/p><p><img loading=\"lazy\" decoding=\"async\" class=\"miniatur-bild-5\" src=\"https:\/\/www.yuveo.de\/bilder\/urheber\/110_F_55711373_IWLWLhVVNAJdFc3rJaBIlsyGQxxIRmoZ.jpg\" alt=\"cover girl # 17b\" width=\"78\" height=\"110\">  Artem Furman<\/p><p><img decoding=\"async\" class=\"miniatur-bild-5\" src=\"https:\/\/www.yuveo.de\/bilder\/urheber\/110_F_7164386_5C9nbFSU1ctIGCYSk6nHK72rRyVvUsiQ.jpg\" alt=\"Anatomie du corps humain masculin\">  Anatomie du corps humain masculin \u00a9 Chastity<\/p><p><img loading=\"lazy\" decoding=\"async\" class=\"miniatur-bild-5\" src=\"https:\/\/www.yuveo.de\/bilder\/urheber\/110_F_5891230_ml862PHmJ0mD4p1nwbD8GxMu119HaPxD.jpg\" alt=\"portrait d'homme \u00e0 la mode regardant loin dans la pens\u00e9e\" width=\"69\" height=\"110\">  fashion male portrait looking away deep in thought \u00a9 Andres Rodriguez<\/p><p><img loading=\"lazy\" decoding=\"async\" class=\"miniatur-bild-5\" src=\"https:\/\/www.yuveo.de\/bilder\/urheber\/110_F_8335391_OPuBssfD0VFfKmMckBWuTNlNbXcUzhgE.jpg\" alt=\"Half face (moiti\u00e9 de la face). Isol\u00e9 sur blanc\" width=\"110\" height=\"77\">  La moiti\u00e9 du visage. Isol\u00e9 sur blanc\u00a9 Solovieva Ekaterina <\/p><p><img loading=\"lazy\" decoding=\"async\" class=\"miniatur-bild-5\" src=\"https:\/\/www.yuveo.de\/bilder\/urheber\/110_F_4089858_ABRBJqBvLkbnAzHohGGzGWh6jBCnlV2l.jpg\" alt=\"portrait\" width=\"73\" height=\"110\">  portrait \u00a9 Coka<\/p><p><img loading=\"lazy\" decoding=\"async\" class=\"miniatur-bild-5\" src=\"https:\/\/www.yuveo.de\/bilder\/urheber\/110_F_319432_FR6yuDebuC9wtBd4MJGC8Rsg7vEfcP.jpg\" alt=\"seins #6\" width=\"73\" height=\"110\">  seins \u00a9 Forgiss<\/p><p><img loading=\"lazy\" decoding=\"async\" class=\"miniatur-bild-5\" src=\"https:\/\/www.yuveo.de\/bilder\/urheber\/110_F_3649473_GddyWTCtfTD2akCVxiP9AOR0A3xBJMoQ.jpg\" alt=\"Beau corps de femme - high key shot en studio\" width=\"73\" height=\"110\">  Beau corps de femme &#8211; prise de vue haute d\u00e9finition en studio \u00a9 Gabi Moisa<\/p><p><img loading=\"lazy\" decoding=\"async\" class=\"miniatur-bild-5\" src=\"https:\/\/www.yuveo.de\/bilder\/urheber\/110_F_3172001_eln2DbCaBvgm1TjKX4285BRBQ17aBZ.jpg\" alt=\"pecho_4951.\" width=\"110\" height=\"73\">  pecho_4951. Guillermo Gimenez<\/p><p><img loading=\"lazy\" decoding=\"async\" class=\"miniatur-bild-5\" src=\"https:\/\/www.yuveo.de\/bilder\/urheber\/110_F_1740149_8STzrFGHe2Pvn2u91FGiTD6mEyqDjc.jpg\" alt=\"body\" width=\"110\" height=\"84\">  corps \u00a9 gulnara khaliqova<\/p><p><img loading=\"lazy\" decoding=\"async\" class=\"miniatur-bild-5\" src=\"https:\/\/www.yuveo.de\/bilder\/urheber\/110_F_3649606_hVgtx85AMUkbTwVqCugoyNDnDA9H3Fnb.jpg\" alt=\"Femme pin\u00e7ant une jambe pour un test de pliage de la peau - prise de vue haute d\u00e9finition en studio\" width=\"73\" height=\"110\">  Woman pinching leg for skin fold test &#8211; high key shot in studio\u00a9 Gabi Moisa<\/p><p><img decoding=\"async\" class=\"miniatur-bild-5\" src=\"https:\/\/www.yuveo.de\/bilder\/urheber\/110_F_6678745_9Hv8Pws1iFnmKF4r1oK2R1OAQaB4UOrU.jpg\" alt=\"Forme et beaut\u00e9\">  Shape and beauty\u00a9 Dash<\/p><p><img loading=\"lazy\" decoding=\"async\" class=\"miniatur-bild-5\" src=\"https:\/\/www.yuveo.de\/bilder\/urheber\/110_F_1740156_XZaoCDEFld16UVW2unJphZ5xqDEk8r.jpg\" alt=\"body\" width=\"110\" height=\"82\">  corps \u00a9 gulnara khaliqova<\/p><p><img loading=\"lazy\" decoding=\"async\" class=\"miniatur-bild-5\" src=\"https:\/\/www.yuveo.de\/bilder\/urheber\/110_F_464398_gtLb7Dbq5YnX4fhvJLsKijTjxLs7Sh.jpg\" alt=\"doigt sur les l\u00e8vres\" width=\"72\" height=\"110\">  doigt sur les l\u00e8vres \u00a9 Philip Date<\/p><p><img loading=\"lazy\" decoding=\"async\" class=\"miniatur-bild-5\" src=\"https:\/\/www.yuveo.de\/bilder\/urheber\/110_F_1452964_G4F7Dk8NPZbU9tm9Y4xLrFHwKLN3Io.jpg\" alt=\"protection\" width=\"110\" height=\"73\">  protection \u00a9 Claus Mikosch<\/p><p><img loading=\"lazy\" decoding=\"async\" class=\"miniatur-bild-5\" src=\"https:\/\/www.yuveo.de\/bilder\/urheber\/110_F_4889767_YBINghoKHXQK7rjSZhJBKtxA2IoEfi64.jpg\" alt=\"Beau visage de femme\" width=\"83\" height=\"110\">  Beau visage de femme \u00a9 Kurhan<\/p><p><img loading=\"lazy\" decoding=\"async\" class=\"miniatur-bild-5\" src=\"https:\/\/www.yuveo.de\/bilder\/urheber\/110_F_650867_rJpyvDfSuC0Wyli0JkYznFB7QMKl4M.jpg\" alt=\"profil\" width=\"73\" height=\"110\">  profil\u00a9 Franz Pfluegl<\/p><p><img loading=\"lazy\" decoding=\"async\" class=\"miniatur-bild-5\" src=\"https:\/\/www.yuveo.de\/bilder\/urheber\/110_F_8385808_BzNIWfUaWDgdOJAcvxr9BOkT4pw69eRB.jpg\" alt=\"Fille regardant un espace vide - Portrait rapproch\u00e9 d'une belle f\" width=\"73\" height=\"110\">  Girl looking at blank space &#8211; Portrait rapproch\u00e9 d&rsquo;un beau visage \u00a9 Solovieva Ekaterina<\/p><p><img loading=\"lazy\" decoding=\"async\" class=\"miniatur-bild-5\" src=\"https:\/\/www.yuveo.de\/bilder\/urheber\/110_F_8386105_T034i5MbU0hVX16rr5nZ0pdjHlLKcsCw.jpg\" alt=\"Fille regardant un espace vide - Portrait rapproch\u00e9 d'une belle f\" width=\"110\" height=\"73\">  Girl looking at blank space &#8211; Close up portrait of a beautiful face\u00a9 Solovieva Ekaterina<\/p><p><img loading=\"lazy\" decoding=\"async\" class=\"miniatur-bild-5\" src=\"https:\/\/www.yuveo.de\/bilder\/urheber\/110_F_6164349_Um8Yy0wZ00yXVUkzkOzyGK7zqUXdoHC9.jpg\" alt=\"nu 81\" width=\"74\" height=\"110\">  nude \u00a9 olly<\/p><p><img loading=\"lazy\" decoding=\"async\" class=\"miniatur-bild-5\" src=\"https:\/\/www.yuveo.de\/bilder\/urheber\/110_F_6281014_FAgbAmnEyQ4iM8tLrCuugTjM6fvVU5sa.jpg\" alt=\"nu 259\" width=\"110\" height=\"73\">  nu \u00a9 olly<\/p><p><img loading=\"lazy\" decoding=\"async\" class=\"miniatur-bild-5\" src=\"https:\/\/www.yuveo.de\/bilder\/urheber\/110_F_6673470_zuvJmamb76VHapRMAfpPequ8AHAiT2TJ.jpg\" alt=\"Femme corps nu\" width=\"73\" height=\"110\">  Femme corps nu \u00a9 guillaume de shutterstock.com<\/p><p><img loading=\"lazy\" decoding=\"async\" class=\"alignnone size-thumbnail wp-image-30550\" src=\"https:\/\/www.yuveo.de\/wp-content\/uploads\/2021\/04\/falten-behandlung-150x150.jpg\" alt=\"traitement des rides\" width=\"150\" height=\"150\" srcset=\"https:\/\/www.yuveo.de\/wp-content\/uploads\/2021\/04\/falten-behandlung-150x150.jpg 150w, https:\/\/www.yuveo.de\/wp-content\/uploads\/2021\/04\/falten-behandlung-300x300.jpg 300w, https:\/\/www.yuveo.de\/wp-content\/uploads\/2021\/04\/falten-behandlung.jpg 700w\" sizes=\"(max-width: 150px) 100vw, 150px\" \/>  Veles Studio\/shutterstock.com<\/p><p><img loading=\"lazy\" decoding=\"async\" class=\"alignnone size-thumbnail wp-image-30524\" src=\"https:\/\/www.yuveo.de\/wp-content\/uploads\/2021\/04\/body-lifting-150x150.jpg\" alt=\"body-lifting\" width=\"150\" height=\"150\">  Master1305\/shutterstock.com<\/p><p><img loading=\"lazy\" decoding=\"async\" class=\"alignnone size-thumbnail wp-image-30502\" src=\"https:\/\/www.yuveo.de\/wp-content\/uploads\/2021\/04\/lipoedem-fettabsaugung-150x150.jpg\" alt=\"yuveo\" width=\"150\" height=\"150\">  SvetlanaFedoseyeva\/shutterstock.com<\/p><p><img loading=\"lazy\" decoding=\"async\" class=\"alignnone size-thumbnail wp-image-30384\" src=\"https:\/\/www.yuveo.de\/wp-content\/uploads\/2021\/04\/vaginal-straffung-150x150.jpg\" alt=\"lifting vaginal\" width=\"150\" height=\"150\">  Vibrant Image Studio\/shutterstock.com<\/p><p><img loading=\"lazy\" decoding=\"async\" class=\"alignnone size-thumbnail wp-image-30383\" src=\"https:\/\/www.yuveo.de\/wp-content\/uploads\/2021\/04\/intimchirurgie-150x150.jpg\" alt=\"chirurgie intime\" width=\"150\" height=\"150\">  Den Rise\/shutterstock.com<\/p><p><img loading=\"lazy\" decoding=\"async\" class=\"alignnone size-thumbnail wp-image-30370\" src=\"https:\/\/www.yuveo.de\/wp-content\/uploads\/2021\/04\/po-korrektur-150x150.jpg\" alt=\"yuveo\" width=\"150\" height=\"150\">  B-D-S Piotr Marcinski\/shutterstock.com<\/p><p><img loading=\"lazy\" decoding=\"async\" class=\"alignnone size-thumbnail wp-image-30346\" src=\"https:\/\/www.yuveo.de\/wp-content\/uploads\/2021\/04\/brustvergroesserung-150x150.jpg\" alt=\"yuveo\" width=\"150\" height=\"150\">  Lomonosov Alex\/shutterstock.com<\/p><p><img loading=\"lazy\" decoding=\"async\" class=\"alignnone size-thumbnail wp-image-30338\" src=\"https:\/\/www.yuveo.de\/wp-content\/uploads\/2021\/04\/brust-op-150x150.jpg\" alt=\"chirurgie du sein\" width=\"150\" height=\"150\" srcset=\"https:\/\/www.yuveo.de\/wp-content\/uploads\/2021\/04\/brust-op-150x150.jpg 150w, https:\/\/www.yuveo.de\/wp-content\/uploads\/2021\/04\/brust-op-300x297.jpg 300w, https:\/\/www.yuveo.de\/wp-content\/uploads\/2021\/04\/brust-op.jpg 700w\" sizes=\"(max-width: 150px) 100vw, 150px\" \/>  Master1305\/shutterstock.com<\/p><p><img loading=\"lazy\" decoding=\"async\" class=\"alignnone size-thumbnail wp-image-30964\" src=\"https:\/\/www.yuveo.de\/wp-content\/uploads\/2021\/04\/header015-150x150.jpg\" alt=\"Couple heureux, clinique Yuveo\" width=\"150\" height=\"150\">  \u00a9wavebreakmedia, shutterstock.com<\/p><p>Jeune homme, th\u00e8me : augmentation esth\u00e9tique des testicules : \u00a9ridofranz, depositphotos.com<\/p><p>Couple \u00e2g\u00e9, th\u00e8me : augmentation esth\u00e9tique des testicules : \u00a9monkeybusiness, depositphotos.com<\/p><p>Jeune couple, sujet des implants testiculaires : Copyright : Dean Dobrot, shutterstock.com<\/p><p>Sujet : Implant frontal : jeune famille Copyright : Shift Drive, shutterstock.com<\/p><p>Jeune homme, front fuyant : \u00a9deagreez1, depositphotos.com<\/p><p>Jeune homme, implant de la goutti\u00e8re lacrymale : \u00a9feedough, depositphotos.com<\/p><p>Jeune homme : Implant occipital : \u00a9IgorVetushko, depositphotos.com<\/p><p>Implant occipital : \u00a9Synthes.com<\/p><p>Simulation 3D d&rsquo;un implant mandibulaire : \u00a9Synthes.com<\/p><p>Correction du sein en entonnoir:\u00a9Egoitzbengoetxea, depositphotos.com<\/p><p>Deep Plane Facelifting : pr\u00e9paration de l&rsquo;op\u00e9ration : \u00a9michaeljung, depositphotos.com ; incision OP : \u00a9AVOCADO_FAM, depositphotos.com<\/p>\t\t\t\t\t\t\t\t<\/div>\n\t\t\t\t<\/div>\n\t\t\t\t\t<\/div>\n\t\t<\/div>\n\t\t\t\t\t<\/div>\n\t\t<\/section>\n\t\t\t\t<\/div>\n\t\t","protected":false},"excerpt":{"rendered":"<p>Vous trouverez ici la liste des images achet\u00e9es sur la page d&rsquo;accueil. de fotolia.com : \u00a9 Leda_d Lexique\u00a9 by-studio Actualit\u00e9s RSS \u00a9 Scott Maxwell eye of needle \u00a9 Mikael Damkier here is my number&#8230;. \u00a9 Yuri Arcurs Anatomie musculaire \u00a9 Don Walker Grandparent et fille \u00a9 Yuri Arcurs bras muscl\u00e9 \u00a9 hakan \u00e7orbaci Tatouage tribal [&hellip;]<\/p>\n","protected":false},"author":1,"featured_media":0,"parent":0,"menu_order":0,"comment_status":"closed","ping_status":"closed","template":"","meta":{"_acf_changed":false,"footnotes":""},"class_list":["post-40245","page","type-page","status-publish","hentry"],"acf":[],"_links":{"self":[{"href":"https:\/\/www.yuveo.de\/fr\/wp-json\/wp\/v2\/pages\/40245","targetHints":{"allow":["GET"]}}],"collection":[{"href":"https:\/\/www.yuveo.de\/fr\/wp-json\/wp\/v2\/pages"}],"about":[{"href":"https:\/\/www.yuveo.de\/fr\/wp-json\/wp\/v2\/types\/page"}],"author":[{"embeddable":true,"href":"https:\/\/www.yuveo.de\/fr\/wp-json\/wp\/v2\/users\/1"}],"replies":[{"embeddable":true,"href":"https:\/\/www.yuveo.de\/fr\/wp-json\/wp\/v2\/comments?post=40245"}],"version-history":[{"count":2,"href":"https:\/\/www.yuveo.de\/fr\/wp-json\/wp\/v2\/pages\/40245\/revisions"}],"predecessor-version":[{"id":41636,"href":"https:\/\/www.yuveo.de\/fr\/wp-json\/wp\/v2\/pages\/40245\/revisions\/41636"}],"wp:attachment":[{"href":"https:\/\/www.yuveo.de\/fr\/wp-json\/wp\/v2\/media?parent=40245"}],"curies":[{"name":"wp","href":"https:\/\/api.w.org\/{rel}","templated":true}]}}